{"id":2126,"date":"2023-04-13T15:59:23","date_gmt":"2023-04-13T15:59:23","guid":{"rendered":"https:\/\/www.servitechenergie.com\/?page_id=2126"},"modified":"2023-04-16T20:35:21","modified_gmt":"2023-04-16T20:35:21","slug":"burner-technology","status":"publish","type":"page","link":"https:\/\/www.servitechenergie.com\/en\/burner-technology\/","title":{"rendered":"Burner Technology"},"content":{"rendered":"\n<div id=\"metaslider-id-2124\" style=\"width: 100%;\" class=\"ml-slider-3-70-2 metaslider metaslider-flex metaslider-2124 ml-slider main-slide home ms-theme-default\" role=\"region\" aria-roledescription=\"Slideshow\" aria-label=\"Burner Technology\">\n    <div id=\"metaslider_container_2124\">\n        <div id=\"metaslider_2124\">\n            <ul aria-live=\"polite\" class=\"slides\">\n                <li style=\"display: block; width: 100%;\" class=\"slide-2125 ms-image \" aria-roledescription=\"slide\" aria-label=\"slide-2125\"><img loading=\"lazy\" decoding=\"async\" width=\"1920\" height=\"800\" src=\"https:\/\/www.servitechenergie.com\/wp-content\/uploads\/2023\/04\/SIM-23-226-LandingWeishaupt_1920x800.jpg\" class=\"slider-2124 slide-2125\" alt=\"\" rel=\"\" title=\"Landing-Weishaupt_1920x800\" srcset=\"https:\/\/www.servitechenergie.com\/wp-content\/uploads\/2023\/04\/SIM-23-226-LandingWeishaupt_1920x800.jpg 1920w, https:\/\/www.servitechenergie.com\/wp-content\/uploads\/2023\/04\/SIM-23-226-LandingWeishaupt_1920x800-720x300.jpg 720w, https:\/\/www.servitechenergie.com\/wp-content\/uploads\/2023\/04\/SIM-23-226-LandingWeishaupt_1920x800-1110x463.jpg 1110w, https:\/\/www.servitechenergie.com\/wp-content\/uploads\/2023\/04\/SIM-23-226-LandingWeishaupt_1920x800-768x320.jpg 768w, https:\/\/www.servitechenergie.com\/wp-content\/uploads\/2023\/04\/SIM-23-226-LandingWeishaupt_1920x800-1536x640.jpg 1536w\" sizes=\"auto, (max-width: 1920px) 100vw, 1920px\" \/><div class=\"caption-wrap\"><div class=\"caption\"><div class=\"caption-text\">\n\t<div class=\"container-fluid\">\n\t\t<div class=\"row\">\n\t\t\t<div class=\"col-xl-12\">\n\t\t\t\t<h1>High efficiency burners and combustion systems<\/h1>\n\t\t\t<\/div>\n\t\t<\/div>\n\t<\/div>\t\n<\/div><\/div><\/div><\/li>\n            <\/ul>\n        <\/div>\n        \n    <\/div>\n<\/div>\n<div class=\"row mt-5\">\n<div class=\"col-sm-8 mx-auto\">\n<h2 style=\"text-align: center;\">Working with top-of-the line international combustion systems manufacturers<br><br><\/h2>\n<p style=\"text-align: center;\">Access the most technically advanced modern burners on the market. With our extensive knowledge in combustion (both liquid and gaseous fuels), we can offer burner technology that ranges from 12 kW to 90 MW for several different types of boilers and applications. Our boiler experts not only have the necessary skills to replace and repair your burners at all times, but also to help you select the best one to meet your operational needs.<\/p>\n<p>&nbsp;<\/p>\n<h2 style=\"text-align: center;\">Make the most of your combustion systems with Weishaupt industrial burners<\/h2>\n<div class=\"d-flex justify-content-center align-items-start text-center mb-5\" style=\"gap: 24px;\">\n<div class=\"d-flex flex-column align-self-stretch\" style=\"flex-basis: 300px;\">\n<h2 style=\"flex-grow: 1;\">Compact burners<\/h2>\n<p><img loading=\"lazy\" decoding=\"async\" class=\"alignnone size-medium wp-image-2135\" src=\"https:\/\/www.servitechenergie.com\/wp-content\/uploads\/2023\/04\/Weishaupt-compact-burner_fondgris_1600x1600.jpg\" alt=\"\" width=\"300\" height=\"300\"><\/p>\n<p><a href=\"https:\/\/www.weishaupt-corp.com\/products\/burners#tab-578-1\/\" target=\"_blank\" rel=\"noopener\">Learn more<\/a><\/p>\n<\/div>\n<div class=\"d-flex flex-column align-self-stretch\" style=\"flex-basis: 300px;\">\n<h2 style=\"flex-grow: 1;\">Medium-sized and large burners<\/h2>\n<p><img loading=\"lazy\" decoding=\"async\" class=\"alignnone size-medium wp-image-2133\" src=\"https:\/\/www.servitechenergie.com\/wp-content\/uploads\/2023\/04\/Weishaupt-burner_fondgris_1600x1600.jpg\" alt=\"\" width=\"300\" height=\"300\"><\/p>\n<p><a href=\"https:\/\/www.weishaupt-corp.com\/products\/burners#tab-578-2\/\" target=\"_blank\" rel=\"noopener\">Learn more<\/a><\/p>\n<\/div>\n<\/div>\n<div class=\"col-lg-10 mx-auto\">\n<p class=\"text-center\"><a class=\"btn btn-primary cta mb-5\" href=\"\/en\/contact\">Service request 24\/7<\/a><\/p>\n<\/div>\n<\/div>\n<\/div>\n\n\n","protected":false},"excerpt":{"rendered":"Working with top-of-the line international combustion systems manufacturers Access the most technically advanced modern burners on the market. With our extensive knowledge in combustion (both liquid and gaseous fuels), we can offer burner technology that ranges from 12 kW to 90 MW for several different types of boilers and applications. Our boiler experts not only [&hellip;]","protected":false},"author":2,"featured_media":0,"parent":0,"menu_order":0,"comment_status":"closed","ping_status":"closed","template":"fullwidth.php","meta":{"footnotes":""},"categories":[],"tags":[],"class_list":["post-2126","page","type-page","status-publish","hentry"],"yoast_head":"<!-- This site is optimized with the Yoast SEO plugin v22.6 - https:\/\/yoast.com\/wordpress\/plugins\/seo\/ -->\n<title>Quebec, Industrial Combustion Burner Replacement and Repairs | Simoneau Servitech<\/title>\n<meta name=\"description\" content=\"Trust our combustion experts in helping you choose the most advanced combustion equipment or repair and even upgrade your current burners.\" \/>\n<meta name=\"robots\" content=\"index, follow, max-snippet:-1, max-image-preview:large, max-video-preview:-1\" \/>\n<link rel=\"canonical\" href=\"https:\/\/www.servitechenergie.com\/en\/burner-technology\/\" \/>\n<meta property=\"og:locale\" content=\"en_US\" \/>\n<meta property=\"og:type\" content=\"article\" \/>\n<meta property=\"og:title\" content=\"Quebec, Industrial Combustion Burner Replacement and Repairs | Simoneau Servitech\" \/>\n<meta property=\"og:description\" content=\"Trust our combustion experts in helping you choose the most advanced combustion equipment or repair and even upgrade your current burners.\" \/>\n<meta property=\"og:url\" content=\"https:\/\/www.servitechenergie.com\/en\/burner-technology\/\" \/>\n<meta property=\"og:site_name\" content=\"Servitech \u00c9nergie\" \/>\n<meta property=\"article:modified_time\" content=\"2023-04-16T20:35:21+00:00\" \/>\n<meta property=\"og:image\" content=\"https:\/\/www.servitechenergie.com\/wp-content\/uploads\/2023\/04\/Weishaupt-compact-burner_fondgris_1600x1600.jpg\" \/>\n<meta name=\"twitter:card\" content=\"summary_large_image\" \/>\n<meta name=\"twitter:label1\" content=\"Est. reading time\" \/>\n\t<meta name=\"twitter:data1\" content=\"1 minute\" \/>\n<script type=\"application\/ld+json\" class=\"yoast-schema-graph\">{\"@context\":\"https:\/\/schema.org\",\"@graph\":[{\"@type\":\"WebPage\",\"@id\":\"https:\/\/www.servitechenergie.com\/en\/burner-technology\/\",\"url\":\"https:\/\/www.servitechenergie.com\/en\/burner-technology\/\",\"name\":\"Quebec, Industrial Combustion Burner Replacement and Repairs | Simoneau Servitech\",\"isPartOf\":{\"@id\":\"https:\/\/www.servitechenergie.com\/#website\"},\"primaryImageOfPage\":{\"@id\":\"https:\/\/www.servitechenergie.com\/en\/burner-technology\/#primaryimage\"},\"image\":{\"@id\":\"https:\/\/www.servitechenergie.com\/en\/burner-technology\/#primaryimage\"},\"thumbnailUrl\":\"https:\/\/www.servitechenergie.com\/wp-content\/uploads\/2023\/04\/Weishaupt-compact-burner_fondgris_1600x1600.jpg\",\"datePublished\":\"2023-04-13T15:59:23+00:00\",\"dateModified\":\"2023-04-16T20:35:21+00:00\",\"description\":\"Trust our combustion experts in helping you choose the most advanced combustion equipment or repair and even upgrade your current burners.\",\"breadcrumb\":{\"@id\":\"https:\/\/www.servitechenergie.com\/en\/burner-technology\/#breadcrumb\"},\"inLanguage\":\"en-US\",\"potentialAction\":[{\"@type\":\"ReadAction\",\"target\":[\"https:\/\/www.servitechenergie.com\/en\/burner-technology\/\"]}]},{\"@type\":\"ImageObject\",\"inLanguage\":\"en-US\",\"@id\":\"https:\/\/www.servitechenergie.com\/en\/burner-technology\/#primaryimage\",\"url\":\"https:\/\/www.servitechenergie.com\/wp-content\/uploads\/2023\/04\/Weishaupt-compact-burner_fondgris_1600x1600.jpg\",\"contentUrl\":\"https:\/\/www.servitechenergie.com\/wp-content\/uploads\/2023\/04\/Weishaupt-compact-burner_fondgris_1600x1600.jpg\"},{\"@type\":\"BreadcrumbList\",\"@id\":\"https:\/\/www.servitechenergie.com\/en\/burner-technology\/#breadcrumb\",\"itemListElement\":[{\"@type\":\"ListItem\",\"position\":1,\"name\":\"Accueil\",\"item\":\"https:\/\/www.servitechenergie.com\/en\/\"},{\"@type\":\"ListItem\",\"position\":2,\"name\":\"Burner Technology\"}]},{\"@type\":\"WebSite\",\"@id\":\"https:\/\/www.servitechenergie.com\/#website\",\"url\":\"https:\/\/www.servitechenergie.com\/\",\"name\":\"Servitech \u00c9nergie\",\"description\":\"Pour une performance \u00e9nerg\u00e9tique sans interruption\",\"potentialAction\":[{\"@type\":\"SearchAction\",\"target\":{\"@type\":\"EntryPoint\",\"urlTemplate\":\"https:\/\/www.servitechenergie.com\/?s={search_term_string}\"},\"query-input\":\"required name=search_term_string\"}],\"inLanguage\":\"en-US\"}]}<\/script>\n<!-- \/ Yoast SEO plugin. -->","yoast_head_json":{"title":"Quebec, Industrial Combustion Burner Replacement and Repairs | Simoneau Servitech","description":"Trust our combustion experts in helping you choose the most advanced combustion equipment or repair and even upgrade your current burners.","robots":{"index":"index","follow":"follow","max-snippet":"max-snippet:-1","max-image-preview":"max-image-preview:large","max-video-preview":"max-video-preview:-1"},"canonical":"https:\/\/www.servitechenergie.com\/en\/burner-technology\/","og_locale":"en_US","og_type":"article","og_title":"Quebec, Industrial Combustion Burner Replacement and Repairs | Simoneau Servitech","og_description":"Trust our combustion experts in helping you choose the most advanced combustion equipment or repair and even upgrade your current burners.","og_url":"https:\/\/www.servitechenergie.com\/en\/burner-technology\/","og_site_name":"Servitech \u00c9nergie","article_modified_time":"2023-04-16T20:35:21+00:00","og_image":[{"url":"https:\/\/www.servitechenergie.com\/wp-content\/uploads\/2023\/04\/Weishaupt-compact-burner_fondgris_1600x1600.jpg"}],"twitter_card":"summary_large_image","twitter_misc":{"Est. reading time":"1 minute"},"schema":{"@context":"https:\/\/schema.org","@graph":[{"@type":"WebPage","@id":"https:\/\/www.servitechenergie.com\/en\/burner-technology\/","url":"https:\/\/www.servitechenergie.com\/en\/burner-technology\/","name":"Quebec, Industrial Combustion Burner Replacement and Repairs | Simoneau Servitech","isPartOf":{"@id":"https:\/\/www.servitechenergie.com\/#website"},"primaryImageOfPage":{"@id":"https:\/\/www.servitechenergie.com\/en\/burner-technology\/#primaryimage"},"image":{"@id":"https:\/\/www.servitechenergie.com\/en\/burner-technology\/#primaryimage"},"thumbnailUrl":"https:\/\/www.servitechenergie.com\/wp-content\/uploads\/2023\/04\/Weishaupt-compact-burner_fondgris_1600x1600.jpg","datePublished":"2023-04-13T15:59:23+00:00","dateModified":"2023-04-16T20:35:21+00:00","description":"Trust our combustion experts in helping you choose the most advanced combustion equipment or repair and even upgrade your current burners.","breadcrumb":{"@id":"https:\/\/www.servitechenergie.com\/en\/burner-technology\/#breadcrumb"},"inLanguage":"en-US","potentialAction":[{"@type":"ReadAction","target":["https:\/\/www.servitechenergie.com\/en\/burner-technology\/"]}]},{"@type":"ImageObject","inLanguage":"en-US","@id":"https:\/\/www.servitechenergie.com\/en\/burner-technology\/#primaryimage","url":"https:\/\/www.servitechenergie.com\/wp-content\/uploads\/2023\/04\/Weishaupt-compact-burner_fondgris_1600x1600.jpg","contentUrl":"https:\/\/www.servitechenergie.com\/wp-content\/uploads\/2023\/04\/Weishaupt-compact-burner_fondgris_1600x1600.jpg"},{"@type":"BreadcrumbList","@id":"https:\/\/www.servitechenergie.com\/en\/burner-technology\/#breadcrumb","itemListElement":[{"@type":"ListItem","position":1,"name":"Accueil","item":"https:\/\/www.servitechenergie.com\/en\/"},{"@type":"ListItem","position":2,"name":"Burner Technology"}]},{"@type":"WebSite","@id":"https:\/\/www.servitechenergie.com\/#website","url":"https:\/\/www.servitechenergie.com\/","name":"Servitech \u00c9nergie","description":"Pour une performance \u00e9nerg\u00e9tique sans interruption","potentialAction":[{"@type":"SearchAction","target":{"@type":"EntryPoint","urlTemplate":"https:\/\/www.servitechenergie.com\/?s={search_term_string}"},"query-input":"required name=search_term_string"}],"inLanguage":"en-US"}]}},"_links":{"self":[{"href":"https:\/\/www.servitechenergie.com\/en\/wp-json\/wp\/v2\/pages\/2126","targetHints":{"allow":["GET"]}}],"collection":[{"href":"https:\/\/www.servitechenergie.com\/en\/wp-json\/wp\/v2\/pages"}],"about":[{"href":"https:\/\/www.servitechenergie.com\/en\/wp-json\/wp\/v2\/types\/page"}],"author":[{"embeddable":true,"href":"https:\/\/www.servitechenergie.com\/en\/wp-json\/wp\/v2\/users\/2"}],"replies":[{"embeddable":true,"href":"https:\/\/www.servitechenergie.com\/en\/wp-json\/wp\/v2\/comments?post=2126"}],"version-history":[{"count":44,"href":"https:\/\/www.servitechenergie.com\/en\/wp-json\/wp\/v2\/pages\/2126\/revisions"}],"predecessor-version":[{"id":2235,"href":"https:\/\/www.servitechenergie.com\/en\/wp-json\/wp\/v2\/pages\/2126\/revisions\/2235"}],"wp:attachment":[{"href":"https:\/\/www.servitechenergie.com\/en\/wp-json\/wp\/v2\/media?parent=2126"}],"wp:term":[{"taxonomy":"category","embeddable":true,"href":"https:\/\/www.servitechenergie.com\/en\/wp-json\/wp\/v2\/categories?post=2126"},{"taxonomy":"post_tag","embeddable":true,"href":"https:\/\/www.servitechenergie.com\/en\/wp-json\/wp\/v2\/tags?post=2126"}],"curies":[{"name":"wp","href":"https:\/\/api.w.org\/{rel}","templated":true}]}}