{"id":1391,"date":"2019-02-24T18:58:38","date_gmt":"2019-02-24T18:58:38","guid":{"rendered":"https:\/\/www.servitechenergie.com\/?page_id=1391"},"modified":"2019-03-09T01:43:19","modified_gmt":"2019-03-09T01:43:19","slug":"miniature-cameras-inspection","status":"publish","type":"page","link":"https:\/\/www.servitechenergie.com\/en\/miniature-cameras-inspection\/","title":{"rendered":"Inspection using miniature cameras"},"content":{"rendered":"<div class=\"master-wrapper\">\r\n   <div class=\"double-slides\">\r\n      <div class=\"row\">\r\n         <div class=\"col-sm-6 no-padding-right\">\r\n            <div id=\"inaccessible\" class=\"slide active\">\r\n               <h2>See the inaccessible<\/h2>\r\n               <img decoding=\"async\" src=\"\/wp-content\/uploads\/2019\/02\/oxidation.jpg\" \/>\r\n            <\/div>\r\n         <\/div>\r\n         <div class=\"col-sm-6 no-padding-left\">\r\n            <div id=\"inevitable\" class=\"slide\">\r\n               <h2>Plan the unpredictable<\/h2>\r\n               <img decoding=\"async\" src=\"\/wp-content\/uploads\/2019\/02\/stop.jpg\" \/>\r\n            <\/div>\r\n         <\/div>\r\n      <\/div>\r\n   <\/div>\r\n   <div class=\"main-content-wrapper tremcour\">\r\n      <div class=\"main-content active\">\r\n         <div class=\"row\">\r\n            <div class=\"col-sm-8 mx-auto\">\r\n               <h1>Visual camera inspection of boilers and boiler room equipment<\/h1>\r\n               <p>Avoid a service interruption or premature aging of your boiler room equipment. Our complete visual inspection service (without entering a confined space) can detect signs of oxidation, over-calcification or accumulation of substances that can affect your productivity or even the safety of your equipment. <\/p>\r\n               <h2>Visual technologies \/ Security \/ Data Transmission<\/h2>\r\n               <div class=\"row\">\r\n                  <div id=\"temperatures\" class=\"col-lg-3 service\">\r\n                     <div class=\"service-image\">\r\n                       <img decoding=\"async\" class=\"img-responsive has-retina\" src=\"\/wp-content\/themes\/servitech\/images\/icon-temperatures.png\" \/>\r\n                     <\/div>\r\n                     <p>Cameras resistant <span class=\"line-break desktop\">to flames and <\/span>extreme temperatures. <\/p>\r\n                  <\/div>\r\n                  <div id=\"security\" class=\"col-lg-3 service\">\r\n                    <div class=\"service-image\">\r\n                      <img decoding=\"async\" class=\"img-responsive has-retina\" src=\"\/wp-content\/themes\/servitech\/images\/icon-safe-intervention.png\" \/>\r\n                    <\/div>\r\n                     <p>A safe intervention by <span class=\"line-break desktop\">2 certified technicians.<\/span> <\/p>\r\n                  <\/div>\r\n                  <div id=\"data\" class=\"col-lg-3 service\">\r\n                    <div class=\"service-image\">\r\n                      <img decoding=\"async\" class=\"img-responsive has-retina\" src=\"\/wp-content\/themes\/servitech\/images\/icon-data-transmission.png\" \/>\r\n                    <\/div>\r\n                     <p>USB key data <span class=\"line-break desktop\">transmission or <\/span><span class=\"line-break desktop\">video copies.<\/span> <\/p>\r\n                  <\/div>\r\n                  <div id=\"service365\" class=\"col-lg-3 service\">\r\n                    <div class=\"service-image\">\r\n                      <img decoding=\"async\" class=\"img-responsive has-retina\" src=\"\/wp-content\/themes\/servitech\/images\/icon-service-365-days.png\" \/>\r\n                    <\/div>\r\n                     <p>24\/7 service, <span class=\"line-break desktop\">365 days a year.<\/span> <\/p>\r\n                  <\/div>\r\n               <\/div>\r\n            <\/div>\r\n         <\/div>\r\n         <div class=\"row\">\r\n            <div class=\"col-xs-7 mx-auto\">\r\n               <div class=\"separator\"><\/div>\r\n            <\/div>\r\n            <div class=\"col-sm-10 mx-auto\">\r\n               <h2>See our cameras in action<\/h2>\r\n               <div class=\"row\">\r\n                  <div class=\"col-sm-6\">\r\n                     <div class=\"embed-responsive embed-responsive-16by9\">\r\n                        <iframe class=\"embed-responsive-item\" src=\"https:\/\/www.youtube.com\/embed\/06CG132glJA\" allowfullscreen><\/iframe>\r\n                     <\/div>\r\n                  <\/div>\r\n                  <div class=\"col-sm-6\">\r\n                     <div class=\"embed-responsive embed-responsive-16by9\">\r\n                        <iframe class=\"embed-responsive-item\" src=\"https:\/\/www.youtube.com\/embed\/F939ftLMhtM\" allowfullscreen><\/iframe>\r\n                     <\/div>\r\n                  <\/div>\r\n               <\/div>\r\n            <\/div>\r\n            <div class=\"col-sm-12 module-gray\">\r\n               <div class=\"row\">\r\n                  <div class=\"col-sm-8 mx-auto\">\r\n                     <h2>Inspection by miniature cameras in your boiler room<\/h2>\r\n                     <div class=\"row\">\r\n                        <div class=\"col-lg-4 service-image\">\r\n                           <img decoding=\"async\" class=\"icon img-responsive has-retina\" src=\"\/wp-content\/themes\/servitech\/images\/icon-wave-camera-w.png\" \/>\r\n                        <\/div>\r\n                        <div class=\"col-lg-8\">\r\n                           <ul>\r\n                              <li>Inside Inspection of Equipment <\/li>\r\n                              <li>Pipe inspection <\/li>\r\n                              <li>Remote location and recovery of damaged objects <\/li>\r\n                              <li>Quality control\/validation of high-pressure or acid cleaning <\/li>\r\n                              <li>Verification of welds, joints, valves, vanes and others <\/li>\r\n                              <li>Verification of the quality or condition of refractories <\/li>\r\n                           <\/ul>\r\n                        <\/div>\r\n                     <\/div>\r\n                  <\/div>\r\n               <\/div>\r\n            <\/div>\r\n         <\/div>\r\n      <\/div>\r\n   <\/div>\r\n<\/div>\r\n<\/div>\r\n\t<div class=\"parallax-banner\">\r\n\t\t<div class=\"container content\">\r\n\t\t\t<div class=\"container-fluid\">\r\n\t\t\t\t<div class=\"row\">\r\n\t\t\t\t\t<div class=\"col-md-12 caption\">\r\n\t\t\t\t\t\t<h2><span class=\"highlight\">24\/7<\/span> Power<\/h2>\r\n\t\t\t\t\t\t<h3>Boiler rental, maintenance and repairs. Anywhere in Quebec and Maritimes. Anytime.<\/h3>\r\n\t\t\t\t\t\t<a class=\"phone\" href=\"tel:+18449012407\" data-phone-number=\"\">1 844 901-2407<\/a> \r\n\t\t\t\t\t<\/div>\r\n\t\t\t\t<\/div>\r\n\t\t\t<\/div>\r\n\t\t<\/div>\r\n\t\t<div class=\"bg\" style=\"background-image: url(\/wp-content\/themes\/servitech\/images\/contact-bg.jpg)\">\r\n\t\t\t<video src=\"\/wp-content\/themes\/servitech\/videos\/loop-site-camion.mp4\" autoplay=\"\" loop=\"\" playsinline=\"\"><\/video>\r\n\t\t<\/div>\r\n\t<\/div>\r\n\t\r\n","protected":false},"excerpt":{"rendered":"See the inaccessible Plan the unpredictable Visual camera inspection of boilers and boiler room equipment Avoid a service interruption or premature aging of your boiler room equipment. Our complete visual inspection service (without entering a confined space) can detect signs of oxidation, over-calcification or accumulation of substances that can affect your productivity or even the [&hellip;]","protected":false},"author":1,"featured_media":0,"parent":0,"menu_order":0,"comment_status":"closed","ping_status":"closed","template":"fullwidth.php","meta":{"footnotes":""},"categories":[],"tags":[],"class_list":["post-1391","page","type-page","status-publish","hentry"],"yoast_head":"<!-- This site is optimized with the Yoast SEO plugin v22.6 - https:\/\/yoast.com\/wordpress\/plugins\/seo\/ -->\n<title>Inspection using miniature cameras - Servitech \u00c9nergie<\/title>\n<meta name=\"description\" content=\"Tremcour\u2019s visual inspection service designed for boiler room equipment, offered in Quebec and the Maritimes, is designed to detect signs of oxidation and over-calcification.\" \/>\n<meta name=\"robots\" content=\"noindex, follow\" \/>\n<meta property=\"og:locale\" content=\"en_US\" \/>\n<meta property=\"og:type\" content=\"article\" \/>\n<meta property=\"og:title\" content=\"Inspection using miniature cameras - Servitech \u00c9nergie\" \/>\n<meta property=\"og:description\" content=\"Tremcour\u2019s visual inspection service designed for boiler room equipment, offered in Quebec and the Maritimes, is designed to detect signs of oxidation and over-calcification.\" \/>\n<meta property=\"og:url\" content=\"https:\/\/www.servitechenergie.com\/en\/miniature-cameras-inspection\/\" \/>\n<meta property=\"og:site_name\" content=\"Servitech \u00c9nergie\" \/>\n<meta property=\"article:modified_time\" content=\"2019-03-09T01:43:19+00:00\" \/>\n<meta name=\"twitter:card\" content=\"summary_large_image\" \/>\n<meta name=\"twitter:label1\" content=\"Est. reading time\" \/>\n\t<meta name=\"twitter:data1\" content=\"1 minute\" \/>\n<script type=\"application\/ld+json\" class=\"yoast-schema-graph\">{\"@context\":\"https:\/\/schema.org\",\"@graph\":[{\"@type\":\"WebPage\",\"@id\":\"https:\/\/www.servitechenergie.com\/en\/miniature-cameras-inspection\/\",\"url\":\"https:\/\/www.servitechenergie.com\/en\/miniature-cameras-inspection\/\",\"name\":\"Inspection using miniature cameras - Servitech \u00c9nergie\",\"isPartOf\":{\"@id\":\"https:\/\/www.servitechenergie.com\/#website\"},\"datePublished\":\"2019-02-24T18:58:38+00:00\",\"dateModified\":\"2019-03-09T01:43:19+00:00\",\"description\":\"Tremcour\u2019s visual inspection service designed for boiler room equipment, offered in Quebec and the Maritimes, is designed to detect signs of oxidation and over-calcification.\",\"breadcrumb\":{\"@id\":\"https:\/\/www.servitechenergie.com\/en\/miniature-cameras-inspection\/#breadcrumb\"},\"inLanguage\":\"en-US\",\"potentialAction\":[{\"@type\":\"ReadAction\",\"target\":[\"https:\/\/www.servitechenergie.com\/en\/miniature-cameras-inspection\/\"]}]},{\"@type\":\"BreadcrumbList\",\"@id\":\"https:\/\/www.servitechenergie.com\/en\/miniature-cameras-inspection\/#breadcrumb\",\"itemListElement\":[{\"@type\":\"ListItem\",\"position\":1,\"name\":\"Accueil\",\"item\":\"https:\/\/www.servitechenergie.com\/en\/\"},{\"@type\":\"ListItem\",\"position\":2,\"name\":\"Inspection using miniature cameras\"}]},{\"@type\":\"WebSite\",\"@id\":\"https:\/\/www.servitechenergie.com\/#website\",\"url\":\"https:\/\/www.servitechenergie.com\/\",\"name\":\"Servitech \u00c9nergie\",\"description\":\"Pour une performance \u00e9nerg\u00e9tique sans interruption\",\"potentialAction\":[{\"@type\":\"SearchAction\",\"target\":{\"@type\":\"EntryPoint\",\"urlTemplate\":\"https:\/\/www.servitechenergie.com\/?s={search_term_string}\"},\"query-input\":\"required name=search_term_string\"}],\"inLanguage\":\"en-US\"}]}<\/script>\n<!-- \/ Yoast SEO plugin. -->","yoast_head_json":{"title":"Inspection using miniature cameras - Servitech \u00c9nergie","description":"Tremcour\u2019s visual inspection service designed for boiler room equipment, offered in Quebec and the Maritimes, is designed to detect signs of oxidation and over-calcification.","robots":{"index":"noindex","follow":"follow"},"og_locale":"en_US","og_type":"article","og_title":"Inspection using miniature cameras - Servitech \u00c9nergie","og_description":"Tremcour\u2019s visual inspection service designed for boiler room equipment, offered in Quebec and the Maritimes, is designed to detect signs of oxidation and over-calcification.","og_url":"https:\/\/www.servitechenergie.com\/en\/miniature-cameras-inspection\/","og_site_name":"Servitech \u00c9nergie","article_modified_time":"2019-03-09T01:43:19+00:00","twitter_card":"summary_large_image","twitter_misc":{"Est. reading time":"1 minute"},"schema":{"@context":"https:\/\/schema.org","@graph":[{"@type":"WebPage","@id":"https:\/\/www.servitechenergie.com\/en\/miniature-cameras-inspection\/","url":"https:\/\/www.servitechenergie.com\/en\/miniature-cameras-inspection\/","name":"Inspection using miniature cameras - Servitech \u00c9nergie","isPartOf":{"@id":"https:\/\/www.servitechenergie.com\/#website"},"datePublished":"2019-02-24T18:58:38+00:00","dateModified":"2019-03-09T01:43:19+00:00","description":"Tremcour\u2019s visual inspection service designed for boiler room equipment, offered in Quebec and the Maritimes, is designed to detect signs of oxidation and over-calcification.","breadcrumb":{"@id":"https:\/\/www.servitechenergie.com\/en\/miniature-cameras-inspection\/#breadcrumb"},"inLanguage":"en-US","potentialAction":[{"@type":"ReadAction","target":["https:\/\/www.servitechenergie.com\/en\/miniature-cameras-inspection\/"]}]},{"@type":"BreadcrumbList","@id":"https:\/\/www.servitechenergie.com\/en\/miniature-cameras-inspection\/#breadcrumb","itemListElement":[{"@type":"ListItem","position":1,"name":"Accueil","item":"https:\/\/www.servitechenergie.com\/en\/"},{"@type":"ListItem","position":2,"name":"Inspection using miniature cameras"}]},{"@type":"WebSite","@id":"https:\/\/www.servitechenergie.com\/#website","url":"https:\/\/www.servitechenergie.com\/","name":"Servitech \u00c9nergie","description":"Pour une performance \u00e9nerg\u00e9tique sans interruption","potentialAction":[{"@type":"SearchAction","target":{"@type":"EntryPoint","urlTemplate":"https:\/\/www.servitechenergie.com\/?s={search_term_string}"},"query-input":"required name=search_term_string"}],"inLanguage":"en-US"}]}},"_links":{"self":[{"href":"https:\/\/www.servitechenergie.com\/en\/wp-json\/wp\/v2\/pages\/1391","targetHints":{"allow":["GET"]}}],"collection":[{"href":"https:\/\/www.servitechenergie.com\/en\/wp-json\/wp\/v2\/pages"}],"about":[{"href":"https:\/\/www.servitechenergie.com\/en\/wp-json\/wp\/v2\/types\/page"}],"author":[{"embeddable":true,"href":"https:\/\/www.servitechenergie.com\/en\/wp-json\/wp\/v2\/users\/1"}],"replies":[{"embeddable":true,"href":"https:\/\/www.servitechenergie.com\/en\/wp-json\/wp\/v2\/comments?post=1391"}],"version-history":[{"count":7,"href":"https:\/\/www.servitechenergie.com\/en\/wp-json\/wp\/v2\/pages\/1391\/revisions"}],"predecessor-version":[{"id":2163,"href":"https:\/\/www.servitechenergie.com\/en\/wp-json\/wp\/v2\/pages\/1391\/revisions\/2163"}],"wp:attachment":[{"href":"https:\/\/www.servitechenergie.com\/en\/wp-json\/wp\/v2\/media?parent=1391"}],"wp:term":[{"taxonomy":"category","embeddable":true,"href":"https:\/\/www.servitechenergie.com\/en\/wp-json\/wp\/v2\/categories?post=1391"},{"taxonomy":"post_tag","embeddable":true,"href":"https:\/\/www.servitechenergie.com\/en\/wp-json\/wp\/v2\/tags?post=1391"}],"curies":[{"name":"wp","href":"https:\/\/api.w.org\/{rel}","templated":true}]}}