{"id":1068,"date":"2018-03-30T16:01:35","date_gmt":"2018-03-30T16:01:35","guid":{"rendered":"https:\/\/www.servitechenergie.com\/?page_id=1068"},"modified":"2018-04-19T21:13:31","modified_gmt":"2018-04-19T21:13:31","slug":"boilers","status":"publish","type":"page","link":"https:\/\/www.servitechenergie.com\/en\/equipment-parts\/boilers\/","title":{"rendered":"Boilers"},"content":{"rendered":"<div class=\"container-fluid\">\r\n<div class=\"row\">\r\n<div class=\"col slider-header\">\r\n<h1>The leader manufacturer of watertube boilers<\/h1>\r\n<a class=\"btn btn-primary cta desktop-only\" href=\"https:\/\/www.groupesimoneau.com\/en\/boilers\" target=\"_blank\" rel=\"noopener\">Discover Simoneau boilers<\/a><\/div>\r\n<\/div>\r\n<\/div>\r\n<div id=\"metaslider-id-1089\" style=\"width: 100%;\" class=\"ml-slider-3-70-2 metaslider metaslider-flex metaslider-1089 ml-slider main-slide text-bottom ms-theme-default nav-hidden\" role=\"region\" aria-roledescription=\"Slideshow\" aria-label=\"Boilers\">\n    <div id=\"metaslider_container_1089\">\n        <div id=\"metaslider_1089\">\n            <ul aria-live=\"polite\" class=\"slides\">\n                <li style=\"display: block; width: 100%;\" class=\"slide-1090 ms-image \" aria-roledescription=\"slide\" aria-label=\"slide-1090\"><img loading=\"lazy\" decoding=\"async\" width=\"1920\" height=\"752\" src=\"https:\/\/www.servitechenergie.com\/wp-content\/uploads\/2018\/03\/battlefield.jpg\" class=\"slider-1089 slide-1090\" alt=\"Boilers\" rel=\"\" title=\"\" srcset=\"https:\/\/www.servitechenergie.com\/wp-content\/uploads\/2018\/03\/battlefield.jpg 1920w, https:\/\/www.servitechenergie.com\/wp-content\/uploads\/2018\/03\/battlefield-730x286.jpg 730w, https:\/\/www.servitechenergie.com\/wp-content\/uploads\/2018\/03\/battlefield-768x301.jpg 768w, https:\/\/www.servitechenergie.com\/wp-content\/uploads\/2018\/03\/battlefield-1110x435.jpg 1110w\" sizes=\"auto, (max-width: 1920px) 100vw, 1920px\" \/><div class=\"caption-wrap\"><div class=\"caption\"><div class=\"caption-text\">\n\t<div class=\"container-fluid\">\n\t\t<div class=\"row\">\n\t\t\t<div class=\"col-sm-9 mx-auto\">\n\t\t\t\t<h2>Servitech offers commercial and industrial solutions to meet all your steam and hot water needs. We are affiliated with Group Simoneau, and we sell and install the most robust, efficient boilers on the market.<\/h2>\n\t\t\t<\/div>\n\t\t<\/div>\n\t<\/div>\t\n<\/div><\/div><\/div><\/li>\n            <\/ul>\n        <\/div>\n        \n    <\/div>\n<\/div>\r\n<div class=\"row d-lg-none\">\r\n<div class=\"col-lg-12 text-center\"><a class=\"btn btn-primary cta\" href=\"https:\/\/www.groupesimoneau.com\/en\/boilers\" target=\"_blank\" rel=\"noopener\">Discover Simoneau boilers<\/a><\/div>\r\n<\/div>\r\n<div id=\"boilers\" class=\"main-content-wrapper\">\r\n<div class=\"main-content boilers active\">\r\n<div class=\"showcase\">\r\n<div class=\"row showcase-entry equal-col-wrapper\">\r\n<div class=\"col-lg-5 offset-lg-1 equal-col\">\r\n<h2>Watertube boilers<\/h2>\r\n<div class=\"showcase-image\">\r\n<p><img decoding=\"async\" src=\"\/wp-content\/uploads\/2018\/02\/boiler-water-tube.png\" alt=\"Water Tube Boiler\" \/><\/p>\r\n<\/div>\r\n<\/div>\r\n<div class=\"col-lg-5 equal-col\">\r\n<div class=\"showcase-text content-table\">\r\n<div class=\"content-table-data first\">\r\n<h3>Manufacturer<\/h3>\r\n<ul>\r\n\t<li>Simoneau<\/li>\r\n<\/ul>\r\n<\/div>\r\n<div class=\"content-table-data\">\r\n<h3>Applications<\/h3>\r\n<ul>\r\n\t<li>Low and high pressure steam boilers<\/li>\r\n\t<li>Low temperature hot water generator<\/li>\r\n\t<li>High temperature hot water generator<\/li>\r\n\t<li>Biomass boiler<\/li>\r\n\t<li>Water\/glycol mixture and thermal fluid heater<\/li>\r\n\t<li>Low water content high pressure steam boiler<\/li>\r\n<\/ul>\r\n<\/div>\r\n<div class=\"content-table-data\">\r\n<h3>Capacity<\/h3>\r\n<ul>\r\n\t<li>100 HP to 1,200 HP <br \/>\r\n *other capacities available on request\u00a0<\/li>\r\n<\/ul>\r\n<\/div>\r\n<div class=\"content-table-data\">\r\n<h3>Steam pressure<\/h3>\r\n<ul>\r\n\t<li>15, 150, 200 and 300 lb\/in<sup>2<\/sup><\/li>\r\n<\/ul>\r\n<\/div>\r\n<div class=\"content-table-data\">\r\n<h3>Hot water pressure<\/h3>\r\n<ul>\r\n\t<li>15, 60 and 100 lb\/in<sup>2<\/sup><\/li>\r\n<\/ul>\r\n<\/div>\r\n<div class=\"content-table-data\">\r\n<h3>Fuel<\/h3>\r\n<ul>\r\n\t<li>Natural gas, Oil #2, Biomass, gas and oil<\/li>\r\n<\/ul>\r\n<\/div>\r\n<\/div>\r\n<\/div>\r\n<\/div>\r\n<div class=\"row showcase-entry equal-col-wrapper\">\r\n<div class=\"col-lg-5 equal-col d-md-none\">\r\n<h2>Firetube boilers<\/h2>\r\n<div class=\"showcase-image\">\r\n<p><img decoding=\"async\" src=\"\/wp-content\/uploads\/2018\/03\/boiler-fire-tube.png\" alt=\"Fire Tube Boiler\" \/><\/p>\r\n<\/div>\r\n<\/div>\r\n<div class=\"col-lg-5 offset-lg-1 equal-col\">\r\n<div class=\"showcase-text content-table\">\r\n<div class=\"content-table-data first\">\r\n<h3>Manufacturer<\/h3>\r\n<ul>\r\n\t<li>Superior Boiler<\/li>\r\n<\/ul>\r\n<\/div>\r\n<div class=\"content-table-data\">\r\n<h3>Applications<\/h3>\r\n<ul>\r\n\t<li>High and low pressure steam<\/li>\r\n\t<li>Low temperature hot water generator<\/li>\r\n\t<li>High temperature hot water generator\u00a0<\/li>\r\n<\/ul>\r\n<\/div>\r\n<div class=\"content-table-data\">\r\n<h3>Capacity<\/h3>\r\n<ul>\r\n\t<li>40 HP to 800 HP <br \/>\r\n * other capacities available on request<\/li>\r\n<\/ul>\r\n<\/div>\r\n<div class=\"content-table-data\">\r\n<h3>Steam pressure<\/h3>\r\n<ul>\r\n\t<li>15, 150,200 and 300 lb\/in<sup>2<\/sup><\/li>\r\n<\/ul>\r\n<\/div>\r\n<div class=\"content-table-data\">\r\n<h3>Hot water pressure<\/h3>\r\n<ul>\r\n\t<li>15, 60 and 100 lb\/in<sup>2<\/sup><\/li>\r\n<\/ul>\r\n<\/div>\r\n<div class=\"content-table-data\">\r\n<h3>Fuel<\/h3>\r\n<ul>\r\n\t<li>Natural gas, Oil #2, #4 and #6<\/li>\r\n<\/ul>\r\n<\/div>\r\n<\/div>\r\n<\/div>\r\n<div class=\"col-lg-5 equal-col d-none d-md-block\">\r\n<h2>Firetube boilers\u00a0<\/h2>\r\n<div class=\"showcase-image\">\r\n<p><img decoding=\"async\" src=\"\/wp-content\/uploads\/2018\/03\/boiler-fire-tube.png\" alt=\"Fire Tube Boiler\" \/><\/p>\r\n<\/div>\r\n<\/div>\r\n<\/div>\r\n<div class=\"row showcase-entry equal-col-wrapper\">\r\n<div class=\"col-lg-5 offset-lg-1 equal-col\">\r\n<h2>Electric boilers<\/h2>\r\n<div class=\"showcase-image\">\r\n<p><img decoding=\"async\" src=\"\/wp-content\/uploads\/2018\/03\/boiler-electric.png\" alt=\"Electric Boiler\" \/><\/p>\r\n<\/div>\r\n<\/div>\r\n<div class=\"col-lg-5 equal-col\">\r\n<div class=\"content-table\">\r\n<div class=\"content-table-data first\">\r\n<h3>Manufacturers<\/h3>\r\n<ul>\r\n\t<li>Various<\/li>\r\n<\/ul>\r\n<\/div>\r\n<div class=\"content-table-data\">\r\n<h3>Applications<\/h3>\r\n<ul>\r\n\t<li>Hot water, steam<\/li>\r\n<\/ul>\r\n<\/div>\r\n<div class=\"content-table-data\">\r\n<h3>Capacity<\/h3>\r\n<ul>\r\n\t<li>6700 lb\/h to 160 000 lb\/h<\/li>\r\n<\/ul>\r\n<\/div>\r\n<div class=\"content-table-data\">\r\n<h3>Voltage<\/h3>\r\n<ul>\r\n\t<li>208, 240, 240, 480 or 600 volts<\/li>\r\n<\/ul>\r\n<\/div>\r\n<div class=\"content-table-data\">\r\n<h3>Steam pressure<\/h3>\r\n<ul>\r\n\t<li>15 et 150 lb\/in<sup>2<\/sup><\/li>\r\n<\/ul>\r\n<\/div>\r\n<div class=\"content-table-data\">\r\n<h3>Hot water pressure<\/h3>\r\n<ul>\r\n\t<li>15, 60 and 100 lb\/in<sup>2<\/sup><\/li>\r\n<\/ul>\r\n<\/div>\r\n<div class=\"content-table-data\">\r\n<h3>Power<\/h3>\r\n<ul>\r\n\t<li>40 \u2013 4000 KW<\/li>\r\n<\/ul>\r\n<\/div>\r\n<\/div>\r\n<\/div>\r\n<\/div>\r\n<div class=\"col-lg-10 mx-auto\">\r\n<p class=\"text-center\"><a class=\"btn btn-primary cta\" href=\"\/en\/contact\">Service request 24\/7<\/a><\/p>\r\n<\/div>\r\n<\/div>\r\n<\/div>\r\n<\/div>","protected":false},"excerpt":{"rendered":"The leader manufacturer of watertube boilers Discover Simoneau boilers Discover Simoneau boilers Watertube boilers Manufacturer Simoneau Applications Low and high pressure steam boilers Low temperature hot water generator High temperature hot water generator Biomass boiler Water\/glycol mixture and thermal fluid heater Low water content high pressure steam boiler Capacity 100 HP to 1,200 HP *other [&hellip;]","protected":false},"author":1,"featured_media":0,"parent":1052,"menu_order":0,"comment_status":"closed","ping_status":"closed","template":"fullwidth.php","meta":{"footnotes":""},"categories":[],"tags":[],"class_list":["post-1068","page","type-page","status-publish","hentry"],"yoast_head":"<!-- This site is optimized with the Yoast SEO plugin v22.6 - https:\/\/yoast.com\/wordpress\/plugins\/seo\/ -->\n<title>New boilers - Simoneau Servitech<\/title>\n<meta name=\"description\" content=\"Recognized and reliable brands. Simoneau Servitech offers energy solutions adapted to all needs: boiler rooms, boilers generating steam, hot water or thermal fluid transfer. The Simoneau Servitech team can build a boiler system or a custom boiler, according to your specifications in record time and in accordance with industry standards.\" \/>\n<meta name=\"robots\" content=\"index, follow, max-snippet:-1, max-image-preview:large, max-video-preview:-1\" \/>\n<link rel=\"canonical\" href=\"https:\/\/www.servitechenergie.com\/en\/equipment-parts\/boilers\/\" \/>\n<meta property=\"og:locale\" content=\"en_US\" \/>\n<meta property=\"og:type\" content=\"article\" \/>\n<meta property=\"og:title\" content=\"New boilers - Simoneau Servitech\" \/>\n<meta property=\"og:description\" content=\"Recognized and reliable brands. Simoneau Servitech offers energy solutions adapted to all needs: boiler rooms, boilers generating steam, hot water or thermal fluid transfer. The Simoneau Servitech team can build a boiler system or a custom boiler, according to your specifications in record time and in accordance with industry standards.\" \/>\n<meta property=\"og:url\" content=\"https:\/\/www.servitechenergie.com\/en\/equipment-parts\/boilers\/\" \/>\n<meta property=\"og:site_name\" content=\"Servitech \u00c9nergie\" \/>\n<meta property=\"article:modified_time\" content=\"2018-04-19T21:13:31+00:00\" \/>\n<meta name=\"twitter:card\" content=\"summary_large_image\" \/>\n<meta name=\"twitter:label1\" content=\"Est. reading time\" \/>\n\t<meta name=\"twitter:data1\" content=\"1 minute\" \/>\n<script type=\"application\/ld+json\" class=\"yoast-schema-graph\">{\"@context\":\"https:\/\/schema.org\",\"@graph\":[{\"@type\":\"WebPage\",\"@id\":\"https:\/\/www.servitechenergie.com\/en\/equipment-parts\/boilers\/\",\"url\":\"https:\/\/www.servitechenergie.com\/en\/equipment-parts\/boilers\/\",\"name\":\"New boilers - Simoneau Servitech\",\"isPartOf\":{\"@id\":\"https:\/\/www.servitechenergie.com\/#website\"},\"datePublished\":\"2018-03-30T16:01:35+00:00\",\"dateModified\":\"2018-04-19T21:13:31+00:00\",\"description\":\"Recognized and reliable brands. Simoneau Servitech offers energy solutions adapted to all needs: boiler rooms, boilers generating steam, hot water or thermal fluid transfer. The Simoneau Servitech team can build a boiler system or a custom boiler, according to your specifications in record time and in accordance with industry standards.\",\"breadcrumb\":{\"@id\":\"https:\/\/www.servitechenergie.com\/en\/equipment-parts\/boilers\/#breadcrumb\"},\"inLanguage\":\"en-US\",\"potentialAction\":[{\"@type\":\"ReadAction\",\"target\":[\"https:\/\/www.servitechenergie.com\/en\/equipment-parts\/boilers\/\"]}]},{\"@type\":\"BreadcrumbList\",\"@id\":\"https:\/\/www.servitechenergie.com\/en\/equipment-parts\/boilers\/#breadcrumb\",\"itemListElement\":[{\"@type\":\"ListItem\",\"position\":1,\"name\":\"Accueil\",\"item\":\"https:\/\/www.servitechenergie.com\/en\/\"},{\"@type\":\"ListItem\",\"position\":2,\"name\":\"Equipment and parts\",\"item\":\"https:\/\/www.servitechenergie.com\/en\/equipment-parts\/\"},{\"@type\":\"ListItem\",\"position\":3,\"name\":\"Boilers\"}]},{\"@type\":\"WebSite\",\"@id\":\"https:\/\/www.servitechenergie.com\/#website\",\"url\":\"https:\/\/www.servitechenergie.com\/\",\"name\":\"Servitech \u00c9nergie\",\"description\":\"Pour une performance \u00e9nerg\u00e9tique sans interruption\",\"potentialAction\":[{\"@type\":\"SearchAction\",\"target\":{\"@type\":\"EntryPoint\",\"urlTemplate\":\"https:\/\/www.servitechenergie.com\/?s={search_term_string}\"},\"query-input\":\"required name=search_term_string\"}],\"inLanguage\":\"en-US\"}]}<\/script>\n<!-- \/ Yoast SEO plugin. -->","yoast_head_json":{"title":"New boilers - Simoneau Servitech","description":"Recognized and reliable brands. Simoneau Servitech offers energy solutions adapted to all needs: boiler rooms, boilers generating steam, hot water or thermal fluid transfer. The Simoneau Servitech team can build a boiler system or a custom boiler, according to your specifications in record time and in accordance with industry standards.","robots":{"index":"index","follow":"follow","max-snippet":"max-snippet:-1","max-image-preview":"max-image-preview:large","max-video-preview":"max-video-preview:-1"},"canonical":"https:\/\/www.servitechenergie.com\/en\/equipment-parts\/boilers\/","og_locale":"en_US","og_type":"article","og_title":"New boilers - Simoneau Servitech","og_description":"Recognized and reliable brands. Simoneau Servitech offers energy solutions adapted to all needs: boiler rooms, boilers generating steam, hot water or thermal fluid transfer. The Simoneau Servitech team can build a boiler system or a custom boiler, according to your specifications in record time and in accordance with industry standards.","og_url":"https:\/\/www.servitechenergie.com\/en\/equipment-parts\/boilers\/","og_site_name":"Servitech \u00c9nergie","article_modified_time":"2018-04-19T21:13:31+00:00","twitter_card":"summary_large_image","twitter_misc":{"Est. reading time":"1 minute"},"schema":{"@context":"https:\/\/schema.org","@graph":[{"@type":"WebPage","@id":"https:\/\/www.servitechenergie.com\/en\/equipment-parts\/boilers\/","url":"https:\/\/www.servitechenergie.com\/en\/equipment-parts\/boilers\/","name":"New boilers - Simoneau Servitech","isPartOf":{"@id":"https:\/\/www.servitechenergie.com\/#website"},"datePublished":"2018-03-30T16:01:35+00:00","dateModified":"2018-04-19T21:13:31+00:00","description":"Recognized and reliable brands. Simoneau Servitech offers energy solutions adapted to all needs: boiler rooms, boilers generating steam, hot water or thermal fluid transfer. The Simoneau Servitech team can build a boiler system or a custom boiler, according to your specifications in record time and in accordance with industry standards.","breadcrumb":{"@id":"https:\/\/www.servitechenergie.com\/en\/equipment-parts\/boilers\/#breadcrumb"},"inLanguage":"en-US","potentialAction":[{"@type":"ReadAction","target":["https:\/\/www.servitechenergie.com\/en\/equipment-parts\/boilers\/"]}]},{"@type":"BreadcrumbList","@id":"https:\/\/www.servitechenergie.com\/en\/equipment-parts\/boilers\/#breadcrumb","itemListElement":[{"@type":"ListItem","position":1,"name":"Accueil","item":"https:\/\/www.servitechenergie.com\/en\/"},{"@type":"ListItem","position":2,"name":"Equipment and parts","item":"https:\/\/www.servitechenergie.com\/en\/equipment-parts\/"},{"@type":"ListItem","position":3,"name":"Boilers"}]},{"@type":"WebSite","@id":"https:\/\/www.servitechenergie.com\/#website","url":"https:\/\/www.servitechenergie.com\/","name":"Servitech \u00c9nergie","description":"Pour une performance \u00e9nerg\u00e9tique sans interruption","potentialAction":[{"@type":"SearchAction","target":{"@type":"EntryPoint","urlTemplate":"https:\/\/www.servitechenergie.com\/?s={search_term_string}"},"query-input":"required name=search_term_string"}],"inLanguage":"en-US"}]}},"_links":{"self":[{"href":"https:\/\/www.servitechenergie.com\/en\/wp-json\/wp\/v2\/pages\/1068","targetHints":{"allow":["GET"]}}],"collection":[{"href":"https:\/\/www.servitechenergie.com\/en\/wp-json\/wp\/v2\/pages"}],"about":[{"href":"https:\/\/www.servitechenergie.com\/en\/wp-json\/wp\/v2\/types\/page"}],"author":[{"embeddable":true,"href":"https:\/\/www.servitechenergie.com\/en\/wp-json\/wp\/v2\/users\/1"}],"replies":[{"embeddable":true,"href":"https:\/\/www.servitechenergie.com\/en\/wp-json\/wp\/v2\/comments?post=1068"}],"version-history":[{"count":22,"href":"https:\/\/www.servitechenergie.com\/en\/wp-json\/wp\/v2\/pages\/1068\/revisions"}],"predecessor-version":[{"id":2177,"href":"https:\/\/www.servitechenergie.com\/en\/wp-json\/wp\/v2\/pages\/1068\/revisions\/2177"}],"up":[{"embeddable":true,"href":"https:\/\/www.servitechenergie.com\/en\/wp-json\/wp\/v2\/pages\/1052"}],"wp:attachment":[{"href":"https:\/\/www.servitechenergie.com\/en\/wp-json\/wp\/v2\/media?parent=1068"}],"wp:term":[{"taxonomy":"category","embeddable":true,"href":"https:\/\/www.servitechenergie.com\/en\/wp-json\/wp\/v2\/categories?post=1068"},{"taxonomy":"post_tag","embeddable":true,"href":"https:\/\/www.servitechenergie.com\/en\/wp-json\/wp\/v2\/tags?post=1068"}],"curies":[{"name":"wp","href":"https:\/\/api.w.org\/{rel}","templated":true}]}}