{"id":1064,"date":"2018-03-30T13:41:49","date_gmt":"2018-03-30T13:41:49","guid":{"rendered":"https:\/\/www.servitechenergie.com\/?page_id=1064"},"modified":"2018-04-19T21:10:47","modified_gmt":"2018-04-19T21:10:47","slug":"contact","status":"publish","type":"page","link":"https:\/\/www.servitechenergie.com\/en\/contact\/","title":{"rendered":"Contact"},"content":{"rendered":"\n<div class=\"wpcf7 no-js\" id=\"wpcf7-f1206-o1\" lang=\"fr-FR\" dir=\"ltr\">\n<div class=\"screen-reader-response\"><p role=\"status\" aria-live=\"polite\" aria-atomic=\"true\"><\/p> <ul><\/ul><\/div>\n<form action=\"\/en\/wp-json\/wp\/v2\/pages\/1064#wpcf7-f1206-o1\" method=\"post\" class=\"wpcf7-form init\" aria-label=\"Formulaire de contact\" novalidate=\"novalidate\" data-status=\"init\">\n<div style=\"display: none;\">\n<input type=\"hidden\" name=\"_wpcf7\" value=\"1206\" \/>\n<input type=\"hidden\" name=\"_wpcf7_version\" value=\"5.9.4\" \/>\n<input type=\"hidden\" name=\"_wpcf7_locale\" value=\"fr_FR\" \/>\n<input type=\"hidden\" name=\"_wpcf7_unit_tag\" value=\"wpcf7-f1206-o1\" \/>\n<input type=\"hidden\" name=\"_wpcf7_container_post\" value=\"0\" \/>\n<input type=\"hidden\" name=\"_wpcf7_posted_data_hash\" value=\"\" \/>\n<\/div>\n<div class=\"container-fluid\">\n\t<div class=\"col-sm-12\">\n\t\t<div class=\"title-section\">\n\t\t\t<h1 class=\"page-title\">24\/7 service and rental requests <span class=\"line-break highlight\"><a href=\"tel:18449012407\">1 844 901-2407<\/a><\/span>\n\t\t\t<\/h1>\n\t\t<\/div>\n\t<\/div>\n<\/div>\n<div class=\"container-fluid\">\n\t<div class=\"col-sm-8 mx-auto\">\n\t\t<div class=\"row\">\n\t\t\t<div class=\"col-lg-5 offset-lg-1\">\n\t\t\t\t<p><span class=\"wpcf7-form-control-wrap\" data-name=\"services-fr\"><span class=\"wpcf7-form-control wpcf7-checkbox services-checkboxes\"><span class=\"wpcf7-list-item first\"><label><span class=\"wpcf7-list-item-label\">Preventive maintenance<\/span><input type=\"checkbox\" name=\"services-fr[]\" value=\"Preventive maintenance\" \/><\/label><\/span><span class=\"wpcf7-list-item\"><label><span class=\"wpcf7-list-item-label\">Periodic monitoring<\/span><input type=\"checkbox\" name=\"services-fr[]\" value=\"Periodic monitoring\" \/><\/label><\/span><span class=\"wpcf7-list-item\"><label><span class=\"wpcf7-list-item-label\">Boiler rental<\/span><input type=\"checkbox\" name=\"services-fr[]\" value=\"Boiler rental\" \/><\/label><\/span><span class=\"wpcf7-list-item\"><label><span class=\"wpcf7-list-item-label\">Boiler repair<\/span><input type=\"checkbox\" name=\"services-fr[]\" value=\"Boiler repair\" \/><\/label><\/span><span class=\"wpcf7-list-item\"><label><span class=\"wpcf7-list-item-label\">Boiler reengineering<\/span><input type=\"checkbox\" name=\"services-fr[]\" value=\"Boiler reengineering\" \/><\/label><\/span><span class=\"wpcf7-list-item last\"><label><span class=\"wpcf7-list-item-label\">Burners<\/span><input type=\"checkbox\" name=\"services-fr[]\" value=\"Burners\" \/><\/label><\/span><\/span><\/span>\n\t\t\t\t<\/p>\n\t\t\t<\/div>\n\t\t\t<div class=\"col-lg-5\">\n\t\t\t\t<p><span class=\"wpcf7-form-control-wrap\" data-name=\"services-fr\"><span class=\"wpcf7-form-control wpcf7-checkbox services-checkboxes\"><span class=\"wpcf7-list-item first\"><label><span class=\"wpcf7-list-item-label\">Controls<\/span><input type=\"checkbox\" name=\"services-fr[]\" value=\"Controls\" \/><\/label><\/span><span class=\"wpcf7-list-item\"><label><span class=\"wpcf7-list-item-label\">Emergency junction box outlet<\/span><input type=\"checkbox\" name=\"services-fr[]\" value=\"Emergency junction box outlet\" \/><\/label><\/span><span class=\"wpcf7-list-item\"><label><span class=\"wpcf7-list-item-label\">Backflow prevention device<\/span><input type=\"checkbox\" name=\"services-fr[]\" value=\"Backflow prevention device\" \/><\/label><\/span><span class=\"wpcf7-list-item\"><label><span class=\"wpcf7-list-item-label\">Other equipment<\/span><input type=\"checkbox\" name=\"services-fr[]\" value=\"Other equipment\" \/><\/label><\/span><span class=\"wpcf7-list-item\"><label><span class=\"wpcf7-list-item-label\">Parts<\/span><input type=\"checkbox\" name=\"services-fr[]\" value=\"Parts\" \/><\/label><\/span><span class=\"wpcf7-list-item last\"><label><span class=\"wpcf7-list-item-label\">3D replica of boiler room<\/span><input type=\"checkbox\" name=\"services-fr[]\" value=\"3D replica of boiler room\" \/><\/label><\/span><\/span><\/span>\n\t\t\t\t<\/p>\n\t\t\t<\/div>\n\t\t<\/div>\n\t<\/div>\n\t<div class=\"col-sm-12 subtitle\">\n\t\t<h2>Contact information\n\t\t<\/h2>\n\t<\/div>\n\t<div id=\"client-info\" class=\"col-sm-6 mx-auto\">\n\t\t<div class=\"row\">\n\t\t\t<div class=\"col-lg-6\">\n\t\t\t\t<p><label>First name*<\/label><br \/>\n<span class=\"wpcf7-form-control-wrap\" data-name=\"firstname\"><input size=\"40\" maxlength=\"30\" minlength=\"1\" class=\"wpcf7-form-control wpcf7-text wpcf7-validates-as-required\" id=\"firstname\" aria-required=\"true\" aria-invalid=\"false\" value=\"\" type=\"text\" name=\"firstname\" \/><\/span>\n\t\t\t\t<\/p>\n\t\t\t<\/div>\n\t\t\t<div class=\"col-lg-6\">\n\t\t\t\t<p><label>Last name*<\/label><br \/>\n<span class=\"wpcf7-form-control-wrap\" data-name=\"lastname\"><input size=\"40\" maxlength=\"30\" minlength=\"1\" class=\"wpcf7-form-control wpcf7-text wpcf7-validates-as-required\" id=\"lastname\" aria-required=\"true\" aria-invalid=\"false\" value=\"\" type=\"text\" name=\"lastname\" \/><\/span>\n\t\t\t\t<\/p>\n\t\t\t<\/div>\n\t\t\t<div class=\"col-lg-12\">\n\t\t\t\t<p><label>Company*<\/label>\n\t\t\t\t<\/p>\n\t\t\t<\/div>\n\t\t\t<div class=\"col-lg-6\">\n\t\t\t\t<p><span class=\"wpcf7-form-control-wrap\" data-name=\"business\"><input size=\"40\" maxlength=\"50\" minlength=\"1\" class=\"wpcf7-form-control wpcf7-text wpcf7-validates-as-required\" id=\"business\" aria-required=\"true\" aria-invalid=\"false\" value=\"\" type=\"text\" name=\"business\" \/><\/span>\n\t\t\t\t<\/p>\n\t\t\t<\/div>\n\t\t\t<div class=\"col-lg-12\">\n\t\t\t\t<p><label>Postal code*<\/label>\n\t\t\t\t<\/p>\n\t\t\t<\/div>\n\t\t\t<div class=\"col-lg-12 inline-inputs\">\n\t\t\t\t<p><span class=\"wpcf7-form-control-wrap\" data-name=\"pc-1\"><input size=\"40\" maxlength=\"3\" class=\"wpcf7-form-control wpcf7-text wpcf7-validates-as-required\" id=\"pc-1\" aria-required=\"true\" aria-invalid=\"false\" value=\"\" type=\"text\" name=\"pc-1\" \/><\/span><span class=\"wpcf7-form-control-wrap\" data-name=\"pc-2\"><input size=\"40\" maxlength=\"3\" class=\"wpcf7-form-control wpcf7-text wpcf7-validates-as-required\" id=\"pc-2\" aria-required=\"true\" aria-invalid=\"false\" value=\"\" type=\"text\" name=\"pc-2\" \/><\/span>\n\t\t\t\t<\/p>\n\t\t\t<\/div>\n\t\t\t<div class=\"col-lg-12\">\n\t\t\t\t<p><label>Telephone number*<\/label>\n\t\t\t\t<\/p>\n\t\t\t<\/div>\n\t\t\t<div class=\"col-lg-12 inline-inputs\">\n\t\t\t\t<p><span class=\"wpcf7-form-control-wrap\" data-name=\"phone-1\"><input size=\"40\" class=\"wpcf7-form-control wpcf7-tel wpcf7-validates-as-required wpcf7-text wpcf7-validates-as-tel\" id=\"phone-1\" aria-required=\"true\" aria-invalid=\"false\" placeholder=\"555 555-5555\" value=\"\" type=\"tel\" name=\"phone-1\" \/><\/span><span class=\"wpcf7-form-control-wrap\" data-name=\"phone-ext\"><input class=\"wpcf7-form-control wpcf7-number wpcf7-validates-as-number\" id=\"phone-ext\" min=\"0\" max=\"999999\" aria-invalid=\"false\" placeholder=\"Poste\" value=\"\" type=\"number\" name=\"phone-ext\" \/><\/span>\n\t\t\t\t<\/p>\n\t\t\t<\/div>\n\t\t\t<div class=\"col-lg-12\">\n\t\t\t\t<p><label>Email*<\/label>\n\t\t\t\t<\/p>\n\t\t\t<\/div>\n\t\t\t<div class=\"col-lg-6\">\n\t\t\t\t<p><span class=\"wpcf7-form-control-wrap\" data-name=\"email\"><input size=\"40\" maxlength=\"60\" minlength=\"5\" class=\"wpcf7-form-control wpcf7-email wpcf7-validates-as-required wpcf7-text wpcf7-validates-as-email\" id=\"email\" aria-required=\"true\" aria-invalid=\"false\" value=\"\" type=\"email\" name=\"email\" \/><\/span>\n\t\t\t\t<\/p>\n\t\t\t<\/div>\n\t\t\t<div class=\"col-lg-12\">\n\t\t\t\t<p><label>Tell us more about your needs <span class=\"small\">(optional)<\/span><\/label>\n\t\t\t\t<\/p>\n\t\t\t<\/div>\n\t\t\t<div class=\"col-lg-9\">\n\t\t\t\t<p><span class=\"wpcf7-form-control-wrap\" data-name=\"text-details\"><textarea cols=\"40\" rows=\"10\" maxlength=\"1000\" class=\"wpcf7-form-control wpcf7-textarea\" id=\"text-details\" aria-invalid=\"false\" name=\"text-details\"><\/textarea><\/span>\n\t\t\t\t<\/p>\n\t\t\t<\/div>\n\t\t<\/div>\n\t<\/div>\n\t<div class=\"col-lg-12 text-center\">\n\t\t<p><input class=\"wpcf7-form-control wpcf7-submit has-spinner btn btn-primary cta\" type=\"submit\" value=\"Submit\" \/>\n\t\t<\/p>\n\t<\/div>\n<\/div><div class=\"wpcf7-response-output\" aria-hidden=\"true\"><\/div>\n<\/form>\n<\/div>\n","protected":false},"excerpt":{"rendered":"","protected":false},"author":1,"featured_media":0,"parent":0,"menu_order":0,"comment_status":"closed","ping_status":"closed","template":"contact.php","meta":{"footnotes":""},"class_list":["post-1064","page","type-page","status-publish","hentry"],"yoast_head":"<!-- This site is optimized with the Yoast SEO plugin v22.6 - https:\/\/yoast.com\/wordpress\/plugins\/seo\/ -->\n<title>Contacts - Simoneau Servitech<\/title>\n<meta name=\"description\" content=\"For a 24\/7 service or rental request, contact us at 1 844 901-2407. We deliver everywhere in Quebec and the Maritimes.\" \/>\n<meta name=\"robots\" content=\"index, follow, max-snippet:-1, max-image-preview:large, max-video-preview:-1\" \/>\n<link rel=\"canonical\" href=\"https:\/\/www.servitechenergie.com\/en\/contact\/\" \/>\n<meta property=\"og:locale\" content=\"en_US\" \/>\n<meta property=\"og:type\" content=\"article\" \/>\n<meta property=\"og:title\" content=\"Contacts - Simoneau Servitech\" \/>\n<meta property=\"og:description\" content=\"For a 24\/7 service or rental request, contact us at 1 844 901-2407. We deliver everywhere in Quebec and the Maritimes.\" \/>\n<meta property=\"og:url\" content=\"https:\/\/www.servitechenergie.com\/en\/contact\/\" \/>\n<meta property=\"og:site_name\" content=\"Servitech \u00c9nergie\" \/>\n<meta property=\"article:modified_time\" content=\"2018-04-19T21:10:47+00:00\" \/>\n<meta name=\"twitter:card\" content=\"summary_large_image\" \/>\n<script type=\"application\/ld+json\" class=\"yoast-schema-graph\">{\"@context\":\"https:\/\/schema.org\",\"@graph\":[{\"@type\":\"WebPage\",\"@id\":\"https:\/\/www.servitechenergie.com\/en\/contact\/\",\"url\":\"https:\/\/www.servitechenergie.com\/en\/contact\/\",\"name\":\"Contacts - Simoneau Servitech\",\"isPartOf\":{\"@id\":\"https:\/\/www.servitechenergie.com\/#website\"},\"datePublished\":\"2018-03-30T13:41:49+00:00\",\"dateModified\":\"2018-04-19T21:10:47+00:00\",\"description\":\"For a 24\/7 service or rental request, contact us at 1 844 901-2407. We deliver everywhere in Quebec and the Maritimes.\",\"breadcrumb\":{\"@id\":\"https:\/\/www.servitechenergie.com\/en\/contact\/#breadcrumb\"},\"inLanguage\":\"en-US\",\"potentialAction\":[{\"@type\":\"ReadAction\",\"target\":[\"https:\/\/www.servitechenergie.com\/en\/contact\/\"]}]},{\"@type\":\"BreadcrumbList\",\"@id\":\"https:\/\/www.servitechenergie.com\/en\/contact\/#breadcrumb\",\"itemListElement\":[{\"@type\":\"ListItem\",\"position\":1,\"name\":\"Accueil\",\"item\":\"https:\/\/www.servitechenergie.com\/en\/\"},{\"@type\":\"ListItem\",\"position\":2,\"name\":\"Contact\"}]},{\"@type\":\"WebSite\",\"@id\":\"https:\/\/www.servitechenergie.com\/#website\",\"url\":\"https:\/\/www.servitechenergie.com\/\",\"name\":\"Servitech \u00c9nergie\",\"description\":\"Pour une performance \u00e9nerg\u00e9tique sans interruption\",\"potentialAction\":[{\"@type\":\"SearchAction\",\"target\":{\"@type\":\"EntryPoint\",\"urlTemplate\":\"https:\/\/www.servitechenergie.com\/?s={search_term_string}\"},\"query-input\":\"required name=search_term_string\"}],\"inLanguage\":\"en-US\"}]}<\/script>\n<!-- \/ Yoast SEO plugin. -->","yoast_head_json":{"title":"Contacts - Simoneau Servitech","description":"For a 24\/7 service or rental request, contact us at 1 844 901-2407. We deliver everywhere in Quebec and the Maritimes.","robots":{"index":"index","follow":"follow","max-snippet":"max-snippet:-1","max-image-preview":"max-image-preview:large","max-video-preview":"max-video-preview:-1"},"canonical":"https:\/\/www.servitechenergie.com\/en\/contact\/","og_locale":"en_US","og_type":"article","og_title":"Contacts - Simoneau Servitech","og_description":"For a 24\/7 service or rental request, contact us at 1 844 901-2407. We deliver everywhere in Quebec and the Maritimes.","og_url":"https:\/\/www.servitechenergie.com\/en\/contact\/","og_site_name":"Servitech \u00c9nergie","article_modified_time":"2018-04-19T21:10:47+00:00","twitter_card":"summary_large_image","schema":{"@context":"https:\/\/schema.org","@graph":[{"@type":"WebPage","@id":"https:\/\/www.servitechenergie.com\/en\/contact\/","url":"https:\/\/www.servitechenergie.com\/en\/contact\/","name":"Contacts - Simoneau Servitech","isPartOf":{"@id":"https:\/\/www.servitechenergie.com\/#website"},"datePublished":"2018-03-30T13:41:49+00:00","dateModified":"2018-04-19T21:10:47+00:00","description":"For a 24\/7 service or rental request, contact us at 1 844 901-2407. We deliver everywhere in Quebec and the Maritimes.","breadcrumb":{"@id":"https:\/\/www.servitechenergie.com\/en\/contact\/#breadcrumb"},"inLanguage":"en-US","potentialAction":[{"@type":"ReadAction","target":["https:\/\/www.servitechenergie.com\/en\/contact\/"]}]},{"@type":"BreadcrumbList","@id":"https:\/\/www.servitechenergie.com\/en\/contact\/#breadcrumb","itemListElement":[{"@type":"ListItem","position":1,"name":"Accueil","item":"https:\/\/www.servitechenergie.com\/en\/"},{"@type":"ListItem","position":2,"name":"Contact"}]},{"@type":"WebSite","@id":"https:\/\/www.servitechenergie.com\/#website","url":"https:\/\/www.servitechenergie.com\/","name":"Servitech \u00c9nergie","description":"Pour une performance \u00e9nerg\u00e9tique sans interruption","potentialAction":[{"@type":"SearchAction","target":{"@type":"EntryPoint","urlTemplate":"https:\/\/www.servitechenergie.com\/?s={search_term_string}"},"query-input":"required name=search_term_string"}],"inLanguage":"en-US"}]}},"_links":{"self":[{"href":"https:\/\/www.servitechenergie.com\/en\/wp-json\/wp\/v2\/pages\/1064","targetHints":{"allow":["GET"]}}],"collection":[{"href":"https:\/\/www.servitechenergie.com\/en\/wp-json\/wp\/v2\/pages"}],"about":[{"href":"https:\/\/www.servitechenergie.com\/en\/wp-json\/wp\/v2\/types\/page"}],"author":[{"embeddable":true,"href":"https:\/\/www.servitechenergie.com\/en\/wp-json\/wp\/v2\/users\/1"}],"replies":[{"embeddable":true,"href":"https:\/\/www.servitechenergie.com\/en\/wp-json\/wp\/v2\/comments?post=1064"}],"version-history":[{"count":5,"href":"https:\/\/www.servitechenergie.com\/en\/wp-json\/wp\/v2\/pages\/1064\/revisions"}],"predecessor-version":[{"id":1244,"href":"https:\/\/www.servitechenergie.com\/en\/wp-json\/wp\/v2\/pages\/1064\/revisions\/1244"}],"wp:attachment":[{"href":"https:\/\/www.servitechenergie.com\/en\/wp-json\/wp\/v2\/media?parent=1064"}],"curies":[{"name":"wp","href":"https:\/\/api.w.org\/{rel}","templated":true}]}}