{"id":1059,"date":"2018-03-29T21:38:26","date_gmt":"2018-03-29T21:38:26","guid":{"rendered":"https:\/\/www.servitechenergie.com\/?page_id=1059"},"modified":"2018-04-19T21:10:05","modified_gmt":"2018-04-19T21:10:05","slug":"career","status":"publish","type":"page","link":"https:\/\/www.servitechenergie.com\/en\/career\/","title":{"rendered":"Career"},"content":{"rendered":"<div id=\"metaslider-id-315\" style=\"width: 100%;\" class=\"ml-slider-3-70-2 metaslider metaslider-flex metaslider-315 ml-slider main-slide text-bottom ms-theme-default nav-hidden\" role=\"region\" aria-roledescription=\"Slideshow\" aria-label=\"Carriere\">\n    <div id=\"metaslider_container_315\">\n        <div id=\"metaslider_315\">\n            <ul aria-live=\"polite\" class=\"slides\">\n                <li style=\"display: block; width: 100%;\" class=\"slide-316 ms-image \" aria-roledescription=\"slide\" aria-label=\"slide-316\"><img loading=\"lazy\" decoding=\"async\" width=\"1920\" height=\"620\" src=\"https:\/\/www.servitechenergie.com\/wp-content\/uploads\/2018\/04\/coeur_Servitech_1920x620.gif\" class=\"slider-315 slide-316\" alt=\"\u00c9quipe de Servitech \u00c9nergie\" rel=\"\" title=\"\" \/><div class=\"caption-wrap\"><div class=\"caption\"><div class=\"caption-text bottom\">\n\t<div class=\"container-fluid\">\n\t\t<div class=\"row\">\n\t\t\t<div class=\"col-xl-7 mx-auto\">\n\t\t\t\t<h1>Joignez-vous \u00e0 l\u2019\u00e9quipe la plus puissante en ville\u00a0!<\/h1>\n\t\t\t<\/div>\n\t\t<\/div>\n\t<\/div>\t\n<\/div><\/div><\/div><\/li>\n            <\/ul>\n        <\/div>\n        \n    <\/div>\n<\/div>\r\n<div class=\"main-content-wrapper\">\r\n<div class=\"main-content active\">\r\n<div class=\"row lead-section\">\r\n<div class=\"col-sm-12\">\r\n<h2>Are you an experienced professional or a new graduate?<\/h2>\r\n<\/div>\r\n<\/div>\r\n<div class=\"row text-center\">\r\n<div class=\"col-sm-8 mx-auto\">\r\n<p>Join the largest boiler room maintenance and repair company in Quebec. Servitech has more than 100 energy professionals working together to maintain and maximize boiler room performance for a large network of customers.<\/p>\r\n<\/div>\r\n<div class=\"col-sm-8 mx-auto\">\r\n<p>A member of Groupe Simoneau, Servitech is part of a unique delivery model that includes boiler engineering, manufacturing, maintenance and rentals.<\/p>\r\n<\/div>\r\n<\/div>\r\n<div class=\"row bottom-link\">\r\n<div class=\"col-sm-10 mx-auto\">\r\n<h2><a href=\"https:\/\/www.groupesimoneau.com\/en\/careers\" target=\"_blank\" rel=\"noopener\">Visit Simoneau&#8217;s careers page<\/a><\/h2>\r\n<\/div>\r\n<\/div>\r\n<\/div>\r\n<\/div>\r\n<div class=\"main-content active\">\u00a0<\/div>\r\n<div class=\"testimony\">\r\n<div class=\"container\">\r\n<div class=\"row\">\r\n<div class=\"col-md-10 mx-auto\">\r\n<div class=\"icon-quote\">\u00a0<\/div>\r\n<blockquote>\r\n<p>Being part of the Simoneau team means working in a highly stimulating environment. Know-how, passion and innovation make for a unique experience that is also rewarding to our customers.<\/p>\r\n<p><cite>&#8211; St\u00e9phane Lemay<\/cite><\/p>\r\n<\/blockquote>\r\n<\/div>\r\n<\/div>\r\n<\/div>\r\n<\/div>","protected":false},"excerpt":{"rendered":"Are you an experienced professional or a new graduate? Join the largest boiler room maintenance and repair company in Quebec. Servitech has more than 100 energy professionals working together to maintain and maximize boiler room performance for a large network of customers. A member of Groupe Simoneau, Servitech is part of a unique delivery model [&hellip;]","protected":false},"author":1,"featured_media":0,"parent":0,"menu_order":0,"comment_status":"closed","ping_status":"closed","template":"fullwidth.php","meta":{"footnotes":""},"categories":[],"tags":[],"class_list":["post-1059","page","type-page","status-publish","hentry"],"yoast_head":"<!-- This site is optimized with the Yoast SEO plugin v22.6 - https:\/\/yoast.com\/wordpress\/plugins\/seo\/ -->\n<title>Careers - Simoneau Servitech<\/title>\n<meta name=\"description\" content=\"Working at Simoneau Servitech means being in the heart of energy. We offer a stimulating work environment, within a dynamic team. Benefit from competitive working conditions. Whether you are an experienced professional or a new graduate, we invite you to send us your resume.\" \/>\n<meta name=\"robots\" content=\"index, follow, max-snippet:-1, max-image-preview:large, max-video-preview:-1\" \/>\n<link rel=\"canonical\" href=\"https:\/\/www.servitechenergie.com\/en\/career\/\" \/>\n<meta property=\"og:locale\" content=\"en_US\" \/>\n<meta property=\"og:type\" content=\"article\" \/>\n<meta property=\"og:title\" content=\"Careers - Simoneau Servitech\" \/>\n<meta property=\"og:description\" content=\"Working at Simoneau Servitech means being in the heart of energy. We offer a stimulating work environment, within a dynamic team. Benefit from competitive working conditions. Whether you are an experienced professional or a new graduate, we invite you to send us your resume.\" \/>\n<meta property=\"og:url\" content=\"https:\/\/www.servitechenergie.com\/en\/career\/\" \/>\n<meta property=\"og:site_name\" content=\"Servitech \u00c9nergie\" \/>\n<meta property=\"article:modified_time\" content=\"2018-04-19T21:10:05+00:00\" \/>\n<meta name=\"twitter:card\" content=\"summary_large_image\" \/>\n<meta name=\"twitter:label1\" content=\"Est. reading time\" \/>\n\t<meta name=\"twitter:data1\" content=\"1 minute\" \/>\n<script type=\"application\/ld+json\" class=\"yoast-schema-graph\">{\"@context\":\"https:\/\/schema.org\",\"@graph\":[{\"@type\":\"WebPage\",\"@id\":\"https:\/\/www.servitechenergie.com\/en\/career\/\",\"url\":\"https:\/\/www.servitechenergie.com\/en\/career\/\",\"name\":\"Careers - Simoneau Servitech\",\"isPartOf\":{\"@id\":\"https:\/\/www.servitechenergie.com\/#website\"},\"datePublished\":\"2018-03-29T21:38:26+00:00\",\"dateModified\":\"2018-04-19T21:10:05+00:00\",\"description\":\"Working at Simoneau Servitech means being in the heart of energy. We offer a stimulating work environment, within a dynamic team. Benefit from competitive working conditions. Whether you are an experienced professional or a new graduate, we invite you to send us your resume.\",\"breadcrumb\":{\"@id\":\"https:\/\/www.servitechenergie.com\/en\/career\/#breadcrumb\"},\"inLanguage\":\"en-US\",\"potentialAction\":[{\"@type\":\"ReadAction\",\"target\":[\"https:\/\/www.servitechenergie.com\/en\/career\/\"]}]},{\"@type\":\"BreadcrumbList\",\"@id\":\"https:\/\/www.servitechenergie.com\/en\/career\/#breadcrumb\",\"itemListElement\":[{\"@type\":\"ListItem\",\"position\":1,\"name\":\"Accueil\",\"item\":\"https:\/\/www.servitechenergie.com\/en\/\"},{\"@type\":\"ListItem\",\"position\":2,\"name\":\"Career\"}]},{\"@type\":\"WebSite\",\"@id\":\"https:\/\/www.servitechenergie.com\/#website\",\"url\":\"https:\/\/www.servitechenergie.com\/\",\"name\":\"Servitech \u00c9nergie\",\"description\":\"Pour une performance \u00e9nerg\u00e9tique sans interruption\",\"potentialAction\":[{\"@type\":\"SearchAction\",\"target\":{\"@type\":\"EntryPoint\",\"urlTemplate\":\"https:\/\/www.servitechenergie.com\/?s={search_term_string}\"},\"query-input\":\"required name=search_term_string\"}],\"inLanguage\":\"en-US\"}]}<\/script>\n<!-- \/ Yoast SEO plugin. -->","yoast_head_json":{"title":"Careers - Simoneau Servitech","description":"Working at Simoneau Servitech means being in the heart of energy. We offer a stimulating work environment, within a dynamic team. Benefit from competitive working conditions. Whether you are an experienced professional or a new graduate, we invite you to send us your resume.","robots":{"index":"index","follow":"follow","max-snippet":"max-snippet:-1","max-image-preview":"max-image-preview:large","max-video-preview":"max-video-preview:-1"},"canonical":"https:\/\/www.servitechenergie.com\/en\/career\/","og_locale":"en_US","og_type":"article","og_title":"Careers - Simoneau Servitech","og_description":"Working at Simoneau Servitech means being in the heart of energy. We offer a stimulating work environment, within a dynamic team. Benefit from competitive working conditions. Whether you are an experienced professional or a new graduate, we invite you to send us your resume.","og_url":"https:\/\/www.servitechenergie.com\/en\/career\/","og_site_name":"Servitech \u00c9nergie","article_modified_time":"2018-04-19T21:10:05+00:00","twitter_card":"summary_large_image","twitter_misc":{"Est. reading time":"1 minute"},"schema":{"@context":"https:\/\/schema.org","@graph":[{"@type":"WebPage","@id":"https:\/\/www.servitechenergie.com\/en\/career\/","url":"https:\/\/www.servitechenergie.com\/en\/career\/","name":"Careers - Simoneau Servitech","isPartOf":{"@id":"https:\/\/www.servitechenergie.com\/#website"},"datePublished":"2018-03-29T21:38:26+00:00","dateModified":"2018-04-19T21:10:05+00:00","description":"Working at Simoneau Servitech means being in the heart of energy. We offer a stimulating work environment, within a dynamic team. Benefit from competitive working conditions. Whether you are an experienced professional or a new graduate, we invite you to send us your resume.","breadcrumb":{"@id":"https:\/\/www.servitechenergie.com\/en\/career\/#breadcrumb"},"inLanguage":"en-US","potentialAction":[{"@type":"ReadAction","target":["https:\/\/www.servitechenergie.com\/en\/career\/"]}]},{"@type":"BreadcrumbList","@id":"https:\/\/www.servitechenergie.com\/en\/career\/#breadcrumb","itemListElement":[{"@type":"ListItem","position":1,"name":"Accueil","item":"https:\/\/www.servitechenergie.com\/en\/"},{"@type":"ListItem","position":2,"name":"Career"}]},{"@type":"WebSite","@id":"https:\/\/www.servitechenergie.com\/#website","url":"https:\/\/www.servitechenergie.com\/","name":"Servitech \u00c9nergie","description":"Pour une performance \u00e9nerg\u00e9tique sans interruption","potentialAction":[{"@type":"SearchAction","target":{"@type":"EntryPoint","urlTemplate":"https:\/\/www.servitechenergie.com\/?s={search_term_string}"},"query-input":"required name=search_term_string"}],"inLanguage":"en-US"}]}},"_links":{"self":[{"href":"https:\/\/www.servitechenergie.com\/en\/wp-json\/wp\/v2\/pages\/1059","targetHints":{"allow":["GET"]}}],"collection":[{"href":"https:\/\/www.servitechenergie.com\/en\/wp-json\/wp\/v2\/pages"}],"about":[{"href":"https:\/\/www.servitechenergie.com\/en\/wp-json\/wp\/v2\/types\/page"}],"author":[{"embeddable":true,"href":"https:\/\/www.servitechenergie.com\/en\/wp-json\/wp\/v2\/users\/1"}],"replies":[{"embeddable":true,"href":"https:\/\/www.servitechenergie.com\/en\/wp-json\/wp\/v2\/comments?post=1059"}],"version-history":[{"count":4,"href":"https:\/\/www.servitechenergie.com\/en\/wp-json\/wp\/v2\/pages\/1059\/revisions"}],"predecessor-version":[{"id":1201,"href":"https:\/\/www.servitechenergie.com\/en\/wp-json\/wp\/v2\/pages\/1059\/revisions\/1201"}],"wp:attachment":[{"href":"https:\/\/www.servitechenergie.com\/en\/wp-json\/wp\/v2\/media?parent=1059"}],"wp:term":[{"taxonomy":"category","embeddable":true,"href":"https:\/\/www.servitechenergie.com\/en\/wp-json\/wp\/v2\/categories?post=1059"},{"taxonomy":"post_tag","embeddable":true,"href":"https:\/\/www.servitechenergie.com\/en\/wp-json\/wp\/v2\/tags?post=1059"}],"curies":[{"name":"wp","href":"https:\/\/api.w.org\/{rel}","templated":true}]}}