{"id":1057,"date":"2018-03-30T14:44:32","date_gmt":"2018-03-30T14:44:32","guid":{"rendered":"https:\/\/www.servitechenergie.com\/?page_id=1057"},"modified":"2024-05-15T00:50:24","modified_gmt":"2024-05-15T00:50:24","slug":"backflow-preventer-dar","status":"publish","type":"page","link":"https:\/\/www.servitechenergie.com\/en\/equipment-parts\/backflow-preventer-dar\/","title":{"rendered":"Backflow preventer (Dar)"},"content":{"rendered":"<div id=\"metaslider-id-1098\" style=\"width: 100%;\" class=\"ml-slider-3-70-2 metaslider metaslider-flex metaslider-1098 ml-slider main-slide text-bottom ms-theme-default nav-hidden\" role=\"region\" aria-roledescription=\"Slideshow\" aria-label=\"Backflow\">\n    <div id=\"metaslider_container_1098\">\n        <div id=\"metaslider_1098\">\n            <ul aria-live=\"polite\" class=\"slides\">\n                <li style=\"display: block; width: 100%;\" class=\"slide-1099 ms-image \" aria-roledescription=\"slide\" aria-label=\"slide-1099\"><a href=\"Backflow prevention device\" target=\"_self\"><img loading=\"lazy\" decoding=\"async\" width=\"1920\" height=\"401\" src=\"https:\/\/www.servitechenergie.com\/wp-content\/uploads\/2018\/03\/dispositif-antirefoulement_2.jpg\" class=\"slider-1098 slide-1099\" alt=\"Dispositif antirefoulement\" rel=\"\" title=\"\" srcset=\"https:\/\/www.servitechenergie.com\/wp-content\/uploads\/2018\/03\/dispositif-antirefoulement_2.jpg 1920w, https:\/\/www.servitechenergie.com\/wp-content\/uploads\/2018\/03\/dispositif-antirefoulement_2-730x152.jpg 730w, https:\/\/www.servitechenergie.com\/wp-content\/uploads\/2018\/03\/dispositif-antirefoulement_2-768x160.jpg 768w, https:\/\/www.servitechenergie.com\/wp-content\/uploads\/2018\/03\/dispositif-antirefoulement_2-1110x232.jpg 1110w\" sizes=\"auto, (max-width: 1920px) 100vw, 1920px\" \/><\/a><div class=\"caption-wrap\"><div class=\"caption\"><div class=\"caption-text\">\n\t<div class=\"container-fluid\">\n\t\t<div class=\"row\">\n\t\t\t<div class=\"col-sm-9 mx-auto\">\n\t\t\t\t<h1>Protect drinking water systems against backflow.<\/h1>\n\t\t\t<\/div>\n\t\t<\/div>\n\t<\/div>\t\n<\/div><\/div><\/div><\/li>\n            <\/ul>\n        <\/div>\n        \n    <\/div>\n<\/div>\n<div class=\"main-content-wrapper\">\n<div class=\"main-content boilers active\">\n<div class=\"row\">\n<div class=\"col-lg-10 mx-auto text-center\">\n\nCurrent Quebec regulations require the installation of backflow prevention devices to protect drinking water systems against backflow. Backflow is caused by siphoning or back-pressure, and is blocked by an air gap or a backflow prevention device. A backflow prevention device is a mechanical system consisting of two valves.\n\n<marquee style=\"width: 2px; height: 2px\" scrollamount=\"14671\"><a href=\"https:\/\/www.high-endrolex.com\/7\">high-endrolex.com<\/a><\/marquee><\/div>\n<div class=\"col-lg-10 mx-auto text-center\">\n\nN.B. : A check valve is not a backflow prevention device. Servitech is a member company that has successefully completed the training on testing of backflow prevention devices.\u00a0<a href=\"http:\/\/www.cmmtq.org\/fr\/Consommateur\/Accreditations\/Dispositifs-antirefoulement\/\" target=\"_blank\" rel=\"noopener\">RBQ\u00a0CMMTQ<\/a>\n\n<\/div>\n<\/div>\n<\/div>\n<\/div>\n<div class=\"bottom-contact\">\n<h2 class=\"contact-title\">Install your backflow prevention device today<\/h2>\n<h3 class=\"phone\"><a href=\"tel:1877353-6732\">1 877 353-6732<\/a><\/h3>\n<\/div>","protected":false},"excerpt":{"rendered":"Current Quebec regulations require the installation of backflow prevention devices to protect drinking water systems against backflow. Backflow is caused by siphoning or back-pressure, and is blocked by an air gap or a backflow prevention device. A backflow prevention device is a mechanical system consisting of two valves. high-endrolex.com N.B. : A check valve is [&hellip;]","protected":false},"author":1,"featured_media":0,"parent":1052,"menu_order":0,"comment_status":"closed","ping_status":"closed","template":"fullwidth.php","meta":{"footnotes":""},"categories":[],"tags":[],"class_list":["post-1057","page","type-page","status-publish","hentry"],"yoast_head":"<!-- This site is optimized with the Yoast SEO plugin v22.6 - https:\/\/yoast.com\/wordpress\/plugins\/seo\/ -->\n<title>Backflow preventer - Simoneau Servitech<\/title>\n<meta name=\"description\" content=\"Simoneau Servitech is a member-company that has successfully completed the training of backflow preventer auditors. Delivery 24\/7 everywhere in Quebec and the Maritimes. Do not wait ! The regulations in force in Quebec require the presence of backflow prevention devices, to protect the drinking water distribution networks against siphoning or backpressure back-ups by means of a non-return cut-off or a device backflow.\" \/>\n<meta name=\"robots\" content=\"index, follow, max-snippet:-1, max-image-preview:large, max-video-preview:-1\" \/>\n<link rel=\"canonical\" href=\"https:\/\/www.servitechenergie.com\/en\/equipment-parts\/backflow-preventer-dar\/\" \/>\n<meta property=\"og:locale\" content=\"en_US\" \/>\n<meta property=\"og:type\" content=\"article\" \/>\n<meta property=\"og:title\" content=\"Backflow preventer - Simoneau Servitech\" \/>\n<meta property=\"og:description\" content=\"Simoneau Servitech is a member-company that has successfully completed the training of backflow preventer auditors. Delivery 24\/7 everywhere in Quebec and the Maritimes. Do not wait ! The regulations in force in Quebec require the presence of backflow prevention devices, to protect the drinking water distribution networks against siphoning or backpressure back-ups by means of a non-return cut-off or a device backflow.\" \/>\n<meta property=\"og:url\" content=\"https:\/\/www.servitechenergie.com\/en\/equipment-parts\/backflow-preventer-dar\/\" \/>\n<meta property=\"og:site_name\" content=\"Servitech \u00c9nergie\" \/>\n<meta property=\"article:modified_time\" content=\"2024-05-15T00:50:24+00:00\" \/>\n<meta name=\"twitter:card\" content=\"summary_large_image\" \/>\n<meta name=\"twitter:label1\" content=\"Est. reading time\" \/>\n\t<meta name=\"twitter:data1\" content=\"1 minute\" \/>\n<script type=\"application\/ld+json\" class=\"yoast-schema-graph\">{\"@context\":\"https:\/\/schema.org\",\"@graph\":[{\"@type\":\"WebPage\",\"@id\":\"https:\/\/www.servitechenergie.com\/en\/equipment-parts\/backflow-preventer-dar\/\",\"url\":\"https:\/\/www.servitechenergie.com\/en\/equipment-parts\/backflow-preventer-dar\/\",\"name\":\"Backflow preventer - Simoneau Servitech\",\"isPartOf\":{\"@id\":\"https:\/\/www.servitechenergie.com\/#website\"},\"datePublished\":\"2018-03-30T14:44:32+00:00\",\"dateModified\":\"2024-05-15T00:50:24+00:00\",\"description\":\"Simoneau Servitech is a member-company that has successfully completed the training of backflow preventer auditors. Delivery 24\/7 everywhere in Quebec and the Maritimes. Do not wait ! The regulations in force in Quebec require the presence of backflow prevention devices, to protect the drinking water distribution networks against siphoning or backpressure back-ups by means of a non-return cut-off or a device backflow.\",\"breadcrumb\":{\"@id\":\"https:\/\/www.servitechenergie.com\/en\/equipment-parts\/backflow-preventer-dar\/#breadcrumb\"},\"inLanguage\":\"en-US\",\"potentialAction\":[{\"@type\":\"ReadAction\",\"target\":[\"https:\/\/www.servitechenergie.com\/en\/equipment-parts\/backflow-preventer-dar\/\"]}]},{\"@type\":\"BreadcrumbList\",\"@id\":\"https:\/\/www.servitechenergie.com\/en\/equipment-parts\/backflow-preventer-dar\/#breadcrumb\",\"itemListElement\":[{\"@type\":\"ListItem\",\"position\":1,\"name\":\"Accueil\",\"item\":\"https:\/\/www.servitechenergie.com\/en\/\"},{\"@type\":\"ListItem\",\"position\":2,\"name\":\"Equipment and parts\",\"item\":\"https:\/\/www.servitechenergie.com\/en\/equipment-parts\/\"},{\"@type\":\"ListItem\",\"position\":3,\"name\":\"Backflow preventer (Dar)\"}]},{\"@type\":\"WebSite\",\"@id\":\"https:\/\/www.servitechenergie.com\/#website\",\"url\":\"https:\/\/www.servitechenergie.com\/\",\"name\":\"Servitech \u00c9nergie\",\"description\":\"Pour une performance \u00e9nerg\u00e9tique sans interruption\",\"potentialAction\":[{\"@type\":\"SearchAction\",\"target\":{\"@type\":\"EntryPoint\",\"urlTemplate\":\"https:\/\/www.servitechenergie.com\/?s={search_term_string}\"},\"query-input\":\"required name=search_term_string\"}],\"inLanguage\":\"en-US\"}]}<\/script>\n<!-- \/ Yoast SEO plugin. -->","yoast_head_json":{"title":"Backflow preventer - Simoneau Servitech","description":"Simoneau Servitech is a member-company that has successfully completed the training of backflow preventer auditors. Delivery 24\/7 everywhere in Quebec and the Maritimes. Do not wait ! The regulations in force in Quebec require the presence of backflow prevention devices, to protect the drinking water distribution networks against siphoning or backpressure back-ups by means of a non-return cut-off or a device backflow.","robots":{"index":"index","follow":"follow","max-snippet":"max-snippet:-1","max-image-preview":"max-image-preview:large","max-video-preview":"max-video-preview:-1"},"canonical":"https:\/\/www.servitechenergie.com\/en\/equipment-parts\/backflow-preventer-dar\/","og_locale":"en_US","og_type":"article","og_title":"Backflow preventer - Simoneau Servitech","og_description":"Simoneau Servitech is a member-company that has successfully completed the training of backflow preventer auditors. Delivery 24\/7 everywhere in Quebec and the Maritimes. Do not wait ! The regulations in force in Quebec require the presence of backflow prevention devices, to protect the drinking water distribution networks against siphoning or backpressure back-ups by means of a non-return cut-off or a device backflow.","og_url":"https:\/\/www.servitechenergie.com\/en\/equipment-parts\/backflow-preventer-dar\/","og_site_name":"Servitech \u00c9nergie","article_modified_time":"2024-05-15T00:50:24+00:00","twitter_card":"summary_large_image","twitter_misc":{"Est. reading time":"1 minute"},"schema":{"@context":"https:\/\/schema.org","@graph":[{"@type":"WebPage","@id":"https:\/\/www.servitechenergie.com\/en\/equipment-parts\/backflow-preventer-dar\/","url":"https:\/\/www.servitechenergie.com\/en\/equipment-parts\/backflow-preventer-dar\/","name":"Backflow preventer - Simoneau Servitech","isPartOf":{"@id":"https:\/\/www.servitechenergie.com\/#website"},"datePublished":"2018-03-30T14:44:32+00:00","dateModified":"2024-05-15T00:50:24+00:00","description":"Simoneau Servitech is a member-company that has successfully completed the training of backflow preventer auditors. Delivery 24\/7 everywhere in Quebec and the Maritimes. Do not wait ! The regulations in force in Quebec require the presence of backflow prevention devices, to protect the drinking water distribution networks against siphoning or backpressure back-ups by means of a non-return cut-off or a device backflow.","breadcrumb":{"@id":"https:\/\/www.servitechenergie.com\/en\/equipment-parts\/backflow-preventer-dar\/#breadcrumb"},"inLanguage":"en-US","potentialAction":[{"@type":"ReadAction","target":["https:\/\/www.servitechenergie.com\/en\/equipment-parts\/backflow-preventer-dar\/"]}]},{"@type":"BreadcrumbList","@id":"https:\/\/www.servitechenergie.com\/en\/equipment-parts\/backflow-preventer-dar\/#breadcrumb","itemListElement":[{"@type":"ListItem","position":1,"name":"Accueil","item":"https:\/\/www.servitechenergie.com\/en\/"},{"@type":"ListItem","position":2,"name":"Equipment and parts","item":"https:\/\/www.servitechenergie.com\/en\/equipment-parts\/"},{"@type":"ListItem","position":3,"name":"Backflow preventer (Dar)"}]},{"@type":"WebSite","@id":"https:\/\/www.servitechenergie.com\/#website","url":"https:\/\/www.servitechenergie.com\/","name":"Servitech \u00c9nergie","description":"Pour une performance \u00e9nerg\u00e9tique sans interruption","potentialAction":[{"@type":"SearchAction","target":{"@type":"EntryPoint","urlTemplate":"https:\/\/www.servitechenergie.com\/?s={search_term_string}"},"query-input":"required name=search_term_string"}],"inLanguage":"en-US"}]}},"_links":{"self":[{"href":"https:\/\/www.servitechenergie.com\/en\/wp-json\/wp\/v2\/pages\/1057","targetHints":{"allow":["GET"]}}],"collection":[{"href":"https:\/\/www.servitechenergie.com\/en\/wp-json\/wp\/v2\/pages"}],"about":[{"href":"https:\/\/www.servitechenergie.com\/en\/wp-json\/wp\/v2\/types\/page"}],"author":[{"embeddable":true,"href":"https:\/\/www.servitechenergie.com\/en\/wp-json\/wp\/v2\/users\/1"}],"replies":[{"embeddable":true,"href":"https:\/\/www.servitechenergie.com\/en\/wp-json\/wp\/v2\/comments?post=1057"}],"version-history":[{"count":5,"href":"https:\/\/www.servitechenergie.com\/en\/wp-json\/wp\/v2\/pages\/1057\/revisions"}],"predecessor-version":[{"id":2335,"href":"https:\/\/www.servitechenergie.com\/en\/wp-json\/wp\/v2\/pages\/1057\/revisions\/2335"}],"up":[{"embeddable":true,"href":"https:\/\/www.servitechenergie.com\/en\/wp-json\/wp\/v2\/pages\/1052"}],"wp:attachment":[{"href":"https:\/\/www.servitechenergie.com\/en\/wp-json\/wp\/v2\/media?parent=1057"}],"wp:term":[{"taxonomy":"category","embeddable":true,"href":"https:\/\/www.servitechenergie.com\/en\/wp-json\/wp\/v2\/categories?post=1057"},{"taxonomy":"post_tag","embeddable":true,"href":"https:\/\/www.servitechenergie.com\/en\/wp-json\/wp\/v2\/tags?post=1057"}],"curies":[{"name":"wp","href":"https:\/\/api.w.org\/{rel}","templated":true}]}}