{"id":1055,"date":"2018-03-30T15:02:18","date_gmt":"2018-03-30T15:02:18","guid":{"rendered":"https:\/\/www.servitechenergie.com\/?page_id=1055"},"modified":"2018-04-19T21:12:05","modified_gmt":"2018-04-19T21:12:05","slug":"boiler-room-accessories","status":"publish","type":"page","link":"https:\/\/www.servitechenergie.com\/en\/equipment-parts\/boiler-room-accessories\/","title":{"rendered":"Boiler room accessories"},"content":{"rendered":"<div id=\"metaslider-id-1094\" style=\"width: 100%;\" class=\"ml-slider-3-70-2 metaslider metaslider-flex metaslider-1094 ml-slider main-slide text-bottom ms-theme-default nav-hidden\" role=\"region\" aria-roledescription=\"Slideshow\" aria-label=\"Accessories\">\n    <div id=\"metaslider_container_1094\">\n        <div id=\"metaslider_1094\">\n            <ul aria-live=\"polite\" class=\"slides\">\n                <li style=\"display: block; width: 100%;\" class=\"slide-1095 ms-image \" aria-roledescription=\"slide\" aria-label=\"slide-1095\"><img loading=\"lazy\" decoding=\"async\" width=\"1920\" height=\"788\" src=\"https:\/\/www.servitechenergie.com\/wp-content\/uploads\/2018\/03\/banner-accessories.jpg\" class=\"slider-1094 slide-1095\" alt=\"Accessories\" rel=\"\" title=\"\" srcset=\"https:\/\/www.servitechenergie.com\/wp-content\/uploads\/2018\/03\/banner-accessories.jpg 1920w, https:\/\/www.servitechenergie.com\/wp-content\/uploads\/2018\/03\/banner-accessories-730x300.jpg 730w, https:\/\/www.servitechenergie.com\/wp-content\/uploads\/2018\/03\/banner-accessories-768x315.jpg 768w, https:\/\/www.servitechenergie.com\/wp-content\/uploads\/2018\/03\/banner-accessories-1110x456.jpg 1110w\" sizes=\"auto, (max-width: 1920px) 100vw, 1920px\" \/><div class=\"caption-wrap\"><div class=\"caption\"><div class=\"caption-text bottom\">\n\t<div class=\"container-fluid\">\n\t\t<div class=\"row\">\n\t\t\t<div class=\"col-sm-9 mx-auto\">\n\t\t\t\t<h1>Install the boiler room accessories that make a difference in terms of energy... and cost.<\/h1>\n\t\t\t<\/div>\n\t\t<\/div>\n\t<\/div>\t\n<\/div><\/div><\/div><\/li>\n            <\/ul>\n        <\/div>\n        \n    <\/div>\n<\/div>\r\n<div id=\"parts\">\r\n<div class=\"top-content\">\r\n<p class=\"icon-truck\"><img decoding=\"async\" src=\"\/wp-content\/themes\/servitech\/images\/parts\/icon-truck.png\" \/><\/p>\r\n<p class=\"top-msg\">We deliver anywhere in Quebec and the Maritimes.<\/p>\r\n<\/div>\r\n<div class=\"col-sm-12 subtitle\">\r\n<h2>Boiler room equipment<\/h2>\r\n<h3><a class=\"phone\" href=\"tel:18773536732\">1 877 353-6732<\/a><\/h3>\r\n<\/div>\r\n<div class=\"container-fluid parts-menu accessories\">\r\n<div class=\"row parts-row\">\r\n<div class=\"col-xs-6 col-sm-4 col-md-4 parts-menu-wrapper\">\r\n<div class=\"parts-menu-item\">\r\n<h3 class=\"burners\">Burners<\/h3>\r\n<\/div>\r\n<\/div>\r\n<div class=\"col-xs-6 col-sm-4 col-md-4 parts-menu-wrapper\">\r\n<div class=\"parts-menu-item\">\r\n<h3 class=\"controls\">Economizers<\/h3>\r\n<\/div>\r\n<\/div>\r\n<div class=\"col-xs-6 col-sm-4 col-md-4 parts-menu-wrapper\">\r\n<div class=\"parts-menu-item\">\r\n<h3 class=\"tanks\">Tanks<\/h3>\r\n<\/div>\r\n<\/div>\r\n<div class=\"col-xs-6 col-sm-4 col-md-4 parts-menu-wrapper\">\r\n<div class=\"parts-menu-item\">\r\n<h3 class=\"exchangers\">Heat Exchangers<\/h3>\r\n<\/div>\r\n<\/div>\r\n<div class=\"col-xs-6 col-sm-4 col-md-4 parts-menu-wrapper\">\r\n<div class=\"parts-menu-item\">\r\n<h3 class=\"degassers\">Deaerators<\/h3>\r\n<\/div>\r\n<\/div>\r\n<div class=\"col-xs-6 col-sm-4 col-md-4 parts-menu-wrapper\">\r\n<div class=\"parts-menu-item\">\r\n<h3 class=\"components\">Steam purge components<\/h3>\r\n<\/div>\r\n<\/div>\r\n<\/div>\r\n<\/div>\r\n<div class=\"logos\">\r\n<figure id=\"asco\"><img loading=\"lazy\" decoding=\"async\" title=\"ASCO\" src=\"\/wp-content\/uploads\/2017\/11\/logo-asco.png\" alt=\"ASCO\" width=\"256\" height=\"100\" \/><\/figure>\r\n<figure id=\"autoflame\"><img loading=\"lazy\" decoding=\"async\" title=\"AutoFlame\" src=\"\/wp-content\/uploads\/2017\/11\/logo-autoflame.png\" alt=\"AutoFlame\" width=\"256\" height=\"100\" \/><\/figure>\r\n<figure id=\"crane\"><img loading=\"lazy\" decoding=\"async\" title=\"Crane\" src=\"\/wp-content\/uploads\/2017\/11\/logo-crane.png\" alt=\"Crane\" width=\"256\" height=\"100\" \/><\/figure>\r\n<figure id=\"grundfos\"><img loading=\"lazy\" decoding=\"async\" title=\"Grundfos\" src=\"\/wp-content\/uploads\/2017\/11\/logo-grundfos.png\" alt=\"Grundfos\" width=\"256\" height=\"100\" \/><\/figure>\r\n<figure id=\"honeywell\"><img loading=\"lazy\" decoding=\"async\" title=\"Honeywell\" src=\"\/wp-content\/uploads\/2017\/11\/logo-honeywell.png\" alt=\"Honeywell\" width=\"256\" height=\"100\" \/><\/figure>\r\n<figure id=\"winters\"><img loading=\"lazy\" decoding=\"async\" title=\"Winters\" src=\"\/wp-content\/uploads\/2017\/11\/logo-winters.png\" alt=\"Winters\" width=\"256\" height=\"100\" \/><\/figure>\r\n<figure id=\"topog-e\"><img loading=\"lazy\" decoding=\"async\" title=\"TOPOG-E\" src=\"\/wp-content\/uploads\/2017\/11\/logo-topog-e.png\" alt=\"TOPOG-E\" width=\"256\" height=\"100\" \/><\/figure>\r\n<figure id=\"mcdonnell\"><img loading=\"lazy\" decoding=\"async\" title=\"McDonnell &amp; Miller\" src=\"\/wp-content\/uploads\/2017\/11\/logo-mcdonnel-miller.png\" alt=\"McDonnell &amp; Miller\" width=\"256\" height=\"100\" \/><\/figure>\r\n<\/div>\r\n<div class=\"bottom-contact\">\r\n<h2 class=\"contact-title\">Boiler room accessories<\/h2>\r\n<h3 class=\"phone\"><a href=\"tel:18773536732\">1 877 353-6732<\/a><\/h3>\r\n<\/div>\r\n<\/div>","protected":false},"excerpt":{"rendered":"We deliver anywhere in Quebec and the Maritimes. Boiler room equipment 1 877 353-6732 Burners Economizers Tanks Heat Exchangers Deaerators Steam purge components Boiler room accessories 1 877 353-6732","protected":false},"author":1,"featured_media":0,"parent":1052,"menu_order":0,"comment_status":"closed","ping_status":"closed","template":"fullwidth.php","meta":{"footnotes":""},"categories":[],"tags":[],"class_list":["post-1055","page","type-page","status-publish","hentry"],"yoast_head":"<!-- This site is optimized with the Yoast SEO plugin v22.6 - https:\/\/yoast.com\/wordpress\/plugins\/seo\/ -->\n<title>Boiler room accessories - Simoneau Servitech<\/title>\n<meta name=\"description\" content=\"Simoneau Servitech offers a series of accessories for your boiler system. Burners, controls, tanks, exchangers, degassers, steam purge components, we have all the qualifications to manufacture and certify the accessories according to your needs and specifications.\" \/>\n<meta name=\"robots\" content=\"index, follow, max-snippet:-1, max-image-preview:large, max-video-preview:-1\" \/>\n<link rel=\"canonical\" href=\"https:\/\/www.servitechenergie.com\/en\/equipment-parts\/boiler-room-accessories\/\" \/>\n<meta property=\"og:locale\" content=\"en_US\" \/>\n<meta property=\"og:type\" content=\"article\" \/>\n<meta property=\"og:title\" content=\"Boiler room accessories - Simoneau Servitech\" \/>\n<meta property=\"og:description\" content=\"Simoneau Servitech offers a series of accessories for your boiler system. Burners, controls, tanks, exchangers, degassers, steam purge components, we have all the qualifications to manufacture and certify the accessories according to your needs and specifications.\" \/>\n<meta property=\"og:url\" content=\"https:\/\/www.servitechenergie.com\/en\/equipment-parts\/boiler-room-accessories\/\" \/>\n<meta property=\"og:site_name\" content=\"Servitech \u00c9nergie\" \/>\n<meta property=\"article:modified_time\" content=\"2018-04-19T21:12:05+00:00\" \/>\n<meta name=\"twitter:card\" content=\"summary_large_image\" \/>\n<script type=\"application\/ld+json\" class=\"yoast-schema-graph\">{\"@context\":\"https:\/\/schema.org\",\"@graph\":[{\"@type\":\"WebPage\",\"@id\":\"https:\/\/www.servitechenergie.com\/en\/equipment-parts\/boiler-room-accessories\/\",\"url\":\"https:\/\/www.servitechenergie.com\/en\/equipment-parts\/boiler-room-accessories\/\",\"name\":\"Boiler room accessories - Simoneau Servitech\",\"isPartOf\":{\"@id\":\"https:\/\/www.servitechenergie.com\/#website\"},\"datePublished\":\"2018-03-30T15:02:18+00:00\",\"dateModified\":\"2018-04-19T21:12:05+00:00\",\"description\":\"Simoneau Servitech offers a series of accessories for your boiler system. Burners, controls, tanks, exchangers, degassers, steam purge components, we have all the qualifications to manufacture and certify the accessories according to your needs and specifications.\",\"breadcrumb\":{\"@id\":\"https:\/\/www.servitechenergie.com\/en\/equipment-parts\/boiler-room-accessories\/#breadcrumb\"},\"inLanguage\":\"en-US\",\"potentialAction\":[{\"@type\":\"ReadAction\",\"target\":[\"https:\/\/www.servitechenergie.com\/en\/equipment-parts\/boiler-room-accessories\/\"]}]},{\"@type\":\"BreadcrumbList\",\"@id\":\"https:\/\/www.servitechenergie.com\/en\/equipment-parts\/boiler-room-accessories\/#breadcrumb\",\"itemListElement\":[{\"@type\":\"ListItem\",\"position\":1,\"name\":\"Accueil\",\"item\":\"https:\/\/www.servitechenergie.com\/en\/\"},{\"@type\":\"ListItem\",\"position\":2,\"name\":\"Equipment and parts\",\"item\":\"https:\/\/www.servitechenergie.com\/en\/equipment-parts\/\"},{\"@type\":\"ListItem\",\"position\":3,\"name\":\"Boiler room accessories\"}]},{\"@type\":\"WebSite\",\"@id\":\"https:\/\/www.servitechenergie.com\/#website\",\"url\":\"https:\/\/www.servitechenergie.com\/\",\"name\":\"Servitech \u00c9nergie\",\"description\":\"Pour une performance \u00e9nerg\u00e9tique sans interruption\",\"potentialAction\":[{\"@type\":\"SearchAction\",\"target\":{\"@type\":\"EntryPoint\",\"urlTemplate\":\"https:\/\/www.servitechenergie.com\/?s={search_term_string}\"},\"query-input\":\"required name=search_term_string\"}],\"inLanguage\":\"en-US\"}]}<\/script>\n<!-- \/ Yoast SEO plugin. -->","yoast_head_json":{"title":"Boiler room accessories - Simoneau Servitech","description":"Simoneau Servitech offers a series of accessories for your boiler system. Burners, controls, tanks, exchangers, degassers, steam purge components, we have all the qualifications to manufacture and certify the accessories according to your needs and specifications.","robots":{"index":"index","follow":"follow","max-snippet":"max-snippet:-1","max-image-preview":"max-image-preview:large","max-video-preview":"max-video-preview:-1"},"canonical":"https:\/\/www.servitechenergie.com\/en\/equipment-parts\/boiler-room-accessories\/","og_locale":"en_US","og_type":"article","og_title":"Boiler room accessories - Simoneau Servitech","og_description":"Simoneau Servitech offers a series of accessories for your boiler system. Burners, controls, tanks, exchangers, degassers, steam purge components, we have all the qualifications to manufacture and certify the accessories according to your needs and specifications.","og_url":"https:\/\/www.servitechenergie.com\/en\/equipment-parts\/boiler-room-accessories\/","og_site_name":"Servitech \u00c9nergie","article_modified_time":"2018-04-19T21:12:05+00:00","twitter_card":"summary_large_image","schema":{"@context":"https:\/\/schema.org","@graph":[{"@type":"WebPage","@id":"https:\/\/www.servitechenergie.com\/en\/equipment-parts\/boiler-room-accessories\/","url":"https:\/\/www.servitechenergie.com\/en\/equipment-parts\/boiler-room-accessories\/","name":"Boiler room accessories - Simoneau Servitech","isPartOf":{"@id":"https:\/\/www.servitechenergie.com\/#website"},"datePublished":"2018-03-30T15:02:18+00:00","dateModified":"2018-04-19T21:12:05+00:00","description":"Simoneau Servitech offers a series of accessories for your boiler system. Burners, controls, tanks, exchangers, degassers, steam purge components, we have all the qualifications to manufacture and certify the accessories according to your needs and specifications.","breadcrumb":{"@id":"https:\/\/www.servitechenergie.com\/en\/equipment-parts\/boiler-room-accessories\/#breadcrumb"},"inLanguage":"en-US","potentialAction":[{"@type":"ReadAction","target":["https:\/\/www.servitechenergie.com\/en\/equipment-parts\/boiler-room-accessories\/"]}]},{"@type":"BreadcrumbList","@id":"https:\/\/www.servitechenergie.com\/en\/equipment-parts\/boiler-room-accessories\/#breadcrumb","itemListElement":[{"@type":"ListItem","position":1,"name":"Accueil","item":"https:\/\/www.servitechenergie.com\/en\/"},{"@type":"ListItem","position":2,"name":"Equipment and parts","item":"https:\/\/www.servitechenergie.com\/en\/equipment-parts\/"},{"@type":"ListItem","position":3,"name":"Boiler room accessories"}]},{"@type":"WebSite","@id":"https:\/\/www.servitechenergie.com\/#website","url":"https:\/\/www.servitechenergie.com\/","name":"Servitech \u00c9nergie","description":"Pour une performance \u00e9nerg\u00e9tique sans interruption","potentialAction":[{"@type":"SearchAction","target":{"@type":"EntryPoint","urlTemplate":"https:\/\/www.servitechenergie.com\/?s={search_term_string}"},"query-input":"required name=search_term_string"}],"inLanguage":"en-US"}]}},"_links":{"self":[{"href":"https:\/\/www.servitechenergie.com\/en\/wp-json\/wp\/v2\/pages\/1055","targetHints":{"allow":["GET"]}}],"collection":[{"href":"https:\/\/www.servitechenergie.com\/en\/wp-json\/wp\/v2\/pages"}],"about":[{"href":"https:\/\/www.servitechenergie.com\/en\/wp-json\/wp\/v2\/types\/page"}],"author":[{"embeddable":true,"href":"https:\/\/www.servitechenergie.com\/en\/wp-json\/wp\/v2\/users\/1"}],"replies":[{"embeddable":true,"href":"https:\/\/www.servitechenergie.com\/en\/wp-json\/wp\/v2\/comments?post=1055"}],"version-history":[{"count":7,"href":"https:\/\/www.servitechenergie.com\/en\/wp-json\/wp\/v2\/pages\/1055\/revisions"}],"predecessor-version":[{"id":1130,"href":"https:\/\/www.servitechenergie.com\/en\/wp-json\/wp\/v2\/pages\/1055\/revisions\/1130"}],"up":[{"embeddable":true,"href":"https:\/\/www.servitechenergie.com\/en\/wp-json\/wp\/v2\/pages\/1052"}],"wp:attachment":[{"href":"https:\/\/www.servitechenergie.com\/en\/wp-json\/wp\/v2\/media?parent=1055"}],"wp:term":[{"taxonomy":"category","embeddable":true,"href":"https:\/\/www.servitechenergie.com\/en\/wp-json\/wp\/v2\/categories?post=1055"},{"taxonomy":"post_tag","embeddable":true,"href":"https:\/\/www.servitechenergie.com\/en\/wp-json\/wp\/v2\/tags?post=1055"}],"curies":[{"name":"wp","href":"https:\/\/api.w.org\/{rel}","templated":true}]}}