{"id":1049,"date":"2018-03-30T17:52:03","date_gmt":"2018-03-30T17:52:03","guid":{"rendered":"https:\/\/www.servitechenergie.com\/?page_id=1049"},"modified":"2018-04-19T20:33:56","modified_gmt":"2018-04-19T20:33:56","slug":"parts","status":"publish","type":"page","link":"https:\/\/www.servitechenergie.com\/en\/equipment-parts\/parts\/","title":{"rendered":"Parts"},"content":{"rendered":"<div id=\"parts\">\r\n<div class=\"top-content\">\r\n<p class=\"icon-truck\"><img decoding=\"async\" src=\"\/wp-content\/themes\/servitech\/images\/parts\/icon-truck.png\" \/><\/p>\r\n<p class=\"top-msg\">We deliver anywhere in Quebec and the Maritimes.<\/p>\r\n<\/div>\r\n\r\n<div id=\"metaslider-id-1086\" style=\"width: 100%;\" class=\"ml-slider-3-70-2 metaslider metaslider-flex metaslider-1086 ml-slider main-slide text-bottom ms-theme-default nav-hidden\" role=\"region\" aria-roledescription=\"Slideshow\" aria-label=\"Fran\u00e7ois EN\">\n    <div id=\"metaslider_container_1086\">\n        <div id=\"metaslider_1086\">\n            <ul aria-live=\"polite\" class=\"slides\">\n                <li style=\"display: block; width: 100%;\" class=\"slide-1087 ms-image \" aria-roledescription=\"slide\" aria-label=\"slide-1087\"><img loading=\"lazy\" decoding=\"async\" width=\"1920\" height=\"752\" src=\"https:\/\/www.servitechenergie.com\/wp-content\/uploads\/2018\/03\/pieces-francois.jpg\" class=\"slider-1086 slide-1087\" alt=\"Fran\u00e7ois, 24\/7 Energy Technician\" rel=\"\" title=\"\" srcset=\"https:\/\/www.servitechenergie.com\/wp-content\/uploads\/2018\/03\/pieces-francois.jpg 1920w, https:\/\/www.servitechenergie.com\/wp-content\/uploads\/2018\/03\/pieces-francois-730x286.jpg 730w, https:\/\/www.servitechenergie.com\/wp-content\/uploads\/2018\/03\/pieces-francois-768x301.jpg 768w, https:\/\/www.servitechenergie.com\/wp-content\/uploads\/2018\/03\/pieces-francois-1110x435.jpg 1110w\" sizes=\"auto, (max-width: 1920px) 100vw, 1920px\" \/><div class=\"caption-wrap\"><div class=\"caption\"><div class=\"small-caption\">\n\t<p><span class=\"name\">FRAN\u00c7OIS <\/span>24\/7 Energy Technician<\/p>\n<\/div>\n<div class=\"caption-text bottom\">\n\t<div class=\"container-fluid\">\n\t\t<div class=\"row\">\n\t\t\t<div class=\"col-sm-9 mx-auto\">\n\t\t\t\t<h1>Find the boiler parts you need fast.<\/h1>\n\t\t\t<\/div>\n\t\t<\/div>\n\t<\/div>\t\n<\/div><\/div><\/div><\/li>\n            <\/ul>\n        <\/div>\n        \n    <\/div>\n<\/div>\r\n\r\n<div class=\"parts-content\">\r\n<div class=\"parts-details pannel gaskets\">\r\n<div class=\"container-fluid\">\r\n<div class=\"row\">\r\n<div class=\"col-md-10 offset-md-2\">\r\n<div class=\"back-btn\" data-back-btn=\"\"><i class=\"icon-arrow\"><\/i>Back<\/div>\r\n<\/div>\r\n<\/div>\r\n<div class=\"row\">\r\n<div class=\"col-md-2 offset-md-2\">\r\n<div class=\"details-icon\">\u00a0<\/div>\r\n<\/div>\r\n<div class=\"col-md-7\">\r\n<div class=\"parts-details-wrapper\">\r\n<h2>Types of sealing gaskets<\/h2>\r\n<ul>\r\n\t<li>Manhole<\/li>\r\n\t<li>Handhole<\/li>\r\n\t<li>Flange<\/li>\r\n<\/ul>\r\n<\/div>\r\n<\/div>\r\n<\/div>\r\n<\/div>\r\n<\/div>\r\n<div class=\"parts-details pannel valves\">\r\n<div class=\"container-fluid\">\r\n<div class=\"row\">\r\n<div class=\"col-md-10 offset-md-2\">\r\n<div class=\"back-btn\" data-back-btn=\"\"><i class=\"icon-arrow\"><\/i>Back<\/div>\r\n<\/div>\r\n<\/div>\r\n<div class=\"row\">\r\n<div class=\"col-md-2 offset-md-2\">\r\n<div class=\"details-icon\">\u00a0<\/div>\r\n<\/div>\r\n<div class=\"col-md-7\">\r\n<div class=\"parts-details-wrapper\">\r\n<h2>Types of valves<\/h2>\r\n<ul>\r\n\t<li>Safety valve<\/li>\r\n\t<li>Stop &amp; check valve<\/li>\r\n\t<li>Regular and control valves<\/li>\r\n<\/ul>\r\n<\/div>\r\n<\/div>\r\n<\/div>\r\n<\/div>\r\n<\/div>\r\n<div class=\"parts-details pannel instrumentation\">\r\n<div class=\"container-fluid\">\r\n<div class=\"row\">\r\n<div class=\"col-md-10 offset-md-2\">\r\n<div class=\"back-btn\" data-back-btn=\"\"><i class=\"icon-arrow\"><\/i>Back<\/div>\r\n<\/div>\r\n<\/div>\r\n<div class=\"row\">\r\n<div class=\"col-md-2 offset-md-2\">\r\n<div class=\"details-icon\">\u00a0<\/div>\r\n<\/div>\r\n<div class=\"col-md-7\">\r\n<div class=\"parts-details-wrapper\">\r\n<h2>Types of instrumentation<\/h2>\r\n<ul class=\"long-list\">\r\n\t<li>Sensor<\/li>\r\n\t<li>Transmitter<\/li>\r\n\t<li>Thermometer<\/li>\r\n\t<li>Gauge<\/li>\r\n\t<li>Flowmeter<\/li>\r\n\t<li>Sight glass<\/li>\r\n<\/ul>\r\n<\/div>\r\n<\/div>\r\n<\/div>\r\n<\/div>\r\n<\/div>\r\n<div class=\"parts-details pannel tubes\">\r\n<div class=\"container-fluid\">\r\n<div class=\"row\">\r\n<div class=\"col-md-10 offset-md-2\">\r\n<div class=\"back-btn\" data-back-btn=\"\"><i class=\"icon-arrow\"><\/i>Back<\/div>\r\n<\/div>\r\n<\/div>\r\n<div class=\"row\">\r\n<div class=\"col-md-2 offset-md-2\">\r\n<div class=\"details-icon\">\u00a0<\/div>\r\n<\/div>\r\n<div class=\"col-md-7\">\r\n<div class=\"parts-details-wrapper\">\r\n<h2>Types of boiler tubes<\/h2>\r\n<p>We carry the following grades of material:<\/p>\r\n<ul>\r\n\t<li>SA-178A<\/li>\r\n\t<li>SA-192<\/li>\r\n\t<li>SA-210<\/li>\r\n<\/ul>\r\n<\/div>\r\n<\/div>\r\n<\/div>\r\n<\/div>\r\n<\/div>\r\n<div class=\"parts-details pannel fittings\">\r\n<div class=\"container-fluid\">\r\n<div class=\"row\">\r\n<div class=\"col-md-10 offset-md-2\">\r\n<div class=\"back-btn\" data-back-btn=\"\"><i class=\"icon-arrow\"><\/i>Back<\/div>\r\n<\/div>\r\n<\/div>\r\n<div class=\"row\">\r\n<div class=\"col-md-2 offset-md-2\">\r\n<div class=\"details-icon\">\u00a0<\/div>\r\n<\/div>\r\n<div class=\"col-md-7\">\r\n<div class=\"parts-details-wrapper\">\r\n<h2>Types of fittings<\/h2>\r\n<ul>\r\n\t<li>Complete range of\u00a0 steel,\u00a0 stainless steel and copper fittings<\/li>\r\n<\/ul>\r\n<\/div>\r\n<\/div>\r\n<\/div>\r\n<\/div>\r\n<\/div>\r\n<div class=\"parts-details pannel controls\">\r\n<div class=\"container-fluid\">\r\n<div class=\"row\">\r\n<div class=\"col-md-10 offset-md-2\">\r\n<div class=\"back-btn\" data-back-btn=\"\"><i class=\"icon-arrow\"><\/i>Back<\/div>\r\n<\/div>\r\n<\/div>\r\n<div class=\"row\">\r\n<div class=\"col-md-2 offset-md-2\">\r\n<div class=\"details-icon\">\u00a0<\/div>\r\n<\/div>\r\n<div class=\"col-md-7\">\r\n<div class=\"parts-details-wrapper\">\r\n<h2>Types of controls &amp; PLC<\/h2>\r\n<ul>\r\n\t<li>Autoflame<\/li>\r\n\t<li>Preferred<\/li>\r\n\t<li>Allen-Bradley<\/li>\r\n\t<li>Siemens<\/li>\r\n\t<li>Honeywell<\/li>\r\n<\/ul>\r\n<\/div>\r\n<\/div>\r\n<\/div>\r\n<\/div>\r\n<\/div>\r\n<\/div>\r\n<div class=\"container-fluid parts-menu\">\r\n<div class=\"row parts-row\">\r\n<div class=\"col-xs-6 col-sm-4 col-md-4 parts-menu-wrapper\">\r\n<div class=\"parts-menu-item\">\r\n<h3><a class=\"gaskets\" href=\"#gaskets\">Sealing gaskets<\/a><\/h3>\r\n<\/div>\r\n<\/div>\r\n<div class=\"col-xs-6 col-sm-4 col-md-4 parts-menu-wrapper\">\r\n<div class=\"parts-menu-item\">\r\n<h3><a class=\"valves\" href=\"#valves\">Valves<\/a><\/h3>\r\n<\/div>\r\n<\/div>\r\n<div class=\"col-xs-6 col-sm-4 col-md-4 parts-menu-wrapper\">\r\n<div class=\"parts-menu-item\">\r\n<h3><a class=\"controls\" href=\"#controls\">Controls &amp; PLC<\/a><\/h3>\r\n<\/div>\r\n<\/div>\r\n<div class=\"col-xs-6 col-sm-4 col-md-4 parts-menu-wrapper\">\r\n<div class=\"parts-menu-item\">\r\n<h3><a class=\"tubes\" href=\"#tubes\">Boiler tubes<\/a><\/h3>\r\n<\/div>\r\n<\/div>\r\n<div class=\"col-xs-6 col-sm-4 col-md-4 parts-menu-wrapper\">\r\n<div class=\"parts-menu-item\">\r\n<h3><a class=\"fittings\" href=\"#fittings\">Fittings<\/a><\/h3>\r\n<\/div>\r\n<\/div>\r\n<div class=\"col-xs-6 col-sm-4 col-md-4 parts-menu-wrapper\">\r\n<div class=\"parts-menu-item\">\r\n<h3><a class=\"instrumentation\" href=\"#instrumentation\">Instrumentation<\/a><\/h3>\r\n<\/div>\r\n<\/div>\r\n<\/div>\r\n<\/div>\r\n<div class=\"logos\">\r\n<figure id=\"asco\"><img loading=\"lazy\" decoding=\"async\" title=\"ASCO\" src=\"\/wp-content\/uploads\/2018\/03\/logo-asco.png\" alt=\"ASCO\" width=\"256\" height=\"100\" \/><\/figure>\r\n<figure id=\"autoflame\"><img loading=\"lazy\" decoding=\"async\" title=\"AutoFlame\" src=\"\/wp-content\/uploads\/2018\/03\/logo-autoflame.png\" alt=\"AutoFlame\" width=\"256\" height=\"100\" \/><\/figure>\r\n<figure id=\"crane\"><img loading=\"lazy\" decoding=\"async\" title=\"Crane\" src=\"\/wp-content\/uploads\/2018\/03\/logo-crane.png\" alt=\"Crane\" width=\"256\" height=\"100\" \/><\/figure>\r\n<figure id=\"grundfos\"><img loading=\"lazy\" decoding=\"async\" title=\"Grundfos\" src=\"\/wp-content\/uploads\/2018\/03\/logo-grundfos.png\" alt=\"Grundfos\" width=\"256\" height=\"100\" \/><\/figure>\r\n<figure id=\"honeywell\"><img loading=\"lazy\" decoding=\"async\" title=\"Honeywell\" src=\"\/wp-content\/uploads\/2018\/03\/logo-honeywell.png\" alt=\"Honeywell\" width=\"256\" height=\"100\" \/><\/figure>\r\n<figure id=\"winters\"><img loading=\"lazy\" decoding=\"async\" title=\"Winters\" src=\"\/wp-content\/uploads\/2018\/03\/logo-winters.png\" alt=\"Winters\" width=\"256\" height=\"100\" \/><\/figure>\r\n<figure id=\"topog-e\"><img loading=\"lazy\" decoding=\"async\" title=\"TOPOG-E\" src=\"\/wp-content\/uploads\/2018\/03\/logo-topog-e.png\" alt=\"TOPOG-E\" width=\"256\" height=\"100\" \/><\/figure>\r\n<figure id=\"mcdonnell\"><img loading=\"lazy\" decoding=\"async\" title=\"McDonnell &amp; Miller\" src=\"\/wp-content\/uploads\/2018\/03\/logo-mcdonnel-miller.png\" alt=\"McDonnell &amp; Miller\" width=\"256\" height=\"100\" \/><\/figure>\r\n<\/div>\r\n<div class=\"row checks-wrapper\">\r\n<div class=\"col-lg-6 mx-auto\">\r\n<div class=\"checks\">\r\n<ul>\r\n\t<li>Experts dedicated to finding the best boiler parts for your equipment<\/li>\r\n\t<li>Replacement parts for the best boilers and burners on the market<\/li>\r\n\t<li>Installation support<\/li>\r\n\t<li>24\/7 delivery anywhere in Quebec and the Maritimes<\/li>\r\n<\/ul>\r\n<\/div>\r\n<\/div>\r\n<\/div>\r\n<div class=\"bottom-contact dark\">\r\n<h2 class=\"contact-title\">Order your parts today<\/h2>\r\n<h3 class=\"phone\"><a href=\"tel:1877353-6732\">1 877 353-6732<\/a><\/h3>\r\n<\/div>\r\n<\/div>","protected":false},"excerpt":{"rendered":"We deliver anywhere in Quebec and the Maritimes. Back \u00a0 Types of sealing gaskets Manhole Handhole Flange Back \u00a0 Types of valves Safety valve Stop &amp; check valve Regular and control valves Back \u00a0 Types of instrumentation Sensor Transmitter Thermometer Gauge Flowmeter Sight glass Back \u00a0 Types of boiler tubes We carry the following grades [&hellip;]","protected":false},"author":1,"featured_media":0,"parent":1052,"menu_order":0,"comment_status":"closed","ping_status":"closed","template":"fullwidth.php","meta":{"footnotes":""},"categories":[],"tags":[],"class_list":["post-1049","page","type-page","status-publish","hentry"],"yoast_head":"<!-- This site is optimized with the Yoast SEO plugin v22.6 - https:\/\/yoast.com\/wordpress\/plugins\/seo\/ -->\n<title>Equipment and parts - Simoneau Servitech<\/title>\n<meta name=\"description\" content=\"Gaskets, valves, controls, boiler tubes, fittings. We have a large inventory of the largest brands of parts for industrial, commercial and institutional boiler rooms. Fast delivery 24\/7 everywhere in Quebec and the Maritimes.\" \/>\n<meta name=\"robots\" content=\"index, follow, max-snippet:-1, max-image-preview:large, max-video-preview:-1\" \/>\n<link rel=\"canonical\" href=\"https:\/\/www.servitechenergie.com\/en\/equipment-parts\/parts\/\" \/>\n<meta property=\"og:locale\" content=\"en_US\" \/>\n<meta property=\"og:type\" content=\"article\" \/>\n<meta property=\"og:title\" content=\"Equipment and parts - Simoneau Servitech\" \/>\n<meta property=\"og:description\" content=\"Gaskets, valves, controls, boiler tubes, fittings. We have a large inventory of the largest brands of parts for industrial, commercial and institutional boiler rooms. Fast delivery 24\/7 everywhere in Quebec and the Maritimes.\" \/>\n<meta property=\"og:url\" content=\"https:\/\/www.servitechenergie.com\/en\/equipment-parts\/parts\/\" \/>\n<meta property=\"og:site_name\" content=\"Servitech \u00c9nergie\" \/>\n<meta property=\"article:modified_time\" content=\"2018-04-19T20:33:56+00:00\" \/>\n<meta name=\"twitter:card\" content=\"summary_large_image\" \/>\n<meta name=\"twitter:label1\" content=\"Est. reading time\" \/>\n\t<meta name=\"twitter:data1\" content=\"1 minute\" \/>\n<script type=\"application\/ld+json\" class=\"yoast-schema-graph\">{\"@context\":\"https:\/\/schema.org\",\"@graph\":[{\"@type\":\"WebPage\",\"@id\":\"https:\/\/www.servitechenergie.com\/en\/equipment-parts\/parts\/\",\"url\":\"https:\/\/www.servitechenergie.com\/en\/equipment-parts\/parts\/\",\"name\":\"Equipment and parts - Simoneau Servitech\",\"isPartOf\":{\"@id\":\"https:\/\/www.servitechenergie.com\/#website\"},\"datePublished\":\"2018-03-30T17:52:03+00:00\",\"dateModified\":\"2018-04-19T20:33:56+00:00\",\"description\":\"Gaskets, valves, controls, boiler tubes, fittings. We have a large inventory of the largest brands of parts for industrial, commercial and institutional boiler rooms. Fast delivery 24\/7 everywhere in Quebec and the Maritimes.\",\"breadcrumb\":{\"@id\":\"https:\/\/www.servitechenergie.com\/en\/equipment-parts\/parts\/#breadcrumb\"},\"inLanguage\":\"en-US\",\"potentialAction\":[{\"@type\":\"ReadAction\",\"target\":[\"https:\/\/www.servitechenergie.com\/en\/equipment-parts\/parts\/\"]}]},{\"@type\":\"BreadcrumbList\",\"@id\":\"https:\/\/www.servitechenergie.com\/en\/equipment-parts\/parts\/#breadcrumb\",\"itemListElement\":[{\"@type\":\"ListItem\",\"position\":1,\"name\":\"Accueil\",\"item\":\"https:\/\/www.servitechenergie.com\/en\/\"},{\"@type\":\"ListItem\",\"position\":2,\"name\":\"Equipment and parts\",\"item\":\"https:\/\/www.servitechenergie.com\/en\/equipment-parts\/\"},{\"@type\":\"ListItem\",\"position\":3,\"name\":\"Parts\"}]},{\"@type\":\"WebSite\",\"@id\":\"https:\/\/www.servitechenergie.com\/#website\",\"url\":\"https:\/\/www.servitechenergie.com\/\",\"name\":\"Servitech \u00c9nergie\",\"description\":\"Pour une performance \u00e9nerg\u00e9tique sans interruption\",\"potentialAction\":[{\"@type\":\"SearchAction\",\"target\":{\"@type\":\"EntryPoint\",\"urlTemplate\":\"https:\/\/www.servitechenergie.com\/?s={search_term_string}\"},\"query-input\":\"required name=search_term_string\"}],\"inLanguage\":\"en-US\"}]}<\/script>\n<!-- \/ Yoast SEO plugin. -->","yoast_head_json":{"title":"Equipment and parts - Simoneau Servitech","description":"Gaskets, valves, controls, boiler tubes, fittings. We have a large inventory of the largest brands of parts for industrial, commercial and institutional boiler rooms. Fast delivery 24\/7 everywhere in Quebec and the Maritimes.","robots":{"index":"index","follow":"follow","max-snippet":"max-snippet:-1","max-image-preview":"max-image-preview:large","max-video-preview":"max-video-preview:-1"},"canonical":"https:\/\/www.servitechenergie.com\/en\/equipment-parts\/parts\/","og_locale":"en_US","og_type":"article","og_title":"Equipment and parts - Simoneau Servitech","og_description":"Gaskets, valves, controls, boiler tubes, fittings. We have a large inventory of the largest brands of parts for industrial, commercial and institutional boiler rooms. Fast delivery 24\/7 everywhere in Quebec and the Maritimes.","og_url":"https:\/\/www.servitechenergie.com\/en\/equipment-parts\/parts\/","og_site_name":"Servitech \u00c9nergie","article_modified_time":"2018-04-19T20:33:56+00:00","twitter_card":"summary_large_image","twitter_misc":{"Est. reading time":"1 minute"},"schema":{"@context":"https:\/\/schema.org","@graph":[{"@type":"WebPage","@id":"https:\/\/www.servitechenergie.com\/en\/equipment-parts\/parts\/","url":"https:\/\/www.servitechenergie.com\/en\/equipment-parts\/parts\/","name":"Equipment and parts - Simoneau Servitech","isPartOf":{"@id":"https:\/\/www.servitechenergie.com\/#website"},"datePublished":"2018-03-30T17:52:03+00:00","dateModified":"2018-04-19T20:33:56+00:00","description":"Gaskets, valves, controls, boiler tubes, fittings. We have a large inventory of the largest brands of parts for industrial, commercial and institutional boiler rooms. Fast delivery 24\/7 everywhere in Quebec and the Maritimes.","breadcrumb":{"@id":"https:\/\/www.servitechenergie.com\/en\/equipment-parts\/parts\/#breadcrumb"},"inLanguage":"en-US","potentialAction":[{"@type":"ReadAction","target":["https:\/\/www.servitechenergie.com\/en\/equipment-parts\/parts\/"]}]},{"@type":"BreadcrumbList","@id":"https:\/\/www.servitechenergie.com\/en\/equipment-parts\/parts\/#breadcrumb","itemListElement":[{"@type":"ListItem","position":1,"name":"Accueil","item":"https:\/\/www.servitechenergie.com\/en\/"},{"@type":"ListItem","position":2,"name":"Equipment and parts","item":"https:\/\/www.servitechenergie.com\/en\/equipment-parts\/"},{"@type":"ListItem","position":3,"name":"Parts"}]},{"@type":"WebSite","@id":"https:\/\/www.servitechenergie.com\/#website","url":"https:\/\/www.servitechenergie.com\/","name":"Servitech \u00c9nergie","description":"Pour une performance \u00e9nerg\u00e9tique sans interruption","potentialAction":[{"@type":"SearchAction","target":{"@type":"EntryPoint","urlTemplate":"https:\/\/www.servitechenergie.com\/?s={search_term_string}"},"query-input":"required name=search_term_string"}],"inLanguage":"en-US"}]}},"_links":{"self":[{"href":"https:\/\/www.servitechenergie.com\/en\/wp-json\/wp\/v2\/pages\/1049","targetHints":{"allow":["GET"]}}],"collection":[{"href":"https:\/\/www.servitechenergie.com\/en\/wp-json\/wp\/v2\/pages"}],"about":[{"href":"https:\/\/www.servitechenergie.com\/en\/wp-json\/wp\/v2\/types\/page"}],"author":[{"embeddable":true,"href":"https:\/\/www.servitechenergie.com\/en\/wp-json\/wp\/v2\/users\/1"}],"replies":[{"embeddable":true,"href":"https:\/\/www.servitechenergie.com\/en\/wp-json\/wp\/v2\/comments?post=1049"}],"version-history":[{"count":16,"href":"https:\/\/www.servitechenergie.com\/en\/wp-json\/wp\/v2\/pages\/1049\/revisions"}],"predecessor-version":[{"id":1143,"href":"https:\/\/www.servitechenergie.com\/en\/wp-json\/wp\/v2\/pages\/1049\/revisions\/1143"}],"up":[{"embeddable":true,"href":"https:\/\/www.servitechenergie.com\/en\/wp-json\/wp\/v2\/pages\/1052"}],"wp:attachment":[{"href":"https:\/\/www.servitechenergie.com\/en\/wp-json\/wp\/v2\/media?parent=1049"}],"wp:term":[{"taxonomy":"category","embeddable":true,"href":"https:\/\/www.servitechenergie.com\/en\/wp-json\/wp\/v2\/categories?post=1049"},{"taxonomy":"post_tag","embeddable":true,"href":"https:\/\/www.servitechenergie.com\/en\/wp-json\/wp\/v2\/tags?post=1049"}],"curies":[{"name":"wp","href":"https:\/\/api.w.org\/{rel}","templated":true}]}}