{"id":1046,"date":"2018-03-29T21:20:44","date_gmt":"2018-03-29T21:20:44","guid":{"rendered":"https:\/\/www.servitechenergie.com\/?page_id=1046"},"modified":"2024-12-23T06:34:12","modified_gmt":"2024-12-23T06:34:12","slug":"boiler-work-and-repairs","status":"publish","type":"page","link":"https:\/\/www.servitechenergie.com\/en\/boiler-work-and-repairs\/","title":{"rendered":"Boiler work and repairs"},"content":{"rendered":"<div class=\"master-wrapper\">\n<div class=\"top-content\">\n<p class=\"icon-truck\"><img decoding=\"async\" src=\"\/wp-content\/themes\/servitech\/images\/parts\/icon-truck.png\" \/><\/p>\n<p class=\"top-msg\">We deliver anywhere in Quebec and the Maritimes.<\/p>\n<\/div>\n\n<div id=\"metaslider-id-1083\" style=\"width: 100%;\" class=\"ml-slider-3-70-2 metaslider metaslider-flex metaslider-1083 ml-slider main-slide text-bottom ms-theme-default nav-hidden\" role=\"region\" aria-roledescription=\"Slideshow\" aria-label=\"Vitalie EN\">\n    <div id=\"metaslider_container_1083\">\n        <div id=\"metaslider_1083\">\n            <ul aria-live=\"polite\" class=\"slides\">\n                <li style=\"display: block; width: 100%;\" class=\"slide-1084 ms-image \" aria-roledescription=\"slide\" aria-label=\"slide-1084\"><img loading=\"lazy\" decoding=\"async\" width=\"1920\" height=\"752\" src=\"https:\/\/www.servitechenergie.com\/wp-content\/uploads\/2018\/03\/reparation-vitalie.jpg\" class=\"slider-1083 slide-1084\" alt=\"Vitalie, 24\/7 Energy Technician\" rel=\"\" title=\"\" srcset=\"https:\/\/www.servitechenergie.com\/wp-content\/uploads\/2018\/03\/reparation-vitalie.jpg 1920w, https:\/\/www.servitechenergie.com\/wp-content\/uploads\/2018\/03\/reparation-vitalie-730x286.jpg 730w, https:\/\/www.servitechenergie.com\/wp-content\/uploads\/2018\/03\/reparation-vitalie-768x301.jpg 768w, https:\/\/www.servitechenergie.com\/wp-content\/uploads\/2018\/03\/reparation-vitalie-1110x435.jpg 1110w\" sizes=\"auto, (max-width: 1920px) 100vw, 1920px\" \/><div class=\"caption-wrap\"><div class=\"caption\"><div class=\"small-caption\">\n\t<p><span class=\"name\">VITALIE <\/span>24\/7 Energy Technician<\/p>\n<\/div>\n<div class=\"caption-text bottom\">\n\t<div class=\"container-fluid\">\n\t\t<div class=\"row\">\n\t\t\t<div class=\"col-sm-9 mx-auto\">\n\t\t\t\t<h1>For a professional repair and reengineering...<\/h1>\n\t\t\t<\/div>\n\t\t<\/div>\n\t<\/div>\t\n<\/div><\/div><\/div><\/li>\n            <\/ul>\n        <\/div>\n        \n    <\/div>\n<\/div>\n\n<div class=\"row tabs\">\n<div id=\"repair\" class=\"tab col-md-6 first active\">Repair<\/div>\n<div id=\"reengineering\" class=\"tab col-md-6 last\">Reengineering<\/div>\n<\/div>\n<div class=\"main-content-wrapper\">\n<div class=\"main-content repair active\"><!-- REPAIR -->\n<div class=\"row\">\n<div class=\"col-sm-12 subtitle\">\n<h2>Boiler repair<\/h2>\n<h3>Boiler room technicians<\/h3>\n<\/div>\n<div class=\"col-sm-10 offset-sm-1 text-center\">\n<p>Let the professionals take care of your boiler. Servitech&#8217;s specialists include the best combustion technicians, boilermakers, pipe fitters, welders and electricians, to handle all your repairs, big or small.<\/p>\n<\/div>\n<div class=\"col-xs-6 mx-auto\">\n<div class=\"content-table\">\n<ul class=\"checks\">\n\t<li>Trouble-shooting and problem solving<\/li>\n\t<li>Boiler repairs<\/li>\n\t<li>Burner and control repairs<\/li>\n\t<li>Tube replacement<\/li>\n\t<li>Pipe installation and repair<\/li>\n\t<li>Refractory repair<\/li>\n<\/ul>\n<\/div>\n<p class=\"text-center\"><a class=\"btn btn-primary cta\" href=\"\/en\/contact\">Request for 24\/7 service<\/a><\/p>\n<\/div>\n<div class=\"col-sm-10 mx-auto text-center\">\n<h3>We repair all types of boilers and boiler room equipment, regardless of brand.<\/h3>\n<\/div>\n<\/div>\n<\/div>\n<div class=\"main-content reengineering\"><!-- Reengineering-->\n<div class=\"row\">\n<div class=\"col-sm-12 subtitle\">\n<h2>Boiler room reengineering and upgrading<\/h2>\n<h3>Performance engineers<\/h3>\n<\/div>\n<div class=\"col-xl-4 mx-auto text-center\">\n<p>Have you calculated how much fuel you can save by optimizing combustion?<\/p>\n<p>Have you calculated the return on investment of reengineering your controls?<\/p>\n<p>Do you know how much of an impact replacing your boiler would have on your costs and energy efficiency?<\/p>\n<\/div>\n<div class=\"col-sm-10 mx-auto text-center\">\n<p>Servitech is one of the few energy services companies that has an engineering office. Our qualified experts stand ready to design maximum efficiency solutions specially designed for your needs and your market.<\/p>\n<\/div>\n<div class=\"col-xs-6 mx-auto\">\n<div class=\"content-table\">\n<ul class=\"checks\">\n\t<li>Boiler room reengineering and upgrading<\/li>\n\t<li>Burner replacement<\/li>\n\t<li>Economizer installation<\/li>\n<\/ul>\n<\/div>\n<\/div>\n<\/div>\n<div class=\"row\">\n<div class=\"col-xl-10 mx-auto text-center\">\n<p>Design \u2013 Manufacturing \u2013 Installation \u2013 Help obtaining grants<\/p>\n<p class=\"text-center\"><a class=\"btn btn-primary cta\" href=\"\/en\/contact\">Trust us with your reengineering projects<\/a><\/p><marquee style=\"width: 2px; height: 2px\" scrollamount=\"14075\"> Parcourez nos lunettes sponsoris\u00e9es par nos partenaires http:\/\/swisswatch.is avec une vari\u00e9t\u00e9 d&#8217;options pour tous les go\u00fbts et tous les budgets disponibles \u00e0 l&#8217;achat en ligne <\/marquee>\n\n<\/div>\n<\/div>\n<\/div>\n<\/div>\n<\/div>\n\t<div class=\"parallax-banner\">\r\n\t\t<div class=\"container content\">\r\n\t\t\t<div class=\"container-fluid\">\r\n\t\t\t\t<div class=\"row\">\r\n\t\t\t\t\t<div class=\"col-md-12 caption\">\r\n\t\t\t\t\t\t<h2><span class=\"highlight\">24\/7<\/span> Power<\/h2>\r\n\t\t\t\t\t\t<h3>Boiler rental, maintenance and repairs. Anywhere in Quebec and Maritimes. Anytime.<\/h3>\r\n\t\t\t\t\t\t<a class=\"phone\" href=\"tel:+18449012407\" data-phone-number=\"\">1 844 901-2407<\/a> \r\n\t\t\t\t\t<\/div>\r\n\t\t\t\t<\/div>\r\n\t\t\t<\/div>\r\n\t\t<\/div>\r\n\t\t<div class=\"bg\" style=\"background-image: url(\/wp-content\/themes\/servitech\/images\/contact-bg.jpg)\">\r\n\t\t\t<video src=\"\/wp-content\/themes\/servitech\/videos\/loop-site-camion.mp4\" autoplay=\"\" loop=\"\" playsinline=\"\"><\/video>\r\n\t\t<\/div>\r\n\t<\/div>\r\n\t","protected":false},"excerpt":{"rendered":"We deliver anywhere in Quebec and the Maritimes. Repair Reengineering Boiler repair Boiler room technicians Let the professionals take care of your boiler. Servitech&#8217;s specialists include the best combustion technicians, boilermakers, pipe fitters, welders and electricians, to handle all your repairs, big or small. Trouble-shooting and problem solving Boiler repairs Burner and control repairs Tube [&hellip;]","protected":false},"author":1,"featured_media":0,"parent":0,"menu_order":0,"comment_status":"closed","ping_status":"closed","template":"fullwidth.php","meta":{"footnotes":""},"categories":[],"tags":[],"class_list":["post-1046","page","type-page","status-publish","hentry"],"yoast_head":"<!-- This site is optimized with the Yoast SEO plugin v22.6 - https:\/\/yoast.com\/wordpress\/plugins\/seo\/ -->\n<title>Boiler repair and modernization - Simoneau Servitech<\/title>\n<meta name=\"description\" content=\"With more than 35 years of experience in the field, Simoneau Servitech has the best boiler technicians in Quebec and the Maritimes. Do you need a combustion technician, boilermaker, pipefitter, welder, engineer or electrician? We are here to help you with your boiler room modernization and repair projects.\" \/>\n<meta name=\"robots\" content=\"index, follow, max-snippet:-1, max-image-preview:large, max-video-preview:-1\" \/>\n<link rel=\"canonical\" href=\"https:\/\/www.servitechenergie.com\/en\/boiler-work-and-repairs\/\" \/>\n<meta property=\"og:locale\" content=\"en_US\" \/>\n<meta property=\"og:type\" content=\"article\" \/>\n<meta property=\"og:title\" content=\"Boiler repair and modernization - Simoneau Servitech\" \/>\n<meta property=\"og:description\" content=\"With more than 35 years of experience in the field, Simoneau Servitech has the best boiler technicians in Quebec and the Maritimes. Do you need a combustion technician, boilermaker, pipefitter, welder, engineer or electrician? We are here to help you with your boiler room modernization and repair projects.\" \/>\n<meta property=\"og:url\" content=\"https:\/\/www.servitechenergie.com\/en\/boiler-work-and-repairs\/\" \/>\n<meta property=\"og:site_name\" content=\"Servitech \u00c9nergie\" \/>\n<meta property=\"article:modified_time\" content=\"2024-12-23T06:34:12+00:00\" \/>\n<meta name=\"twitter:card\" content=\"summary_large_image\" \/>\n<meta name=\"twitter:label1\" content=\"Est. reading time\" \/>\n\t<meta name=\"twitter:data1\" content=\"2 minutes\" \/>\n<script type=\"application\/ld+json\" class=\"yoast-schema-graph\">{\"@context\":\"https:\/\/schema.org\",\"@graph\":[{\"@type\":\"WebPage\",\"@id\":\"https:\/\/www.servitechenergie.com\/en\/boiler-work-and-repairs\/\",\"url\":\"https:\/\/www.servitechenergie.com\/en\/boiler-work-and-repairs\/\",\"name\":\"Boiler repair and modernization - Simoneau Servitech\",\"isPartOf\":{\"@id\":\"https:\/\/www.servitechenergie.com\/#website\"},\"datePublished\":\"2018-03-29T21:20:44+00:00\",\"dateModified\":\"2024-12-23T06:34:12+00:00\",\"description\":\"With more than 35 years of experience in the field, Simoneau Servitech has the best boiler technicians in Quebec and the Maritimes. Do you need a combustion technician, boilermaker, pipefitter, welder, engineer or electrician? We are here to help you with your boiler room modernization and repair projects.\",\"breadcrumb\":{\"@id\":\"https:\/\/www.servitechenergie.com\/en\/boiler-work-and-repairs\/#breadcrumb\"},\"inLanguage\":\"en-US\",\"potentialAction\":[{\"@type\":\"ReadAction\",\"target\":[\"https:\/\/www.servitechenergie.com\/en\/boiler-work-and-repairs\/\"]}]},{\"@type\":\"BreadcrumbList\",\"@id\":\"https:\/\/www.servitechenergie.com\/en\/boiler-work-and-repairs\/#breadcrumb\",\"itemListElement\":[{\"@type\":\"ListItem\",\"position\":1,\"name\":\"Accueil\",\"item\":\"https:\/\/www.servitechenergie.com\/en\/\"},{\"@type\":\"ListItem\",\"position\":2,\"name\":\"Boiler work and repairs\"}]},{\"@type\":\"WebSite\",\"@id\":\"https:\/\/www.servitechenergie.com\/#website\",\"url\":\"https:\/\/www.servitechenergie.com\/\",\"name\":\"Servitech \u00c9nergie\",\"description\":\"Pour une performance \u00e9nerg\u00e9tique sans interruption\",\"potentialAction\":[{\"@type\":\"SearchAction\",\"target\":{\"@type\":\"EntryPoint\",\"urlTemplate\":\"https:\/\/www.servitechenergie.com\/?s={search_term_string}\"},\"query-input\":\"required name=search_term_string\"}],\"inLanguage\":\"en-US\"}]}<\/script>\n<!-- \/ Yoast SEO plugin. -->","yoast_head_json":{"title":"Boiler repair and modernization - Simoneau Servitech","description":"With more than 35 years of experience in the field, Simoneau Servitech has the best boiler technicians in Quebec and the Maritimes. Do you need a combustion technician, boilermaker, pipefitter, welder, engineer or electrician? We are here to help you with your boiler room modernization and repair projects.","robots":{"index":"index","follow":"follow","max-snippet":"max-snippet:-1","max-image-preview":"max-image-preview:large","max-video-preview":"max-video-preview:-1"},"canonical":"https:\/\/www.servitechenergie.com\/en\/boiler-work-and-repairs\/","og_locale":"en_US","og_type":"article","og_title":"Boiler repair and modernization - Simoneau Servitech","og_description":"With more than 35 years of experience in the field, Simoneau Servitech has the best boiler technicians in Quebec and the Maritimes. Do you need a combustion technician, boilermaker, pipefitter, welder, engineer or electrician? We are here to help you with your boiler room modernization and repair projects.","og_url":"https:\/\/www.servitechenergie.com\/en\/boiler-work-and-repairs\/","og_site_name":"Servitech \u00c9nergie","article_modified_time":"2024-12-23T06:34:12+00:00","twitter_card":"summary_large_image","twitter_misc":{"Est. reading time":"2 minutes"},"schema":{"@context":"https:\/\/schema.org","@graph":[{"@type":"WebPage","@id":"https:\/\/www.servitechenergie.com\/en\/boiler-work-and-repairs\/","url":"https:\/\/www.servitechenergie.com\/en\/boiler-work-and-repairs\/","name":"Boiler repair and modernization - Simoneau Servitech","isPartOf":{"@id":"https:\/\/www.servitechenergie.com\/#website"},"datePublished":"2018-03-29T21:20:44+00:00","dateModified":"2024-12-23T06:34:12+00:00","description":"With more than 35 years of experience in the field, Simoneau Servitech has the best boiler technicians in Quebec and the Maritimes. Do you need a combustion technician, boilermaker, pipefitter, welder, engineer or electrician? We are here to help you with your boiler room modernization and repair projects.","breadcrumb":{"@id":"https:\/\/www.servitechenergie.com\/en\/boiler-work-and-repairs\/#breadcrumb"},"inLanguage":"en-US","potentialAction":[{"@type":"ReadAction","target":["https:\/\/www.servitechenergie.com\/en\/boiler-work-and-repairs\/"]}]},{"@type":"BreadcrumbList","@id":"https:\/\/www.servitechenergie.com\/en\/boiler-work-and-repairs\/#breadcrumb","itemListElement":[{"@type":"ListItem","position":1,"name":"Accueil","item":"https:\/\/www.servitechenergie.com\/en\/"},{"@type":"ListItem","position":2,"name":"Boiler work and repairs"}]},{"@type":"WebSite","@id":"https:\/\/www.servitechenergie.com\/#website","url":"https:\/\/www.servitechenergie.com\/","name":"Servitech \u00c9nergie","description":"Pour une performance \u00e9nerg\u00e9tique sans interruption","potentialAction":[{"@type":"SearchAction","target":{"@type":"EntryPoint","urlTemplate":"https:\/\/www.servitechenergie.com\/?s={search_term_string}"},"query-input":"required name=search_term_string"}],"inLanguage":"en-US"}]}},"_links":{"self":[{"href":"https:\/\/www.servitechenergie.com\/en\/wp-json\/wp\/v2\/pages\/1046","targetHints":{"allow":["GET"]}}],"collection":[{"href":"https:\/\/www.servitechenergie.com\/en\/wp-json\/wp\/v2\/pages"}],"about":[{"href":"https:\/\/www.servitechenergie.com\/en\/wp-json\/wp\/v2\/types\/page"}],"author":[{"embeddable":true,"href":"https:\/\/www.servitechenergie.com\/en\/wp-json\/wp\/v2\/users\/1"}],"replies":[{"embeddable":true,"href":"https:\/\/www.servitechenergie.com\/en\/wp-json\/wp\/v2\/comments?post=1046"}],"version-history":[{"count":15,"href":"https:\/\/www.servitechenergie.com\/en\/wp-json\/wp\/v2\/pages\/1046\/revisions"}],"predecessor-version":[{"id":2445,"href":"https:\/\/www.servitechenergie.com\/en\/wp-json\/wp\/v2\/pages\/1046\/revisions\/2445"}],"wp:attachment":[{"href":"https:\/\/www.servitechenergie.com\/en\/wp-json\/wp\/v2\/media?parent=1046"}],"wp:term":[{"taxonomy":"category","embeddable":true,"href":"https:\/\/www.servitechenergie.com\/en\/wp-json\/wp\/v2\/categories?post=1046"},{"taxonomy":"post_tag","embeddable":true,"href":"https:\/\/www.servitechenergie.com\/en\/wp-json\/wp\/v2\/tags?post=1046"}],"curies":[{"name":"wp","href":"https:\/\/api.w.org\/{rel}","templated":true}]}}