{"id":1044,"date":"2018-03-29T01:08:56","date_gmt":"2018-03-29T01:08:56","guid":{"rendered":"https:\/\/www.servitechenergie.com\/?page_id=1044"},"modified":"2018-04-19T20:29:33","modified_gmt":"2018-04-19T20:29:33","slug":"preventive-maintenance","status":"publish","type":"page","link":"https:\/\/www.servitechenergie.com\/en\/preventive-maintenance\/","title":{"rendered":"Preventive maintenance"},"content":{"rendered":"<div class=\"top-content\">\r\n<p class=\"icon-truck\"><img decoding=\"async\" src=\"\/wp-content\/themes\/servitech\/images\/parts\/icon-truck.png\" \/><\/p>\r\n<p class=\"top-msg\">We deliver anywhere in Quebec and the Maritimes.<\/p>\r\n<\/div>\r\n<div id=\"metaslider-id-1079\" style=\"width: 100%;\" class=\"ml-slider-3-70-2 metaslider metaslider-flex metaslider-1079 ml-slider main-slide text-bottom ms-theme-default nav-hidden\" role=\"region\" aria-roledescription=\"Slideshow\" aria-label=\"Manuel EN\">\n    <div id=\"metaslider_container_1079\">\n        <div id=\"metaslider_1079\">\n            <ul aria-live=\"polite\" class=\"slides\">\n                <li style=\"display: block; width: 100%;\" class=\"slide-1080 ms-image \" aria-roledescription=\"slide\" aria-label=\"slide-1080\"><img loading=\"lazy\" decoding=\"async\" width=\"1920\" height=\"752\" src=\"https:\/\/www.servitechenergie.com\/wp-content\/uploads\/2018\/03\/entretien-manuel.jpg\" class=\"slider-1079 slide-1080\" alt=\"Manuel, 24\/7 Energy Technician\" rel=\"\" title=\"\" srcset=\"https:\/\/www.servitechenergie.com\/wp-content\/uploads\/2018\/03\/entretien-manuel.jpg 1920w, https:\/\/www.servitechenergie.com\/wp-content\/uploads\/2018\/03\/entretien-manuel-730x286.jpg 730w, https:\/\/www.servitechenergie.com\/wp-content\/uploads\/2018\/03\/entretien-manuel-768x301.jpg 768w, https:\/\/www.servitechenergie.com\/wp-content\/uploads\/2018\/03\/entretien-manuel-1110x435.jpg 1110w\" sizes=\"auto, (max-width: 1920px) 100vw, 1920px\" \/><div class=\"caption-wrap\"><div class=\"caption\"><div class=\"small-caption\">\n\t<p><span class=\"name\">MANUEL <\/span>24\/7 Energy Technician<\/p>\n<\/div>\n<div class=\"caption-text bottom\">\n\t<div class=\"container-fluid\">\n\t\t<div class=\"row\">\n\t\t\t<div class=\"col-sm-9 mx-auto\">\n\t\t\t\t<h1>A preventive maintenance program to maintain your boiler\u2019s efficiency and preserve its life.<\/h1>\n\t\t\t<\/div>\n\t\t<\/div>\n\t<\/div>\t\n<\/div><\/div><\/div><\/li>\n            <\/ul>\n        <\/div>\n        \n    <\/div>\n<\/div>\r\n<div class=\"row tabs\">\r\n<div id=\"step-1\" class=\"tab col-md-4 anchor-link first active\" data-anchor=\"bilan\">1. Energy audit<\/div>\r\n<div id=\"step-2\" class=\"tab col-md-4 anchor-link\" data-anchor=\"programme\">2. Maintenance program<\/div>\r\n<div id=\"step-3\" class=\"tab col-md-4 anchor-link last\" data-anchor=\"surveillance\">3. Periodic monitoring<\/div>\r\n<\/div>\r\n<div class=\"main-content-wrapper\">\r\n<div id=\"bilan\" class=\"main-content step-1 active\">\r\n<p><!-- STEP 1 --><\/p>\r\n<div class=\"row\">\r\n<div class=\"col-sm-3 mx-auto header-icon text-center\">\r\n<p><img loading=\"lazy\" decoding=\"async\" src=\"\/wp-content\/themes\/servitech\/images\/icon-bilan-energetique.png\" alt=\"Bilan \u00e9nerg\u00e9tique\" width=\"112\" height=\"112\" \/><\/p>\r\n<\/div>\r\n<div class=\"col-sm-12 text-center subtitle\">\r\n<h2>Energy audit<\/h2>\r\n<h3>Free diagnosis that will save you money<\/h3>\r\n<\/div>\r\n<div class=\"col-sm-10 offset-sm-1 text-center\">\r\n<p>Let our experts scientifically demonstrate how to cut your energy consumption costs, extend the life of your equipment and, above all, protect your workers and your buildings.\u00a0<\/p>\r\n<\/div>\r\n<div class=\"col-sm-4 offset-sm-2\">\r\n<div class=\"content-table\">\r\n<h3><strong>Diagnostic service<\/strong><\/h3>\r\n<ul>\r\n\t<li>Inspection of the heating facilities and the structure<\/li>\r\n\t<li>Inventory of heating, air conditioning and electrical installations\u00a0<\/li>\r\n\t<li>Measurements : Plumbing, electrical, ventilation<\/li>\r\n\t<li>Review of existing data<\/li>\r\n<\/ul>\r\n<\/div>\r\n<\/div>\r\n<div class=\"col-sm-4\">\r\n<div class=\"content-table\">\r\n<h3><strong>Energy audit<\/strong><\/h3>\r\n<ul>\r\n\t<li>General building presentation<\/li>\r\n\t<li>Calculation of energy needs<\/li>\r\n\t<li>Recommendations for optimizing energy efficiency<\/li>\r\n\t<li>Estimation of costs and savings<\/li>\r\n\t<li>Information on available tax credits and grants<\/li>\r\n<\/ul>\r\n<\/div>\r\n<\/div>\r\n<\/div>\r\n<div class=\"row bottom-link\">\r\n<div class=\"col-sm-10 mx-auto\">\r\n<h2><a href=\"\/en\/contact\">Request a free energy audit<\/a><\/h2>\r\n<\/div>\r\n<\/div>\r\n<\/div>\r\n<div id=\"programme\" class=\"main-content step-2\">\r\n<p><!-- STEP 2 --><\/p>\r\n<div class=\"row\">\r\n<div class=\"col-sm-3 mx-auto header-icon text-center\">\r\n<p><img loading=\"lazy\" decoding=\"async\" src=\"\/wp-content\/themes\/servitech\/images\/icon-programme-entretien.png\" alt=\"Programme d\u2019entretien p\u00e9riodique\" width=\"112\" height=\"112\" \/><\/p>\r\n<\/div>\r\n<div class=\"col-sm-12 text-center subtitle\">\r\n<h2>Periodic maintenance program<\/h2>\r\n<h3>ZERO interruptions<\/h3>\r\n<\/div>\r\n<div class=\"col-sm-10 mx-auto text-center\">\r\n<p>30 technicians dedicated to maintaining and optimizing your boiler, heating equipment, burners and pumps.\u00a0<\/p>\r\n<\/div>\r\n<\/div>\r\n<div class=\"row\">\r\n<div class=\"col-sm-6 mx-auto\">\r\n<div class=\"content-table\">\r\n<ul class=\"checks\">\r\n\t<li>Monthly inspections<\/li>\r\n\t<li>24\/7 on-call service<\/li>\r\n\t<li>Emergency mobile boilers<\/li>\r\n\t<li>Water treatment<\/li>\r\n<\/ul>\r\n<\/div>\r\n<\/div>\r\n<\/div>\r\n<div class=\"row bottom-link\">\r\n<div class=\"col-sm-10 mx-auto\">\r\n<h2><a href=\"\/en\/contact\">Talk to our preventive maintenance experts<\/a><\/h2>\r\n<\/div>\r\n<\/div>\r\n<\/div>\r\n<div id=\"surveillance\" class=\"main-content step-3\">\r\n<p><!-- STEP 3 --><\/p>\r\n<div class=\"row\">\r\n<div class=\"col-sm-3 mx-auto header-icon text-center\">\r\n<p><img loading=\"lazy\" decoding=\"async\" src=\"\/wp-content\/themes\/servitech\/images\/icon-surveillance-periodique.png\" alt=\"Surveillance p\u00e9riodique\" width=\"112\" height=\"112\" \/><\/p>\r\n<\/div>\r\n<div class=\"col-sm-12 text-center subtitle\">\r\n<h2>Periodic monitoring<\/h2>\r\n<h3>Compliance, safety and peace of mind<\/h3>\r\n<\/div>\r\n<div class=\"col-sm-10 mx-auto text-center\">\r\n<p>Give yourself and your workers peace of mind. Servitech has Quebec&#8217;s largest network of professionals certified in periodic boiler room monitoring. We keep an eye on your boiler room to make sure it stays compliant and safe.\u00a0<\/p>\r\n<\/div>\r\n<div class=\"col-sm-6 mx-auto\">\r\n<div class=\"content-table\">\r\n<ul class=\"checks\">\r\n\t<li>Daily or weekly monitoring<\/li>\r\n\t<li>Occasional monitoring<\/li>\r\n\t<li>Vacation replacement<\/li>\r\n\t<li>Sick leave<\/li>\r\n\t<li>Monitoring reports<\/li>\r\n<\/ul>\r\n<\/div>\r\n<\/div>\r\n<\/div>\r\n<div class=\"row bottom-link\">\r\n<div class=\"col-sm-10 mx-auto\">\r\n<h2><a href=\"\/en\/contact\">Request our periodic monitoring service<\/a><\/h2>\r\n<\/div>\r\n<\/div>\r\n<\/div>\r\n<\/div>\r\n<div id=\"metaslider-id-1074\" style=\"width: 100%;\" class=\"ml-slider-3-70-2 metaslider metaslider-flex metaslider-1074 ml-slider main-slide text-bottom boite ms-theme-default nav-hidden nav-hidden\" role=\"region\" aria-roledescription=\"Slideshow\" aria-label=\"Junction\">\n    <div id=\"metaslider_container_1074\">\n        <div id=\"metaslider_1074\">\n            <ul aria-live=\"polite\" class=\"slides\">\n                <li style=\"display: block; width: 100%;\" class=\"slide-1075 ms-image \" aria-roledescription=\"slide\" aria-label=\"slide-1075\"><img loading=\"lazy\" decoding=\"async\" width=\"1920\" height=\"676\" src=\"https:\/\/www.servitechenergie.com\/wp-content\/uploads\/2018\/03\/boite-raccordement.jpg\" class=\"slider-1074 slide-1075\" alt=\"Junction box outlet\" rel=\"\" title=\"\" srcset=\"https:\/\/www.servitechenergie.com\/wp-content\/uploads\/2018\/03\/boite-raccordement.jpg 1920w, https:\/\/www.servitechenergie.com\/wp-content\/uploads\/2018\/03\/boite-raccordement-730x257.jpg 730w, https:\/\/www.servitechenergie.com\/wp-content\/uploads\/2018\/03\/boite-raccordement-768x270.jpg 768w, https:\/\/www.servitechenergie.com\/wp-content\/uploads\/2018\/03\/boite-raccordement-1110x391.jpg 1110w\" sizes=\"auto, (max-width: 1920px) 100vw, 1920px\" \/><div class=\"caption-wrap\"><div class=\"caption\"><div class=\"caption-text\">\n\t<div class=\"container-fluid\">\n\t\t<div class=\"row\">\n\t\t\t<div class=\"col-sm-9 mx-auto\">\n\t\t\t\t<h2>Emergency junction box outlet<\/h2>\n\t\t\t\t<h3>Save precious time in a power failure<\/h3>\n\t\t\t\t<p><a href=\"https:\/\/www.youtube.com\/watch?v=Dby7PjQtyB4\">Learn more<\/a><\/p>\n\t\t\t<\/div>\n\t\t<\/div>\n\t<\/div>\t\n<\/div><\/div><\/div><\/li>\n            <\/ul>\n        <\/div>\n        \n    <\/div>\n<\/div>","protected":false},"excerpt":{"rendered":"We deliver anywhere in Quebec and the Maritimes. 1. Energy audit 2. Maintenance program 3. Periodic monitoring Energy audit Free diagnosis that will save you money Let our experts scientifically demonstrate how to cut your energy consumption costs, extend the life of your equipment and, above all, protect your workers and your buildings.\u00a0 Diagnostic service [&hellip;]","protected":false},"author":1,"featured_media":0,"parent":0,"menu_order":0,"comment_status":"closed","ping_status":"closed","template":"fullwidth.php","meta":{"footnotes":""},"categories":[],"tags":[],"class_list":["post-1044","page","type-page","status-publish","hentry"],"yoast_head":"<!-- This site is optimized with the Yoast SEO plugin v22.6 - https:\/\/yoast.com\/wordpress\/plugins\/seo\/ -->\n<title>Boiler maintenance - Simoneau Servitech<\/title>\n<meta name=\"description\" content=\"Trust our 24\/7 energy technicians. Available at all times, they offer energy balances, maintenance programs and periodic monitoring to ensure you can always generate a maximum of power.\" \/>\n<meta name=\"robots\" content=\"index, follow, max-snippet:-1, max-image-preview:large, max-video-preview:-1\" \/>\n<link rel=\"canonical\" href=\"https:\/\/www.servitechenergie.com\/en\/preventive-maintenance\/\" \/>\n<meta property=\"og:locale\" content=\"en_US\" \/>\n<meta property=\"og:type\" content=\"article\" \/>\n<meta property=\"og:title\" content=\"Boiler maintenance - Simoneau Servitech\" \/>\n<meta property=\"og:description\" content=\"Trust our 24\/7 energy technicians. Available at all times, they offer energy balances, maintenance programs and periodic monitoring to ensure you can always generate a maximum of power.\" \/>\n<meta property=\"og:url\" content=\"https:\/\/www.servitechenergie.com\/en\/preventive-maintenance\/\" \/>\n<meta property=\"og:site_name\" content=\"Servitech \u00c9nergie\" \/>\n<meta property=\"article:modified_time\" content=\"2018-04-19T20:29:33+00:00\" \/>\n<meta name=\"twitter:card\" content=\"summary_large_image\" \/>\n<meta name=\"twitter:label1\" content=\"Est. reading time\" \/>\n\t<meta name=\"twitter:data1\" content=\"1 minute\" \/>\n<script type=\"application\/ld+json\" class=\"yoast-schema-graph\">{\"@context\":\"https:\/\/schema.org\",\"@graph\":[{\"@type\":\"WebPage\",\"@id\":\"https:\/\/www.servitechenergie.com\/en\/preventive-maintenance\/\",\"url\":\"https:\/\/www.servitechenergie.com\/en\/preventive-maintenance\/\",\"name\":\"Boiler maintenance - Simoneau Servitech\",\"isPartOf\":{\"@id\":\"https:\/\/www.servitechenergie.com\/#website\"},\"datePublished\":\"2018-03-29T01:08:56+00:00\",\"dateModified\":\"2018-04-19T20:29:33+00:00\",\"description\":\"Trust our 24\/7 energy technicians. Available at all times, they offer energy balances, maintenance programs and periodic monitoring to ensure you can always generate a maximum of power.\",\"breadcrumb\":{\"@id\":\"https:\/\/www.servitechenergie.com\/en\/preventive-maintenance\/#breadcrumb\"},\"inLanguage\":\"en-US\",\"potentialAction\":[{\"@type\":\"ReadAction\",\"target\":[\"https:\/\/www.servitechenergie.com\/en\/preventive-maintenance\/\"]}]},{\"@type\":\"BreadcrumbList\",\"@id\":\"https:\/\/www.servitechenergie.com\/en\/preventive-maintenance\/#breadcrumb\",\"itemListElement\":[{\"@type\":\"ListItem\",\"position\":1,\"name\":\"Accueil\",\"item\":\"https:\/\/www.servitechenergie.com\/en\/\"},{\"@type\":\"ListItem\",\"position\":2,\"name\":\"Preventive maintenance\"}]},{\"@type\":\"WebSite\",\"@id\":\"https:\/\/www.servitechenergie.com\/#website\",\"url\":\"https:\/\/www.servitechenergie.com\/\",\"name\":\"Servitech \u00c9nergie\",\"description\":\"Pour une performance \u00e9nerg\u00e9tique sans interruption\",\"potentialAction\":[{\"@type\":\"SearchAction\",\"target\":{\"@type\":\"EntryPoint\",\"urlTemplate\":\"https:\/\/www.servitechenergie.com\/?s={search_term_string}\"},\"query-input\":\"required name=search_term_string\"}],\"inLanguage\":\"en-US\"}]}<\/script>\n<!-- \/ Yoast SEO plugin. -->","yoast_head_json":{"title":"Boiler maintenance - Simoneau Servitech","description":"Trust our 24\/7 energy technicians. Available at all times, they offer energy balances, maintenance programs and periodic monitoring to ensure you can always generate a maximum of power.","robots":{"index":"index","follow":"follow","max-snippet":"max-snippet:-1","max-image-preview":"max-image-preview:large","max-video-preview":"max-video-preview:-1"},"canonical":"https:\/\/www.servitechenergie.com\/en\/preventive-maintenance\/","og_locale":"en_US","og_type":"article","og_title":"Boiler maintenance - Simoneau Servitech","og_description":"Trust our 24\/7 energy technicians. Available at all times, they offer energy balances, maintenance programs and periodic monitoring to ensure you can always generate a maximum of power.","og_url":"https:\/\/www.servitechenergie.com\/en\/preventive-maintenance\/","og_site_name":"Servitech \u00c9nergie","article_modified_time":"2018-04-19T20:29:33+00:00","twitter_card":"summary_large_image","twitter_misc":{"Est. reading time":"1 minute"},"schema":{"@context":"https:\/\/schema.org","@graph":[{"@type":"WebPage","@id":"https:\/\/www.servitechenergie.com\/en\/preventive-maintenance\/","url":"https:\/\/www.servitechenergie.com\/en\/preventive-maintenance\/","name":"Boiler maintenance - Simoneau Servitech","isPartOf":{"@id":"https:\/\/www.servitechenergie.com\/#website"},"datePublished":"2018-03-29T01:08:56+00:00","dateModified":"2018-04-19T20:29:33+00:00","description":"Trust our 24\/7 energy technicians. Available at all times, they offer energy balances, maintenance programs and periodic monitoring to ensure you can always generate a maximum of power.","breadcrumb":{"@id":"https:\/\/www.servitechenergie.com\/en\/preventive-maintenance\/#breadcrumb"},"inLanguage":"en-US","potentialAction":[{"@type":"ReadAction","target":["https:\/\/www.servitechenergie.com\/en\/preventive-maintenance\/"]}]},{"@type":"BreadcrumbList","@id":"https:\/\/www.servitechenergie.com\/en\/preventive-maintenance\/#breadcrumb","itemListElement":[{"@type":"ListItem","position":1,"name":"Accueil","item":"https:\/\/www.servitechenergie.com\/en\/"},{"@type":"ListItem","position":2,"name":"Preventive maintenance"}]},{"@type":"WebSite","@id":"https:\/\/www.servitechenergie.com\/#website","url":"https:\/\/www.servitechenergie.com\/","name":"Servitech \u00c9nergie","description":"Pour une performance \u00e9nerg\u00e9tique sans interruption","potentialAction":[{"@type":"SearchAction","target":{"@type":"EntryPoint","urlTemplate":"https:\/\/www.servitechenergie.com\/?s={search_term_string}"},"query-input":"required name=search_term_string"}],"inLanguage":"en-US"}]}},"_links":{"self":[{"href":"https:\/\/www.servitechenergie.com\/en\/wp-json\/wp\/v2\/pages\/1044","targetHints":{"allow":["GET"]}}],"collection":[{"href":"https:\/\/www.servitechenergie.com\/en\/wp-json\/wp\/v2\/pages"}],"about":[{"href":"https:\/\/www.servitechenergie.com\/en\/wp-json\/wp\/v2\/types\/page"}],"author":[{"embeddable":true,"href":"https:\/\/www.servitechenergie.com\/en\/wp-json\/wp\/v2\/users\/1"}],"replies":[{"embeddable":true,"href":"https:\/\/www.servitechenergie.com\/en\/wp-json\/wp\/v2\/comments?post=1044"}],"version-history":[{"count":13,"href":"https:\/\/www.servitechenergie.com\/en\/wp-json\/wp\/v2\/pages\/1044\/revisions"}],"predecessor-version":[{"id":1222,"href":"https:\/\/www.servitechenergie.com\/en\/wp-json\/wp\/v2\/pages\/1044\/revisions\/1222"}],"wp:attachment":[{"href":"https:\/\/www.servitechenergie.com\/en\/wp-json\/wp\/v2\/media?parent=1044"}],"wp:term":[{"taxonomy":"category","embeddable":true,"href":"https:\/\/www.servitechenergie.com\/en\/wp-json\/wp\/v2\/categories?post=1044"},{"taxonomy":"post_tag","embeddable":true,"href":"https:\/\/www.servitechenergie.com\/en\/wp-json\/wp\/v2\/tags?post=1044"}],"curies":[{"name":"wp","href":"https:\/\/api.w.org\/{rel}","templated":true}]}}