{"id":1036,"date":"2018-03-28T00:11:20","date_gmt":"2018-03-28T00:11:20","guid":{"rendered":"https:\/\/www.servitechenergie.com\/?page_id=1036"},"modified":"2018-04-19T20:28:03","modified_gmt":"2018-04-19T20:28:03","slug":"boiler-rental","status":"publish","type":"page","link":"https:\/\/www.servitechenergie.com\/en\/boiler-rental\/","title":{"rendered":"Boiler rental"},"content":{"rendered":"<div id=\"rent-page\">\t<div class=\"header\" data-header-video=\"\">\r\n\t\t\t<div class=\"container content\">\r\n\t\t\t\t<div class=\"row\">\r\n\t\t\t\t\t<div class=\"col-md-6\">\r\n\t\t\t\t\t\t<div class=\"rent-header-caption\">\r\n\t\t\t\t\t\t\t  <h2>Denis<\/h2>\r\n\t\t\t\t\t\t\t  <h3><strong>24\/7<\/strong> Energy Technician<\/h3>\r\n\t\t\t\t\t\t\t  <blockquote><q>I\u2019ve avoided 350 steam interruptions.<\/q><\/blockquote>\r\n\t\t\t\t\t\t\t  <a href=\"https:\/\/www.youtube.com\/watch?v=oW2RzFEVvGA\" target=\"_blank\" class=\"button-play\" data-video-btn=\"oW2RzFEVvGA\"><i><\/i>Watch the video<\/a>\t\r\n\t  \t\t\t\t\t<\/div>\r\n\t\t\t\t\t<\/div>\r\n\t\t\t\t<\/div>\r\n\t\t\t<\/div>\r\n\t\t\t<div class=\"bg\" style=\"background-image: url(\/wp-content\/themes\/servitech\/images\/rent\/denis-hero.jpg)\">\r\n\t\t\t\t<video src=\"\/wp-content\/themes\/servitech\/videos\/loop-header.mov.mp4\" autoplay=\"\" loop=\"\" playsinline=\"\"><\/video>\r\n\t\t\t<\/div>\r\n\t\t<\/div>\r\n\r\n\t\r\n\r\n<div id=\"rent-page-content\">\r\n<div class=\"row tabs\">\r\n<div class=\"tab col-md-4 anchor-link first\" data-anchor=\"criterias\">The five rental criteria<\/div>\r\n<div class=\"tab col-md-4 anchor-link\" data-anchor=\"faq\">Advice from the expert<\/div>\r\n<div class=\"tab col-md-4 anchor-link last\" data-anchor=\"rent\">Rent a boiler<\/div>\r\n<\/div>\r\n<div id=\"criterias\" class=\"prevention\">\r\n<div class=\"denis\"><img decoding=\"async\" class=\"d-none d-md-block\" src=\"\/wp-content\/themes\/servitech\/images\/rent\/denis-debout.jpg\" alt=\"Denis plein-pied\" \/> <img decoding=\"async\" class=\"d-md-none\" src=\"\/wp-content\/themes\/servitech\/images\/rent\/denis-mobile.jpg\" alt=\"Denis plein-pied\" \/> <img decoding=\"async\" class=\"back-snow d-none d-md-block\" src=\"\/wp-content\/themes\/servitech\/images\/rent\/back-snow.png\" alt=\"Back snow\" data-parallax=\"\" data-speed=\"0.15\" \/> <img decoding=\"async\" class=\"front-snow d-none d-md-block\" src=\"\/wp-content\/themes\/servitech\/images\/rent\/front-snow.png\" alt=\"Front snow\" data-parallax=\"\" data-speed=\"0.2\" \/><\/div>\r\n<div class=\"steps\">\r\n<div class=\"container\">\r\n<div class=\"row\">\r\n<div class=\"col-md-12\">\r\n<div class=\"step\" data-step=\"\" data-step-id=\"1\">\r\n<div class=\"number\">01<\/div>\r\n<div class=\"title\">24\/7 Contingency<\/div>\r\n<div class=\"cta\">Learn more<\/div>\r\n<div class=\"plus\">\u00a0<\/div>\r\n<div class=\"box\">\u00a0<\/div>\r\n<div class=\"line\">\u00a0<\/div>\r\n<\/div>\r\n<div class=\"step\" data-step=\"\" data-step-id=\"2\">\r\n<div class=\"number\">02<\/div>\r\n<div class=\"title\">24\/7 Safety<\/div>\r\n<div class=\"cta\">Learn more<\/div>\r\n<div class=\"plus\">\u00a0<\/div>\r\n<div class=\"box\">\u00a0<\/div>\r\n<div class=\"line\">\u00a0<\/div>\r\n<\/div>\r\n<div class=\"step\" data-step=\"\" data-step-id=\"3\">\r\n<div class=\"number\">03<\/div>\r\n<div class=\"title\">24\/7 Installation<\/div>\r\n<div class=\"cta\">Learn more<\/div>\r\n<div class=\"plus\">\u00a0<\/div>\r\n<div class=\"box\">\u00a0<\/div>\r\n<div class=\"line\">\u00a0<\/div>\r\n<\/div>\r\n<div class=\"step\" data-step=\"\" data-step-id=\"4\">\r\n<div class=\"number\">04<\/div>\r\n<div class=\"title\">24\/7 Power<\/div>\r\n<div class=\"cta\">Learn more<\/div>\r\n<div class=\"plus\">\u00a0<\/div>\r\n<div class=\"box\">\u00a0<\/div>\r\n<div class=\"line\">\u00a0<\/div>\r\n<\/div>\r\n<div class=\"step\" data-step=\"\" data-step-id=\"5\">\r\n<div class=\"number\">05<\/div>\r\n<div class=\"title\">24\/7 Guaranty<\/div>\r\n<div class=\"cta\">Learn more<\/div>\r\n<div class=\"plus\">\u00a0<\/div>\r\n<div class=\"box\">\u00a0<\/div>\r\n<div class=\"line\">\u00a0<\/div>\r\n<\/div>\r\n<\/div>\r\n<\/div>\r\n<\/div>\r\n<\/div>\r\n<\/div>\r\n<div class=\"pannel\" style=\"background-image: url('\/wp-content\/themes\/servitech\/images\/rent\/1.jpg');\" data-pannel=\"\" data-step-id=\"1\">\r\n<div class=\"container-fluid\">\r\n<div class=\"row\">\r\n<div class=\"col-md-10 offset-md-2\">\r\n<div class=\"back-btn\" data-back-btn=\"\"><i class=\"icon-arrow\"><\/i>Back<\/div>\r\n<\/div>\r\n<\/div>\r\n<div class=\"row\">\r\n<div class=\"col-md-2 offset-md-2\">\r\n<div class=\"number\">01<\/div>\r\n<div class=\"line\">\u00a0<\/div>\r\n<\/div>\r\n<div class=\"col-md-7\">\r\n<h2>Contingency gives confidence<\/h2>\r\n<p>Be prepared for any eventuality at any time. The energy contingency plan secures your workers, your operations and your wallet:<\/p>\r\n<ul>\r\n\t<li>Respond quickly to a failure;<\/li>\r\n\t<li>Plan ahead each step and equipment needed for a temporary installation;<\/li>\r\n\t<li>Avoid any financial impact;<\/li>\r\n\t<li>Protect your space and your people.<\/li>\r\n<\/ul>\r\n<p>&nbsp;<\/p>\r\n<\/div>\r\n<\/div>\r\n<\/div>\r\n<\/div>\r\n<div class=\"pannel\" style=\"background-image: url('\/wp-content\/themes\/servitech\/images\/rent\/2.jpg');\" data-pannel=\"\" data-step-id=\"2\">\r\n<div class=\"container-fluid\">\r\n<div class=\"row\">\r\n<div class=\"col-md-10 offset-md-2\">\r\n<div class=\"back-btn\" data-back-btn=\"\"><i class=\"icon-arrow\"><\/i>Back<\/div>\r\n<\/div>\r\n<\/div>\r\n<div class=\"row\">\r\n<div class=\"col-md-2 offset-md-2\">\r\n<div class=\"number\">02<\/div>\r\n<div class=\"line\">\u00a0<\/div>\r\n<\/div>\r\n<div class=\"col-md-7\">\r\n<h2>Standards as strict as yours<\/h2>\r\n<p>We do not hire anyone. Risk management is a meticulous process that requires an optimal understanding of your security standards. That&#8217;s why our staff and partners possess all the necessary qualifications to properly serve you:<\/p>\r\n<ul>\r\n\t<li>Personnel subject to the standards of the R\u00e9gie du b\u00e2timent du Qu\u00e9bec;<\/li>\r\n\t<li>Up-to-date certification on workplace safety required by our customers;<\/li>\r\n\t<li>Professional Ethics.<\/li>\r\n<\/ul>\r\n<p>&nbsp;<\/p>\r\n<\/div>\r\n<\/div>\r\n<\/div>\r\n<\/div>\r\n<div class=\"pannel\" style=\"background-image: url('\/wp-content\/themes\/servitech\/images\/rent\/3.jpg');\" data-pannel=\"\" data-step-id=\"3\">\r\n<div class=\"container-fluid\">\r\n<div class=\"row\">\r\n<div class=\"col-md-10 offset-md-2\">\r\n<div class=\"back-btn\" data-back-btn=\"\"><i class=\"icon-arrow\"><\/i>Back<\/div>\r\n<\/div>\r\n<\/div>\r\n<div class=\"row\">\r\n<div class=\"col-md-2 offset-md-2\">\r\n<div class=\"number\">03<\/div>\r\n<div class=\"line\">\u00a0<\/div>\r\n<\/div>\r\n<div class=\"col-md-7\">\r\n<h2>The best high speed service<\/h2>\r\n<p>Installing a temporary boiler is faster if you have a good contingency plan. Each step counts to recover your level of energy performance in a minimum of time:<\/p>\r\n<ul>\r\n\t<li>Ground preparation<\/li>\r\n\t<li>Choice of equipment<\/li>\r\n\t<li>Identification of connections<\/li>\r\n\t<li>Procurement of the required permits<\/li>\r\n\t<li>Turnkey installation<\/li>\r\n\t<li>Reliability tests<\/li>\r\n<\/ul>\r\n<\/div>\r\n<\/div>\r\n<\/div>\r\n<\/div>\r\n<div class=\"pannel\" style=\"background-image: url('\/wp-content\/themes\/servitech\/images\/rent\/4.jpg');\" data-pannel=\"\" data-step-id=\"4\">\r\n<div class=\"container-fluid\">\r\n<div class=\"row\">\r\n<div class=\"col-md-10 offset-md-2\">\r\n<div class=\"back-btn\" data-back-btn=\"\"><i class=\"icon-arrow\"><\/i>Back<\/div>\r\n<\/div>\r\n<\/div>\r\n<div class=\"row\">\r\n<div class=\"col-md-2 offset-md-2\">\r\n<div class=\"number\">04<\/div>\r\n<div class=\"line\">\u00a0<\/div>\r\n<\/div>\r\n<div class=\"col-md-7\">\r\n<h2>Power at your fingertips<\/h2>\r\n<p>Getting a boiler compatible with your environment is fundamental. You must never compromise its production capacity or its configuration standards. Make sure you can choose from a wide range of mobile units, available when you need them.<\/p>\r\n<ul>\r\n\t<li>Steam boilers<\/li>\r\n\t<li>Hot water boilers<\/li>\r\n\t<li>Thermal fluid boilers<\/li>\r\n\t<li>Power from 15 hp to 4000 hp<\/li>\r\n\t<li>Pressure from 60 lb to 260 lb<\/li>\r\n\t<li>Natural gas, propane gas, biomass, biogas, electricity, fuel oil<\/li>\r\n<\/ul>\r\n<\/div>\r\n<\/div>\r\n<\/div>\r\n<\/div>\r\n<div class=\"pannel\" style=\"background-image: url('\/wp-content\/themes\/servitech\/images\/rent\/5.jpg');\" data-pannel=\"\" data-step-id=\"5\">\r\n<div class=\"container-fluid\">\r\n<div class=\"row\">\r\n<div class=\"col-md-10 offset-md-2\">\r\n<div class=\"back-btn\" data-back-btn=\"\"><i class=\"icon-arrow\"><\/i>Back<\/div>\r\n<\/div>\r\n<\/div>\r\n<div class=\"row\">\r\n<div class=\"col-md-2 offset-md-2\">\r\n<div class=\"number\">05<\/div>\r\n<div class=\"line\">\u00a0<\/div>\r\n<\/div>\r\n<div class=\"col-md-7\">\r\n<h2>The best guarantee is the reliability of people<\/h2>\r\n<p>The primary mission of a reliable service is to save you time, money and hassle. Your rental agent will establish from the first contact a relationship based on trust:<\/p>\r\n<ul>\r\n\t<li>A clear framework contract<\/li>\r\n\t<li>A transparent cost approach<\/li>\r\n\t<li>An involvement of your competent resources<\/li>\r\n\t<li>A continuous inspection service<\/li>\r\n\t<li>Energy optimization tips<\/li>\r\n\t<li>24\/7 availability<\/li>\r\n<\/ul>\r\n<\/div>\r\n<\/div>\r\n<\/div>\r\n<\/div>\r\n<div id=\"faq\" class=\"faq\">\r\n<div class=\"container\">\r\n<div class=\"row\">\r\n<div class=\"col-md-12 col-md-offset-1\">\r\n<div class=\"intro\">\r\n<h2><strong>7 questions<\/strong>\u00a0to ask Denis<\/h2>\r\n<h3>before renting a boiler<\/h3>\r\n<\/div>\r\n<div class=\"question-block\" data-accordeon=\"\">\r\n<div class=\"question\" data-accordeon-control=\"\"><span class=\"question-no\">1.<\/span>\u00a0How can a contingency plan lower my insurance costs?\u00a0<i class=\"icon-down-open\"><\/i><\/div>\r\n<div class=\"answer\" data-accordeon-content=\"\">The answer lies in the optimization of the response time!The contingency plan shows your insurer on paper that you are ready to react quickly to any eventuality. For an urgent need of power, we will already know where and how to install the rental boiler. You minimize production losses and keep your insurance costs low. Did you know that depending on your type of installation, the validation of your contingency plan for connections to your services can be done in just 24 hours? Do not wait any longer. And do not forget to inform your insurer when your plan is ready!<\/div>\r\n<\/div>\r\n<div class=\"question-block\" data-accordeon=\"\">\r\n<div class=\"question\" data-accordeon-control=\"\"><span class=\"question-no\">2.<\/span>\u00a0When does the rental fee start, and when does it end?\u00a0<i class=\"icon-down-open\"><\/i><\/div>\r\n<div class=\"answer\" data-accordeon-content=\"\">Rental charges begin when the temporary boiler is started. However, the installation costs vary according to your needs, the site site preparation, the availability of your equipment and resources. You can always count on the Servitech team to take care of your installation as soon as possible.<\/div>\r\n<\/div>\r\n<div class=\"question-block\" data-accordeon=\"\">\r\n<div class=\"question\" data-accordeon-control=\"\"><span class=\"question-no\">3.<\/span>\u00a0Who pays the loading \/ unloading and transportation costs? <i class=\"icon-down-open\"><\/i><\/div>\r\n<div class=\"answer\" data-accordeon-content=\"\">Regardless of the type of installation, it is important to calculate these fees depending on the context of the field and the availability of your resources. Our priority is to deliver the best boiler to you as soon as possible. If your resources can help us speed the process, it will be to your advantage. Let&#8217;s evaluate these fees when signing the contract.<\/div>\r\n<\/div>\r\n<div class=\"question-block\" data-accordeon=\"\">\r\n<div class=\"question\" data-accordeon-control=\"\"><span class=\"question-no\">4.<\/span>\u00a0What type of connection would we need for easy installation? <i class=\"icon-down-open\"><\/i><\/div>\r\n<div class=\"answer\" data-accordeon-content=\"\">Regardless of the type of boiler you need, it is highly recommended to have flexible or rigid connections. if you do not have any, the construction of these can be done locally or externally. It all depends on the resources you have. Our mission will always be to save you money.<\/div>\r\n<\/div>\r\n<div class=\"question-block\" data-accordeon=\"\">\r\n<div class=\"question\" data-accordeon-control=\"\"><span class=\"question-no\">5.<\/span>\u00a0How can we be sure the boiler is reliable? <i class=\"icon-down-open\"><\/i><\/div>\r\n<div class=\"answer\" data-accordeon-content=\"\">In case of breakdown or breakage,\u00a0 we always have a plan B. We repair or replace your rental boiler at no cost. Our team of experienced technicians will be deployed quickly to restart the energy equipment and minimize the loss of productivity.<\/div>\r\n<\/div>\r\n<div class=\"question-block\" data-accordeon=\"\">\r\n<div class=\"question\" data-accordeon-control=\"\"><span class=\"question-no\">6.<\/span> Is your staff certified to enter my facility? <i class=\"icon-down-open\"><\/i><\/div>\r\n<div class=\"answer\" data-accordeon-content=\"\">Our staff and partners are subject\u00a0 to the standards of the R\u00e9gie du b\u00e2timent du Qu\u00e9bec. If your facilities have a specific protocol to work on, be certain that we will follow the necessary training and respect your security codes.<\/div>\r\n<\/div>\r\n<div class=\"question-block\" data-accordeon=\"\">\r\n<div class=\"question\" data-accordeon-control=\"\"><span class=\"question-no\">7.<\/span>\u00a0Why did Servitech join forces with Simoneau? <i class=\"icon-down-open\"><\/i><\/div>\r\n<div class=\"answer\" data-accordeon-content=\"\">Since the acquisition of Servitech \u00c9nergie by Simoneau in 2013, the two companies have continued to combine their expertise to offer the best industrial boiler rental service in Qu\u00e9bec. In addition, teamwork, passion, integrity and performance are common values proudly conveyed by all employees affiliated with Simoneau. The union was thus obvious. With this new logo, we want to demonstrate to our customers that we are still two companies, but one big team.<\/div>\r\n<\/div>\r\n<\/div>\r\n<\/div>\r\n<\/div>\r\n<\/div>\r\n<div id=\"rent\">\r\n<div class=\"container\">\r\n<div class=\"row\">\r\n<div class=\"col-sm-12 col-sm-offset-1\">\r\n<div class=\"intro\">\r\n<h2><span class=\"highlight\">Rent your boiler<\/span><\/h2>\r\n<\/div>\r\n<form id=\"rent-form\" action=\"\/en\/contact\" method=\"post\">\r\n<div class=\"rent-step\">\r\n<div class=\"row\">\r\n<div class=\"col-lg-8 offset-lg-2\">\r\n<h3>1- Select boiler type<\/h3>\r\n<div class=\"row text-center rent-icons\">\r\n<div class=\"col-sm-3 icon-selector\">\r\n<div id=\"electric\" class=\"icon active\" data-value=\"Electric\">\u00a0<\/div>\r\n<p>electric<\/p>\r\n<\/div>\r\n<div class=\"col-sm-3 icon-selector\">\r\n<div id=\"steam\" class=\"icon\" data-value=\"Steam\">\u00a0<\/div>\r\n<p>steam<\/p>\r\n<\/div>\r\n<div class=\"col-sm-3 icon-selector\">\r\n<div id=\"hot-water\" class=\"icon\" data-value=\"Hot water\">\u00a0<\/div>\r\n<p>hot water<\/p>\r\n<\/div>\r\n<div class=\"col-sm-3 icon-selector\">\r\n<div id=\"fluids\" class=\"icon\" data-value=\"Glycol and industrial fluids\">\u00a0<\/div>\r\n<p>glycol and\u00a0<br \/>\r\n industrial fluids<\/p>\r\n<\/div>\r\n<\/div>\r\n<\/div>\r\n<input id=\"tank-type\" name=\"tank-type\" required=\"\" type=\"hidden\" value=\"Electric\" \/><\/div>\r\n<\/div>\r\n<div class=\"rent-step\">\r\n<h3>2- Select required capacity<\/h3>\r\n<div class=\"col-sm-12\">\r\n<div class=\"row\">\r\n<div class=\"col-sm-8 offset-sm-2\">\r\n<p>4 HP <span class=\"float-right\">4000 hp<\/span><\/p>\r\n<p><input id=\"power-range\" max=\"4000\" min=\"0\" step=\"250\" type=\"range\" value=\"250\" \/><\/p>\r\n<p class=\"text-center\"><input id=\"power\" disabled=\"disabled\" type=\"text\" value=\"4\" \/><\/p>\r\n<input id=\"hp\" name=\"hp\" required=\"\" type=\"hidden\" value=\"4\" \/><\/div>\r\n<\/div>\r\n<\/div>\r\n<\/div>\r\n<div class=\"rent-step\">\r\n<h3>3- Select fuel type<\/h3>\r\n<div class=\"row\">\r\n<div class=\"col-sm-6 mx-auto\">\r\n<div class=\"select_wrapper\"><select id=\"combustible-type\" name=\"combustible-type\" required=\"\">\r\n<option value=\"Biomass\">Biomass<\/option>\r\n<option value=\"Natural gas\">Natural gas<\/option>\r\n<option value=\"Oil\">Oil<\/option>\r\n<option value=\"Gas and oil\">Gas and oil<\/option>\r\n<\/select><\/div>\r\n<\/div>\r\n<\/div>\r\n<\/div>\r\n<div class=\"rent-step\">\r\n<h3>4- Select rental period<\/h3>\r\n<div class=\"row\">\r\n<div class=\"col-lg-3 offset-lg-3 rent-date text-center\"><input id=\"rent-date-start\" class=\"datepicker\" name=\"date-start\" required=\"\" type=\"text\" placeholder=\"Start\" \/><\/div>\r\n<div class=\"col-lg-3 rent-date text-center\"><input id=\"rent-date-end\" class=\"datepicker\" name=\"date-end\" required=\"\" type=\"text\" placeholder=\"End\" \/><\/div>\r\n<div id=\"rent-date-error\" class=\"col-lg-12 form-error text-center\">\r\n<p>Please select the desired renting dates.<\/p>\r\n<\/div>\r\n<\/div>\r\n<\/div>\r\n<div class=\"col-sm-4 mx-auto text-center\">\r\n<p><input id=\"rent-submit\" class=\"btn btn-primary cta\" type=\"submit\" value=\"Rent\" \/><\/p>\r\n<\/div>\r\n<\/form>\r\n<\/div>\r\n<\/div>\r\n<\/div>\r\n<\/div>\r\n<div class=\"video-overlay\">\r\n<div class=\"close\">\u00d7<\/div>\r\n<div class=\"share\">\r\n<div class=\"facebook share-button\" data-facebook=\"\" data-video-share=\"\">\u00a0<\/div>\r\n<div class=\"twitter share-button\" data-twitter=\"\" data-video-share=\"\">\u00a0<\/div>\r\n<div class=\"linkedin share-button\" data-linkedin=\"\" data-video-share=\"\">\u00a0<\/div>\r\n<\/div>\r\n<div class=\"player\">\u00a0<\/div>\r\n<\/div>\r\n<\/div>\r\n<\/div>\r\n<div id=\"metaslider-id-1074\" style=\"width: 100%;\" class=\"ml-slider-3-70-2 metaslider metaslider-flex metaslider-1074 ml-slider main-slide text-bottom boite ms-theme-default nav-hidden\" role=\"region\" aria-roledescription=\"Slideshow\" aria-label=\"Junction\">\n    <div id=\"metaslider_container_1074\">\n        <div id=\"metaslider_1074\">\n            <ul aria-live=\"polite\" class=\"slides\">\n                <li style=\"display: block; width: 100%;\" class=\"slide-1075 ms-image \" aria-roledescription=\"slide\" aria-label=\"slide-1075\"><img loading=\"lazy\" decoding=\"async\" width=\"1920\" height=\"676\" src=\"https:\/\/www.servitechenergie.com\/wp-content\/uploads\/2018\/03\/boite-raccordement.jpg\" class=\"slider-1074 slide-1075\" alt=\"Junction box outlet\" rel=\"\" title=\"\" srcset=\"https:\/\/www.servitechenergie.com\/wp-content\/uploads\/2018\/03\/boite-raccordement.jpg 1920w, https:\/\/www.servitechenergie.com\/wp-content\/uploads\/2018\/03\/boite-raccordement-730x257.jpg 730w, https:\/\/www.servitechenergie.com\/wp-content\/uploads\/2018\/03\/boite-raccordement-768x270.jpg 768w, https:\/\/www.servitechenergie.com\/wp-content\/uploads\/2018\/03\/boite-raccordement-1110x391.jpg 1110w\" sizes=\"auto, (max-width: 1920px) 100vw, 1920px\" \/><div class=\"caption-wrap\"><div class=\"caption\"><div class=\"caption-text\">\n\t<div class=\"container-fluid\">\n\t\t<div class=\"row\">\n\t\t\t<div class=\"col-sm-9 mx-auto\">\n\t\t\t\t<h2>Emergency junction box outlet<\/h2>\n\t\t\t\t<h3>Save precious time in a power failure<\/h3>\n\t\t\t\t<p><a href=\"https:\/\/www.youtube.com\/watch?v=Dby7PjQtyB4\">Learn more<\/a><\/p>\n\t\t\t<\/div>\n\t\t<\/div>\n\t<\/div>\t\n<\/div><\/div><\/div><\/li>\n            <\/ul>\n        <\/div>\n        \n    <\/div>\n<\/div>","protected":false},"excerpt":{"rendered":"The five rental criteria Advice from the expert Rent a boiler 01 24\/7 Contingency Learn more \u00a0 \u00a0 \u00a0 02 24\/7 Safety Learn more \u00a0 \u00a0 \u00a0 03 24\/7 Installation Learn more \u00a0 \u00a0 \u00a0 04 24\/7 Power Learn more \u00a0 \u00a0 \u00a0 05 24\/7 Guaranty Learn more \u00a0 \u00a0 \u00a0 Back 01 \u00a0 Contingency [&hellip;]","protected":false},"author":1,"featured_media":0,"parent":0,"menu_order":0,"comment_status":"closed","ping_status":"closed","template":"fullwidth.php","meta":{"footnotes":""},"categories":[],"tags":[],"class_list":["post-1036","page","type-page","status-publish","hentry"],"yoast_head":"<!-- This site is optimized with the Yoast SEO plugin v22.6 - https:\/\/yoast.com\/wordpress\/plugins\/seo\/ -->\n<title>Boiler rental - Simoneau Servitech<\/title>\n<meta name=\"description\" content=\"Avoid a steam interruption. We have one of the largest mobile energy parks in Canada. Delivery at all times in Quebec and the Maritimes. Get a quote rapidly!\" \/>\n<meta name=\"robots\" content=\"index, follow, max-snippet:-1, max-image-preview:large, max-video-preview:-1\" \/>\n<link rel=\"canonical\" href=\"https:\/\/www.servitechenergie.com\/en\/boiler-rental\/\" \/>\n<meta property=\"og:locale\" content=\"en_US\" \/>\n<meta property=\"og:type\" content=\"article\" \/>\n<meta property=\"og:title\" content=\"Boiler rental - Simoneau Servitech\" \/>\n<meta property=\"og:description\" content=\"Avoid a steam interruption. We have one of the largest mobile energy parks in Canada. Delivery at all times in Quebec and the Maritimes. Get a quote rapidly!\" \/>\n<meta property=\"og:url\" content=\"https:\/\/www.servitechenergie.com\/en\/boiler-rental\/\" \/>\n<meta property=\"og:site_name\" content=\"Servitech \u00c9nergie\" \/>\n<meta property=\"article:modified_time\" content=\"2018-04-19T20:28:03+00:00\" \/>\n<meta name=\"twitter:card\" content=\"summary_large_image\" \/>\n<meta name=\"twitter:label1\" content=\"Est. reading time\" \/>\n\t<meta name=\"twitter:data1\" content=\"4 minutes\" \/>\n<script type=\"application\/ld+json\" class=\"yoast-schema-graph\">{\"@context\":\"https:\/\/schema.org\",\"@graph\":[{\"@type\":\"WebPage\",\"@id\":\"https:\/\/www.servitechenergie.com\/en\/boiler-rental\/\",\"url\":\"https:\/\/www.servitechenergie.com\/en\/boiler-rental\/\",\"name\":\"Boiler rental - Simoneau Servitech\",\"isPartOf\":{\"@id\":\"https:\/\/www.servitechenergie.com\/#website\"},\"datePublished\":\"2018-03-28T00:11:20+00:00\",\"dateModified\":\"2018-04-19T20:28:03+00:00\",\"description\":\"Avoid a steam interruption. We have one of the largest mobile energy parks in Canada. Delivery at all times in Quebec and the Maritimes. Get a quote rapidly!\",\"breadcrumb\":{\"@id\":\"https:\/\/www.servitechenergie.com\/en\/boiler-rental\/#breadcrumb\"},\"inLanguage\":\"en-US\",\"potentialAction\":[{\"@type\":\"ReadAction\",\"target\":[\"https:\/\/www.servitechenergie.com\/en\/boiler-rental\/\"]}]},{\"@type\":\"BreadcrumbList\",\"@id\":\"https:\/\/www.servitechenergie.com\/en\/boiler-rental\/#breadcrumb\",\"itemListElement\":[{\"@type\":\"ListItem\",\"position\":1,\"name\":\"Accueil\",\"item\":\"https:\/\/www.servitechenergie.com\/en\/\"},{\"@type\":\"ListItem\",\"position\":2,\"name\":\"Boiler rental\"}]},{\"@type\":\"WebSite\",\"@id\":\"https:\/\/www.servitechenergie.com\/#website\",\"url\":\"https:\/\/www.servitechenergie.com\/\",\"name\":\"Servitech \u00c9nergie\",\"description\":\"Pour une performance \u00e9nerg\u00e9tique sans interruption\",\"potentialAction\":[{\"@type\":\"SearchAction\",\"target\":{\"@type\":\"EntryPoint\",\"urlTemplate\":\"https:\/\/www.servitechenergie.com\/?s={search_term_string}\"},\"query-input\":\"required name=search_term_string\"}],\"inLanguage\":\"en-US\"}]}<\/script>\n<!-- \/ Yoast SEO plugin. -->","yoast_head_json":{"title":"Boiler rental - Simoneau Servitech","description":"Avoid a steam interruption. We have one of the largest mobile energy parks in Canada. Delivery at all times in Quebec and the Maritimes. Get a quote rapidly!","robots":{"index":"index","follow":"follow","max-snippet":"max-snippet:-1","max-image-preview":"max-image-preview:large","max-video-preview":"max-video-preview:-1"},"canonical":"https:\/\/www.servitechenergie.com\/en\/boiler-rental\/","og_locale":"en_US","og_type":"article","og_title":"Boiler rental - Simoneau Servitech","og_description":"Avoid a steam interruption. We have one of the largest mobile energy parks in Canada. Delivery at all times in Quebec and the Maritimes. Get a quote rapidly!","og_url":"https:\/\/www.servitechenergie.com\/en\/boiler-rental\/","og_site_name":"Servitech \u00c9nergie","article_modified_time":"2018-04-19T20:28:03+00:00","twitter_card":"summary_large_image","twitter_misc":{"Est. reading time":"4 minutes"},"schema":{"@context":"https:\/\/schema.org","@graph":[{"@type":"WebPage","@id":"https:\/\/www.servitechenergie.com\/en\/boiler-rental\/","url":"https:\/\/www.servitechenergie.com\/en\/boiler-rental\/","name":"Boiler rental - Simoneau Servitech","isPartOf":{"@id":"https:\/\/www.servitechenergie.com\/#website"},"datePublished":"2018-03-28T00:11:20+00:00","dateModified":"2018-04-19T20:28:03+00:00","description":"Avoid a steam interruption. We have one of the largest mobile energy parks in Canada. Delivery at all times in Quebec and the Maritimes. Get a quote rapidly!","breadcrumb":{"@id":"https:\/\/www.servitechenergie.com\/en\/boiler-rental\/#breadcrumb"},"inLanguage":"en-US","potentialAction":[{"@type":"ReadAction","target":["https:\/\/www.servitechenergie.com\/en\/boiler-rental\/"]}]},{"@type":"BreadcrumbList","@id":"https:\/\/www.servitechenergie.com\/en\/boiler-rental\/#breadcrumb","itemListElement":[{"@type":"ListItem","position":1,"name":"Accueil","item":"https:\/\/www.servitechenergie.com\/en\/"},{"@type":"ListItem","position":2,"name":"Boiler rental"}]},{"@type":"WebSite","@id":"https:\/\/www.servitechenergie.com\/#website","url":"https:\/\/www.servitechenergie.com\/","name":"Servitech \u00c9nergie","description":"Pour une performance \u00e9nerg\u00e9tique sans interruption","potentialAction":[{"@type":"SearchAction","target":{"@type":"EntryPoint","urlTemplate":"https:\/\/www.servitechenergie.com\/?s={search_term_string}"},"query-input":"required name=search_term_string"}],"inLanguage":"en-US"}]}},"_links":{"self":[{"href":"https:\/\/www.servitechenergie.com\/en\/wp-json\/wp\/v2\/pages\/1036","targetHints":{"allow":["GET"]}}],"collection":[{"href":"https:\/\/www.servitechenergie.com\/en\/wp-json\/wp\/v2\/pages"}],"about":[{"href":"https:\/\/www.servitechenergie.com\/en\/wp-json\/wp\/v2\/types\/page"}],"author":[{"embeddable":true,"href":"https:\/\/www.servitechenergie.com\/en\/wp-json\/wp\/v2\/users\/1"}],"replies":[{"embeddable":true,"href":"https:\/\/www.servitechenergie.com\/en\/wp-json\/wp\/v2\/comments?post=1036"}],"version-history":[{"count":29,"href":"https:\/\/www.servitechenergie.com\/en\/wp-json\/wp\/v2\/pages\/1036\/revisions"}],"predecessor-version":[{"id":2161,"href":"https:\/\/www.servitechenergie.com\/en\/wp-json\/wp\/v2\/pages\/1036\/revisions\/2161"}],"wp:attachment":[{"href":"https:\/\/www.servitechenergie.com\/en\/wp-json\/wp\/v2\/media?parent=1036"}],"wp:term":[{"taxonomy":"category","embeddable":true,"href":"https:\/\/www.servitechenergie.com\/en\/wp-json\/wp\/v2\/categories?post=1036"},{"taxonomy":"post_tag","embeddable":true,"href":"https:\/\/www.servitechenergie.com\/en\/wp-json\/wp\/v2\/tags?post=1036"}],"curies":[{"name":"wp","href":"https:\/\/api.w.org\/{rel}","templated":true}]}}