{"id":1032,"date":"2018-03-28T00:05:32","date_gmt":"2018-03-28T00:05:32","guid":{"rendered":"https:\/\/www.servitechenergie.com\/?page_id=1032"},"modified":"2019-11-22T01:26:38","modified_gmt":"2019-11-22T01:26:38","slug":"home","status":"publish","type":"page","link":"https:\/\/www.servitechenergie.com\/en\/","title":{"rendered":"Home"},"content":{"rendered":"<div class=\"master-wrapper\"><div id=\"metaslider-id-1070\" style=\"width: 100%;\" class=\"ml-slider-3-70-2 metaslider metaslider-flex metaslider-1070 ml-slider main-slide home ms-theme-default\" role=\"region\" aria-roledescription=\"Slideshow\" aria-label=\"Home\">\n    <div id=\"metaslider_container_1070\">\n        <div id=\"metaslider_1070\">\n            <ul aria-live=\"polite\" class=\"slides\">\n                <li style=\"display: block; width: 100%;\" class=\"slide-1071 ms-image \" aria-roledescription=\"slide\" aria-label=\"slide-1071\"><img loading=\"lazy\" decoding=\"async\" width=\"1920\" height=\"800\" src=\"https:\/\/www.servitechenergie.com\/wp-content\/uploads\/2019\/11\/simoneau-team.jpg\" class=\"slider-1070 slide-1071\" alt=\"Servitech Team\" rel=\"\" title=\"\" srcset=\"https:\/\/www.servitechenergie.com\/wp-content\/uploads\/2019\/11\/simoneau-team.jpg 1920w, https:\/\/www.servitechenergie.com\/wp-content\/uploads\/2019\/11\/simoneau-team-720x300.jpg 720w, https:\/\/www.servitechenergie.com\/wp-content\/uploads\/2019\/11\/simoneau-team-768x320.jpg 768w, https:\/\/www.servitechenergie.com\/wp-content\/uploads\/2019\/11\/simoneau-team-1110x463.jpg 1110w\" sizes=\"auto, (max-width: 1920px) 100vw, 1920px\" \/><div class=\"caption-wrap\"><div class=\"caption\"><div class=\"caption-text\">\n\t<div class=\"container-fluid\">\n\t\t<div class=\"row\">\n\t\t\t<div class=\"col-xl-12\">\n\t\t\t\t<h1>Let us take care of your boiler room<\/h1>\n\t\t\t<\/div>\n\t\t<\/div>\n\t<\/div>\t\n<\/div>\n<p><a href=\"\/en\/contact\" class=\"btn btn-primary cta\">Request a quote<\/a><\/p><\/div><\/div><\/li>\n                <li style=\"display: none; width: 100%;\" class=\"slide-1559 ms-image \" aria-roledescription=\"slide\" aria-label=\"slide-1559\"><img loading=\"lazy\" decoding=\"async\" width=\"1920\" height=\"800\" src=\"https:\/\/www.servitechenergie.com\/wp-content\/uploads\/2023\/04\/SIM-23-226-BannierePrintemps_1920x800.jpg\" class=\"slider-1070 slide-1559\" alt=\"\" rel=\"\" title=\"SIM-23-226-BannierePrintemps_1920x800\" srcset=\"https:\/\/www.servitechenergie.com\/wp-content\/uploads\/2023\/04\/SIM-23-226-BannierePrintemps_1920x800.jpg 1920w, https:\/\/www.servitechenergie.com\/wp-content\/uploads\/2023\/04\/SIM-23-226-BannierePrintemps_1920x800-720x300.jpg 720w, https:\/\/www.servitechenergie.com\/wp-content\/uploads\/2023\/04\/SIM-23-226-BannierePrintemps_1920x800-1110x463.jpg 1110w, https:\/\/www.servitechenergie.com\/wp-content\/uploads\/2023\/04\/SIM-23-226-BannierePrintemps_1920x800-768x320.jpg 768w, https:\/\/www.servitechenergie.com\/wp-content\/uploads\/2023\/04\/SIM-23-226-BannierePrintemps_1920x800-1536x640.jpg 1536w\" sizes=\"auto, (max-width: 1920px) 100vw, 1920px\" \/><div class=\"caption-wrap\"><div class=\"caption\"><div class=\"caption-text\">\n\t<div class=\"container-fluid\">\n\t\t<div class=\"row\">\n\t\t\t<div class=\"col-xl-12\">\n\t\t\t\t<h1>SPRING BOILER MAINTENANCE<\/h1>\n\t\t\t<\/div>\n\t\t\t<div class=\"col-xl-8 mx-auto d-none d-md-block\">\n\t\t\t\t<p>Ensure cost efficiency and maintain equipment longevity<\/p>\n\t\t\t<\/div>\n\t\t<\/div>\n\t<\/div>\t\n<\/div>\n<p><a href=\"\/en\/preventive-maintenance\" class=\"btn btn-primary cta\">Request a quote<\/a><\/p><\/div><\/div><\/li>\n                <li style=\"display: none; width: 100%;\" class=\"slide-1560 ms-image \" aria-roledescription=\"slide\" aria-label=\"slide-1560\"><img loading=\"lazy\" decoding=\"async\" width=\"3840\" height=\"1600\" src=\"https:\/\/www.servitechenergie.com\/wp-content\/uploads\/2019\/11\/Maverick-header-home-2@2x.jpg\" class=\"slider-1070 slide-1560\" alt=\"\" rel=\"\" title=\"Maverick-header-home-2@2x\" srcset=\"https:\/\/www.servitechenergie.com\/wp-content\/uploads\/2019\/11\/Maverick-header-home-2@2x.jpg 3840w, https:\/\/www.servitechenergie.com\/wp-content\/uploads\/2019\/11\/Maverick-header-home-2@2x-720x300.jpg 720w, https:\/\/www.servitechenergie.com\/wp-content\/uploads\/2019\/11\/Maverick-header-home-2@2x-768x320.jpg 768w, https:\/\/www.servitechenergie.com\/wp-content\/uploads\/2019\/11\/Maverick-header-home-2@2x-1110x463.jpg 1110w\" sizes=\"auto, (max-width: 3840px) 100vw, 3840px\" \/><div class=\"caption-wrap\"><div class=\"caption\"><div class=\"caption-text\">\n\t<div class=\"container-fluid\">\n\t\t<div class=\"row\">\n\t\t\t<div class=\"col-xl-12\">\n\t\t\t\t<h1>Industrial boiler manufacturing, refurbishment and repairs<\/h1>\n\t\t\t<\/div>\n\t\t<\/div>\n\t<\/div>\t\n<\/div>\n<p><a href=\"\/en\/contact\" class=\"btn btn-primary cta\">Request a quote<\/a><\/p><\/div><\/div><\/li>\n                <li style=\"display: none; width: 100%;\" class=\"slide-2174 ms-image \" aria-roledescription=\"slide\" aria-label=\"slide-2174\"><img loading=\"lazy\" decoding=\"async\" width=\"1920\" height=\"800\" src=\"https:\/\/www.servitechenergie.com\/wp-content\/uploads\/2023\/04\/SIM-23-226-BanniereMastersofCombustion_1920x800.jpg\" class=\"slider-1070 slide-2174\" alt=\"\" rel=\"\" title=\"SIM-23-226-BanniereMastersofCombustion_1920x800\" srcset=\"https:\/\/www.servitechenergie.com\/wp-content\/uploads\/2023\/04\/SIM-23-226-BanniereMastersofCombustion_1920x800.jpg 1920w, https:\/\/www.servitechenergie.com\/wp-content\/uploads\/2023\/04\/SIM-23-226-BanniereMastersofCombustion_1920x800-720x300.jpg 720w, https:\/\/www.servitechenergie.com\/wp-content\/uploads\/2023\/04\/SIM-23-226-BanniereMastersofCombustion_1920x800-1110x463.jpg 1110w, https:\/\/www.servitechenergie.com\/wp-content\/uploads\/2023\/04\/SIM-23-226-BanniereMastersofCombustion_1920x800-768x320.jpg 768w, https:\/\/www.servitechenergie.com\/wp-content\/uploads\/2023\/04\/SIM-23-226-BanniereMastersofCombustion_1920x800-1536x640.jpg 1536w\" sizes=\"auto, (max-width: 1920px) 100vw, 1920px\" \/><div class=\"caption-wrap\"><div class=\"caption\"><div class=\"caption-text\">\n\t<div class=\"container-fluid\">\n\t\t<div class=\"row\">\n\t\t\t<div class=\"col-xl-12\">\n\t\t\t\t<h1>MASTERS OF COMBUSTION<\/h1>\n\t\t\t<\/div>\n\t\t\t<div class=\"col-xl-8 mx-auto d-none d-md-block\">\n\t\t\t\t<p>Optimise your systems with WEISHAUPT INDUSTRIAL BURNERS! <\/p>\n\t\t\t<\/div>\n\t\t<\/div>\n\t<\/div>\t\n<\/div>\n<p><a href=\"\/en\/burner-technology\" class=\"btn btn-primary cta\">Learn more<\/a><\/p><\/div><\/div><\/li>\n            <\/ul>\n        <\/div>\n        \n    <\/div>\n<\/div>\r\n\r\n<div class=\"container-fluid\">\r\n<div class=\"col-sm-12 text-center subtitle home\">\r\n<h2><span class=\"highlight\">24\/7\u00a0<\/span>Power<\/h2>\r\n<h3>For non-stop energy performance<\/h3>\r\n<\/div>\r\n<\/div>\r\n<div class=\"container-fluid\">\r\n<div class=\"tabs tabs-wrapper\">\r\n<div id=\"prevent\" class=\"tab col-md-2 first active\">Prevent<\/div>\r\n<div id=\"rent\" class=\"tab col-md-2\">Rent<\/div>\r\n<div id=\"repair\" class=\"tab col-md-2\">Repair<\/div>\r\n<div id=\"reengineering\" class=\"tab col-md-2\">Reengineer<\/div>\r\n<div id=\"replace\" class=\"tab col-md-2 last\">Replace<\/div>\r\n<\/div>\r\n<\/div>\r\n<div class=\"main-content-wrapper dark\">\r\n<div class=\"main-content prevent active lang-en\"><!-- PREVENT -->\r\n<div class=\"container-fluid\">\r\n<div class=\"row\">\r\n<div class=\"main-content-text col-md-6 offset-md-1\">\r\n<h2 class=\"tab-title\">Prevent<\/h2>\r\n<hr class=\"separator\" \/>\r\n<div class=\"container-fluid\">\r\n<div class=\"row\">\r\n<div class=\"primary-text col-md-12\">\r\n<p>Have you calculated what the failure of your boiler or boiler room would cost?<\/p>\r\n<\/div>\r\n<div class=\"col-md-12\">\r\n<div class=\"content-table\">\r\n<h4>The costs of risk $$$$<\/h4>\r\n<ul class=\"checks\">\r\n\t<li>Cost of production downtime<\/li>\r\n\t<li>Cost of repairs<\/li>\r\n\t<li>Risk of product quality loss<\/li>\r\n\t<li>Risk of product contamination<\/li>\r\n\t<li>Risk of building dammage<\/li>\r\n\t<li>Risk of compromising worker safety<\/li>\r\n<\/ul>\r\n<\/div>\r\n<div class=\"secondary-text\">\r\n<p>Find out how you can eliminate risk with our<\/p>\r\n<p><a class=\"btn btn-primary cta\" href=\"\/en\/preventive-maintenance\/\">Preventive Maintenance Program<\/a><\/p>\r\n<\/div>\r\n<\/div>\r\n<\/div>\r\n<\/div>\r\n<\/div>\r\n<div class=\"crew col-md-4\"><img decoding=\"async\" src=\"\/wp-content\/uploads\/2018\/02\/marc.png\" \/>\r\n<div id=\"marc\" class=\"crew small-caption\">\r\n<p><span class=\"name\">MARC<\/span>\u00a024\/7 Energy technician<\/p>\r\n<\/div>\r\n<\/div>\r\n<\/div>\r\n<\/div>\r\n<\/div>\r\n<div class=\"main-content rent lang-en\"><!-- RENT -->\r\n<div class=\"container-fluid\">\r\n<div class=\"row\">\r\n<div class=\"main-content-text col-md-6 offset-md-1\">\r\n<h2 class=\"tab-title\">Rent<\/h2>\r\n<hr class=\"separator\" \/>\r\n<div class=\"container-fluid\">\r\n<div class=\"row\">\r\n<div class=\"primary-text col-md-12\">\r\n<p>Need power urgently?<\/p>\r\n<\/div>\r\n<div class=\"secondary-text col-md-12\">\r\n<p>Trust the man who has avoided more than 350 steam interruptions.<\/p>\r\n<p class=\"hyperlink\"><a href=\"https:\/\/www.youtube.com\/watch?v=oW2RzFEVvGA\" target=\"_blank\" rel=\"noopener\">Watch the video &gt;<\/a><\/p>\r\n<\/div>\r\n<div class=\"secondary-text col-md-12\">\r\n<p>Servitech owns the largest fleet of rental boilers in Quebec.<\/p>\r\n<p><a class=\"btn btn-primary cta\" href=\"\/en\/boiler-rental\/\">Rent a boiler<\/a><\/p>\r\n<\/div>\r\n<\/div>\r\n<\/div>\r\n<\/div>\r\n<div class=\"crew col-md-4\"><img decoding=\"async\" src=\"\/wp-content\/uploads\/2018\/02\/denis.png\" \/>\r\n<div id=\"denis\" class=\"crew small-caption\">\r\n<p><span class=\"name\">DENIS<\/span>\u00a024\/7 Energy technician<\/p>\r\n<\/div>\r\n<\/div>\r\n<\/div>\r\n<\/div>\r\n<\/div>\r\n<div class=\"main-content repair lang-en\"><!-- REPAIR -->\r\n<div class=\"container-fluid\">\r\n<div class=\"row\">\r\n<div class=\"main-content-text col-md-6 offset-md-1\">\r\n<h2 class=\"tab-title\">Repair<\/h2>\r\n<hr class=\"separator\" \/>\r\n<div class=\"container-fluid\">\r\n<div class=\"row\">\r\n<div class=\"primary-text col-md-12\">\r\n<p>Boiler failure?<\/p>\r\n<\/div>\r\n<div class=\"secondary-text col-md-12\">\r\n<p>Servitech repairs all types of boilers and boiler room equipment, regardless of brand.<\/p>\r\n<\/div>\r\n<\/div>\r\n<div class=\"row\">\r\n<div class=\"secondary-text col-md-12\">\r\n<div class=\"content-table\">\r\n<ul class=\"checks\">\r\n\t<li>Firetubes<\/li>\r\n\t<li>Industrial watertubes<\/li>\r\n\t<li>Flexible\u00a0watertubes<\/li>\r\n\t<li>Steam generators<\/li>\r\n\t<li>Deaerators<\/li>\r\n\t<li>Condensate tanks<\/li>\r\n\t<li>Blowdown tanks<\/li>\r\n\t<li>Bent boiler tubes &#8211; custom-made<\/li>\r\n<\/ul>\r\n<\/div>\r\n<p><a class=\"btn btn-primary cta\" href=\"\/en\/boiler-work-and-repairs\/#repair\">Repair request<\/a><\/p>\r\n<\/div>\r\n<\/div>\r\n<\/div>\r\n<\/div>\r\n<div class=\"crew col-md-4\"><img decoding=\"async\" src=\"\/wp-content\/uploads\/2018\/02\/vitali.png\" \/>\r\n<div id=\"vitalie\" class=\"crew small-caption\">\r\n<p><span class=\"name\">VITALIE<\/span>\u00a024\/7 Energy technician<\/p>\r\n<\/div>\r\n<\/div>\r\n<\/div>\r\n<\/div>\r\n<\/div>\r\n<div class=\"main-content reengineering lang-en\"><!-- Reengineering -->\r\n<div class=\"container-fluid\">\r\n<div class=\"row\">\r\n<div class=\"main-content-text col-md-6 offset-md-1\">\r\n<h2 class=\"tab-title\">Re-engineering<\/h2>\r\n<hr class=\"separator\" \/>\r\n<div class=\"container-fluid\">\r\n<div class=\"row\">\r\n<div class=\"icons col-md-12\">\r\n<div class=\"controls\">\r\n<p><img loading=\"lazy\" decoding=\"async\" src=\"\/wp-content\/themes\/servitech\/images\/icon-controls-white.png\" alt=\"Controls Icon\" width=\"88\" height=\"88\" \/><\/p>\r\n<p>Contr\u00f4les<\/p>\r\n<\/div>\r\n<div class=\"plus\">\r\n<p>+<\/p>\r\n<\/div>\r\n<div class=\"burner\">\r\n<p><img loading=\"lazy\" decoding=\"async\" src=\"\/wp-content\/themes\/servitech\/images\/icon-burner-white.png\" alt=\"B Icon\" width=\"88\" height=\"88\" \/><\/p>\r\n<p>Br\u00fbleur<\/p>\r\n<\/div>\r\n<\/div>\r\n<\/div>\r\n<div class=\"row\">\r\n<div class=\"primary-text col-md-12\">\r\n<p>Save thousands of dollars per year in fuel and operating costs.<\/p>\r\n<\/div>\r\n<div class=\"secondary-text col-md-12\">\r\n<p>Had enough of unplanned shutdowns? Partner with us for peace of mind.\u00a0<\/p>\r\n<p><a class=\"btn btn-primary cta\" href=\"\/en\/boiler-work-and-repairs\/#reengineering\">Find out how<\/a><\/p>\r\n<\/div>\r\n<\/div>\r\n<\/div>\r\n<\/div>\r\n<div class=\"crew col-md-4\"><img decoding=\"async\" src=\"\/wp-content\/uploads\/2018\/02\/wissem.png\" \/>\r\n<div id=\"wissem\" class=\"crew small-caption\">\r\n<p><span class=\"name\">WISSEM<\/span>\u00a024\/7 Energy technician<\/p>\r\n<\/div>\r\n<\/div>\r\n<\/div>\r\n<\/div>\r\n<\/div>\r\n<div class=\"main-content replace lang-en\"><!-- REPLACE -->\r\n<div class=\"container-fluid\">\r\n<div class=\"row\">\r\n<div class=\"main-content-text col-md-6 offset-md-1\">\r\n<h2 class=\"tab-title\">Replace<\/h2>\r\n<hr class=\"separator\" \/>\r\n<div class=\"container-fluid\">\r\n<div class=\"row\">\r\n<div class=\"primary-text col-md-12\">\r\n<p>Looking to replace your boiler ? Or just replace an element of your boiler room?\u00a0\u00a0<\/p>\r\n<\/div>\r\n<div class=\"secondary-text col-md-12\">\r\n<p>Affiliated to Simoneau, Servitech sells and installs the most robust boilers on the market.<\/p>\r\n<\/div>\r\n<div class=\"secondary-text col-md-12\">\r\n<div class=\"content-table\">\r\n<ul class=\"checks\">\r\n\t<li>Steam boilers<\/li>\r\n\t<li>Hot water boilers<\/li>\r\n\t<li>Thermal fluid boilers<\/li>\r\n\t<li>Biomass boilers<\/li>\r\n<\/ul>\r\n<\/div>\r\n<p><a class=\"btn btn-primary cta\" href=\"\/en\/parts-equipments\/parts\">Parts and equipment<\/a><\/p>\r\n<\/div>\r\n<\/div>\r\n<\/div>\r\n<\/div>\r\n<div class=\"crew col-md-4\"><img decoding=\"async\" src=\"\/wp-content\/uploads\/2018\/02\/manuel.png\" \/>\r\n<div id=\"manuel\" class=\"crew small-caption\">\r\n<p><span class=\"name\">MANUEL<\/span>\u00a024\/7 Energy technician<\/p>\r\n<\/div>\r\n<\/div>\r\n<\/div>\r\n<\/div>\r\n<\/div>\r\n<div class=\"container-fluid\">\r\n<div class=\"row\">\r\n<div class=\"nav-dots col-xs-3 mx-auto\">\u00a0<\/div>\r\n<\/div>\r\n<\/div>\r\n<\/div>\r\n<\/div>\r\n\t<div class=\"parallax-banner\">\r\n\t\t<div class=\"container content\">\r\n\t\t\t<div class=\"container-fluid\">\r\n\t\t\t\t<div class=\"row\">\r\n\t\t\t\t\t<div class=\"col-md-12 caption\">\r\n\t\t\t\t\t\t<h2><span class=\"highlight\">24\/7<\/span> Power<\/h2>\r\n\t\t\t\t\t\t<h3>Boiler rental, maintenance and repairs. Anywhere in Quebec and Maritimes. Anytime.<\/h3>\r\n\t\t\t\t\t\t<a class=\"phone\" href=\"tel:+18449012407\" data-phone-number=\"\">1 844 901-2407<\/a> \r\n\t\t\t\t\t<\/div>\r\n\t\t\t\t<\/div>\r\n\t\t\t<\/div>\r\n\t\t<\/div>\r\n\t\t<div class=\"bg\" style=\"background-image: url(\/wp-content\/themes\/servitech\/images\/contact-bg.jpg)\">\r\n\t\t\t<video src=\"\/wp-content\/themes\/servitech\/videos\/loop-site-camion.mp4\" autoplay=\"\" loop=\"\" playsinline=\"\"><\/video>\r\n\t\t<\/div>\r\n\t<\/div>\r\n\t","protected":false},"excerpt":{"rendered":"24\/7\u00a0Power For non-stop energy performance Prevent Rent Repair Reengineer Replace Prevent Have you calculated what the failure of your boiler or boiler room would cost? The costs of risk $$$$ Cost of production downtime Cost of repairs Risk of product quality loss Risk of product contamination Risk of building dammage Risk of compromising worker safety [&hellip;]","protected":false},"author":1,"featured_media":0,"parent":0,"menu_order":0,"comment_status":"closed","ping_status":"closed","template":"home.php","meta":{"footnotes":""},"categories":[],"tags":[],"class_list":["post-1032","page","type-page","status-publish","hentry"],"yoast_head":"<!-- This site is optimized with the Yoast SEO plugin v22.6 - https:\/\/yoast.com\/wordpress\/plugins\/seo\/ -->\n<title>Simoneau Servitech - Boiler rental and maintenance<\/title>\n<meta name=\"description\" content=\"Simoneau Servitech is your expert in the energy performance of industrial, commercial and institutional boilers. 24\/7 service throughout Quebec and the Maritimes.\" \/>\n<meta name=\"robots\" content=\"index, follow, max-snippet:-1, max-image-preview:large, max-video-preview:-1\" \/>\n<link rel=\"canonical\" href=\"https:\/\/www.servitechenergie.com\/en\/\" \/>\n<meta property=\"og:locale\" content=\"en_US\" \/>\n<meta property=\"og:type\" content=\"article\" \/>\n<meta property=\"og:title\" content=\"Simoneau Servitech - Boiler rental and maintenance\" \/>\n<meta property=\"og:description\" content=\"Simoneau Servitech is your expert in the energy performance of industrial, commercial and institutional boilers. 24\/7 service throughout Quebec and the Maritimes.\" \/>\n<meta property=\"og:url\" content=\"https:\/\/www.servitechenergie.com\/en\/\" \/>\n<meta property=\"og:site_name\" content=\"Servitech \u00c9nergie\" \/>\n<meta property=\"article:modified_time\" content=\"2019-11-22T01:26:38+00:00\" \/>\n<meta name=\"twitter:card\" content=\"summary_large_image\" \/>\n<meta name=\"twitter:label1\" content=\"Est. reading time\" \/>\n\t<meta name=\"twitter:data1\" content=\"1 minute\" \/>\n<script type=\"application\/ld+json\" class=\"yoast-schema-graph\">{\"@context\":\"https:\/\/schema.org\",\"@graph\":[{\"@type\":\"WebPage\",\"@id\":\"https:\/\/www.servitechenergie.com\/en\/\",\"url\":\"https:\/\/www.servitechenergie.com\/en\/\",\"name\":\"Simoneau Servitech - Boiler rental and maintenance\",\"isPartOf\":{\"@id\":\"https:\/\/www.servitechenergie.com\/#website\"},\"datePublished\":\"2018-03-28T00:05:32+00:00\",\"dateModified\":\"2019-11-22T01:26:38+00:00\",\"description\":\"Simoneau Servitech is your expert in the energy performance of industrial, commercial and institutional boilers. 24\/7 service throughout Quebec and the Maritimes.\",\"breadcrumb\":{\"@id\":\"https:\/\/www.servitechenergie.com\/en\/#breadcrumb\"},\"inLanguage\":\"en-US\",\"potentialAction\":[{\"@type\":\"ReadAction\",\"target\":[\"https:\/\/www.servitechenergie.com\/en\/\"]}]},{\"@type\":\"BreadcrumbList\",\"@id\":\"https:\/\/www.servitechenergie.com\/en\/#breadcrumb\",\"itemListElement\":[{\"@type\":\"ListItem\",\"position\":1,\"name\":\"Accueil\",\"item\":\"https:\/\/www.servitechenergie.com\/en\/\"},{\"@type\":\"ListItem\",\"position\":2,\"name\":\"Home\"}]},{\"@type\":\"WebSite\",\"@id\":\"https:\/\/www.servitechenergie.com\/#website\",\"url\":\"https:\/\/www.servitechenergie.com\/\",\"name\":\"Servitech \u00c9nergie\",\"description\":\"Pour une performance \u00e9nerg\u00e9tique sans interruption\",\"potentialAction\":[{\"@type\":\"SearchAction\",\"target\":{\"@type\":\"EntryPoint\",\"urlTemplate\":\"https:\/\/www.servitechenergie.com\/?s={search_term_string}\"},\"query-input\":\"required name=search_term_string\"}],\"inLanguage\":\"en-US\"}]}<\/script>\n<!-- \/ Yoast SEO plugin. -->","yoast_head_json":{"title":"Simoneau Servitech - Boiler rental and maintenance","description":"Simoneau Servitech is your expert in the energy performance of industrial, commercial and institutional boilers. 24\/7 service throughout Quebec and the Maritimes.","robots":{"index":"index","follow":"follow","max-snippet":"max-snippet:-1","max-image-preview":"max-image-preview:large","max-video-preview":"max-video-preview:-1"},"canonical":"https:\/\/www.servitechenergie.com\/en\/","og_locale":"en_US","og_type":"article","og_title":"Simoneau Servitech - Boiler rental and maintenance","og_description":"Simoneau Servitech is your expert in the energy performance of industrial, commercial and institutional boilers. 24\/7 service throughout Quebec and the Maritimes.","og_url":"https:\/\/www.servitechenergie.com\/en\/","og_site_name":"Servitech \u00c9nergie","article_modified_time":"2019-11-22T01:26:38+00:00","twitter_card":"summary_large_image","twitter_misc":{"Est. reading time":"1 minute"},"schema":{"@context":"https:\/\/schema.org","@graph":[{"@type":"WebPage","@id":"https:\/\/www.servitechenergie.com\/en\/","url":"https:\/\/www.servitechenergie.com\/en\/","name":"Simoneau Servitech - Boiler rental and maintenance","isPartOf":{"@id":"https:\/\/www.servitechenergie.com\/#website"},"datePublished":"2018-03-28T00:05:32+00:00","dateModified":"2019-11-22T01:26:38+00:00","description":"Simoneau Servitech is your expert in the energy performance of industrial, commercial and institutional boilers. 24\/7 service throughout Quebec and the Maritimes.","breadcrumb":{"@id":"https:\/\/www.servitechenergie.com\/en\/#breadcrumb"},"inLanguage":"en-US","potentialAction":[{"@type":"ReadAction","target":["https:\/\/www.servitechenergie.com\/en\/"]}]},{"@type":"BreadcrumbList","@id":"https:\/\/www.servitechenergie.com\/en\/#breadcrumb","itemListElement":[{"@type":"ListItem","position":1,"name":"Accueil","item":"https:\/\/www.servitechenergie.com\/en\/"},{"@type":"ListItem","position":2,"name":"Home"}]},{"@type":"WebSite","@id":"https:\/\/www.servitechenergie.com\/#website","url":"https:\/\/www.servitechenergie.com\/","name":"Servitech \u00c9nergie","description":"Pour une performance \u00e9nerg\u00e9tique sans interruption","potentialAction":[{"@type":"SearchAction","target":{"@type":"EntryPoint","urlTemplate":"https:\/\/www.servitechenergie.com\/?s={search_term_string}"},"query-input":"required name=search_term_string"}],"inLanguage":"en-US"}]}},"_links":{"self":[{"href":"https:\/\/www.servitechenergie.com\/en\/wp-json\/wp\/v2\/pages\/1032","targetHints":{"allow":["GET"]}}],"collection":[{"href":"https:\/\/www.servitechenergie.com\/en\/wp-json\/wp\/v2\/pages"}],"about":[{"href":"https:\/\/www.servitechenergie.com\/en\/wp-json\/wp\/v2\/types\/page"}],"author":[{"embeddable":true,"href":"https:\/\/www.servitechenergie.com\/en\/wp-json\/wp\/v2\/users\/1"}],"replies":[{"embeddable":true,"href":"https:\/\/www.servitechenergie.com\/en\/wp-json\/wp\/v2\/comments?post=1032"}],"version-history":[{"count":18,"href":"https:\/\/www.servitechenergie.com\/en\/wp-json\/wp\/v2\/pages\/1032\/revisions"}],"predecessor-version":[{"id":2112,"href":"https:\/\/www.servitechenergie.com\/en\/wp-json\/wp\/v2\/pages\/1032\/revisions\/2112"}],"wp:attachment":[{"href":"https:\/\/www.servitechenergie.com\/en\/wp-json\/wp\/v2\/media?parent=1032"}],"wp:term":[{"taxonomy":"category","embeddable":true,"href":"https:\/\/www.servitechenergie.com\/en\/wp-json\/wp\/v2\/categories?post=1032"},{"taxonomy":"post_tag","embeddable":true,"href":"https:\/\/www.servitechenergie.com\/en\/wp-json\/wp\/v2\/tags?post=1032"}],"curies":[{"name":"wp","href":"https:\/\/api.w.org\/{rel}","templated":true}]}}